{"id":245,"date":"2014-03-27T23:38:14","date_gmt":"2014-03-28T03:38:14","guid":{"rendered":"http:\/\/dreamonme.com\/vt1\/?page_id=245"},"modified":"2025-12-03T03:57:39","modified_gmt":"2025-12-03T08:57:39","slug":"safety","status":"publish","type":"page","link":"https:\/\/www.dreamonme.ca\/fr\/customercare\/safety\/","title":{"rendered":"S\u00e9curit\u00e9 et qualit\u00e9"},"content":{"rendered":"<div  class=\"row\" ><div class=\"wpb_column columns vc_column_container medium-12 small-12\">\n\t<div class=\"wpb_raw_code wpb_content_element wpb_raw_html\" >\n\t\t<div class=\"wpb_wrapper\">\n\t\t\t<style>\t\n  div[role=\"main\"] .row.w-100 {\n      max-width:100% !important;\n  }\n\nul.li-disc li {\n    list-style-type: none; \/* Remove default bullets *\/\n    position: relative;\n    padding-left:25px;\n    color:#272525;\n    margin-bottom:10px;\n}\nul.li-disc li::before {\n    content: \"\u2022\"; \/* Unicode bullet character *\/\n    font-size: 1.2em; \/* Increase bullet size *\/\n    line-height:20px;\n    position: absolute;\n    left: 0px;\n}\n.wpb_text_column.wpb_content_element p {\nfont-size:16px;\n}\n  h3.page-title {\n      font-family: \"Oswald\", serif !important;\n      padding: 1.5vw 0vw;\n      margin-bottom: 2vw !important;\n      border-bottom: 1px solid #9AC5D6 !important;\n  }\n\n@media(min-width:1200px){\n  div[role=\"main\"] {\n      padding:0px !important;\n  }\n.wpb_text_column.wpb_content_element p,\n.wpb_text_column.wpb_content_element li {\n    margin-bottom:15px;\nfont-size:16px;\n}\n}  \n@media (max-width:640px){\n.star-anim{\n    top:10vw\n}\n.circle-anim {\n    top:15vw \n}\n}\n<\/style>\n  \n\t\t<\/div>\n\t<\/div>\n<\/div><\/div><div  class=\"row\" ><div class=\"wpb_column columns vc_column_container medium-12 small-12\">\n\t<div class=\"wpb_text_column wpb_content_element\" >\n\t\t<div class=\"wpb_wrapper\">\n\t\t\t<h3 class=\"page-title\">S\u00e9curit\u00e9 et qualit\u00e9<\/h3>\n\n\t\t<\/div>\n\t<\/div>\n\n\t<div class=\"wpb_text_column wpb_content_element\" >\n\t\t<div class=\"wpb_wrapper\">\n\t\t\t<p>Chez DOM Family, fournir \u00e0 nos clients et \u00e0 leurs familles les meubles de chambre d'enfant les plus s\u00e9curitaires, fabriqu\u00e9s \u00e0 partir de mat\u00e9riaux de la meilleure qualit\u00e9, est notre priorit\u00e9 num\u00e9ro un. Nous nous engageons \u00e0 respecter toutes les normes et r\u00e9glementations de s\u00e9curit\u00e9 nationales et f\u00e9d\u00e9rales. Tous nos berceaux et lits pour tout-petits sont certifi\u00e9s JPMA et respectent ou d\u00e9passent les normes CPSC.<\/p>\n\n\t\t<\/div>\n\t<\/div>\n<\/div><\/div><div  class=\"row  w-100\" ><div class=\"wpb_column columns vc_column_container medium-12 small-12 vc_custom_1738318698122\"><img loading=\"lazy\" decoding=\"async\" width=\"2560\" height=\"1081\" src=\"https:\/\/www.dreamonme.ca\/wp-content\/uploads\/Top-banner-Safety-Quality-1.png\" class=\"center  attachment-full\" alt=\"\" srcset=\"https:\/\/www.dreamonme.ca\/wp-content\/uploads\/Top-banner-Safety-Quality-1.png 2560w, https:\/\/www.dreamonme.ca\/wp-content\/uploads\/Top-banner-Safety-Quality-1-1200x507.png 1200w, https:\/\/www.dreamonme.ca\/wp-content\/uploads\/Top-banner-Safety-Quality-1-300x127.png 300w, https:\/\/www.dreamonme.ca\/wp-content\/uploads\/Top-banner-Safety-Quality-1-1024x432.png 1024w, https:\/\/www.dreamonme.ca\/wp-content\/uploads\/Top-banner-Safety-Quality-1-200x84.png 200w, https:\/\/www.dreamonme.ca\/wp-content\/uploads\/Top-banner-Safety-Quality-1-768x324.png 768w, https:\/\/www.dreamonme.ca\/wp-content\/uploads\/Top-banner-Safety-Quality-1-1536x649.png 1536w, https:\/\/www.dreamonme.ca\/wp-content\/uploads\/Top-banner-Safety-Quality-1-2048x865.png 2048w, https:\/\/www.dreamonme.ca\/wp-content\/uploads\/Top-banner-Safety-Quality-1-18x8.png 18w\" sizes=\"auto, (max-width: 2560px) 100vw, 2560px\" \/><\/div><\/div><div  class=\"row\" ><div class=\"wpb_column columns vc_column_container medium-12 small-12 vc_custom_1738845060963\">\n\t<div class=\"wpb_text_column wpb_content_element\" >\n\t\t<div class=\"wpb_wrapper\">\n\t\t\t<h3 class=\"mb-4\">Entretien et entreposage appropri\u00e9s des berceaux<\/h3>\n<p>Avec des soins appropri\u00e9s, les berceaux sont con\u00e7us pour durer de nombreuses ann\u00e9es. Pour maintenir leur s\u00e9curit\u00e9 pour une utilisation actuelle et future, suivez ces lignes directrices\u00a0:<\/p>\n<ul class=\"li-disc\">\n<li>Lorsque vous rangez votre berceau pour une utilisation ult\u00e9rieure, gardez les instructions de montage avec lui. De nombreux fabricants fixent les instructions sur la plateforme du matelas pour un acc\u00e8s facile lors du remontage. Si les instructions sont perdues, contactez Dream On Me au 732-752-7220.<\/li>\n<li>Rangez toutes les pi\u00e8ces du berceau ensemble et \u00e9tiquetez-les pour assurer un remontage en douceur.<\/li>\n<li>Pour les r\u00e9parations, utilisez seulement du mat\u00e9riel approuv\u00e9 par le fabricant. Ne jamais remplacer ni modifier les pi\u00e8ces.<\/li>\n<\/ul>\n\n\t\t<\/div>\n\t<\/div>\n<\/div><\/div><div  class=\"row  w-100\" ><div class=\"wpb_column columns vc_column_container medium-12 small-12 vc_custom_1738845060963\">\n\t<div class=\"wpb_raw_code wpb_content_element wpb_raw_html\" >\n\t\t<div class=\"wpb_wrapper\">\n\t\t\t<div class=\"mooving-elements\">\n<img decoding=\"async\" class=\"sm:sr-only not-sr-only\" src=\"https:\/\/dreamonme.com\/vt1\/wp-content\/uploads\/BSA-MOB.jpg\" width=\"100%\">\n      <img decoding=\"async\" class=\"sm:not-sr-only sr-only\" src=\"https:\/\/dreamonme.com\/vt1\/wp-content\/uploads\/BSA-DSK.jpg\" width=\"100%\">\n      <div class=\"baloon\">\n        <img decoding=\"async\" src=\"https:\/\/dreamonme.com\/vt1\/wp-content\/uploads\/ggg-2022-gift.png\" width=\"80%\" style=\"opacity:0\">\n        <\/div>\n        <div class=\"circle-anim\">\n        <img decoding=\"async\" src=\"https:\/\/dreamonme.com\/vt1\/wp-content\/uploads\/Circle-Dream-on-me.png\" width=\"80%\">\n        <\/div>\n        \n        <div class=\"star-anim\">\n        <img decoding=\"async\" src=\"https:\/\/dreamonme.com\/vt1\/wp-content\/uploads\/Star-Dream-on-me.png\" width=\"80%\">\n        <\/div>\n    <\/div>\n\t\t<\/div>\n\t<\/div>\n<\/div><\/div><div  class=\"row\" ><div class=\"wpb_column columns vc_column_container medium-12 small-12 vc_custom_1738919699142\">\n\t<div class=\"wpb_text_column wpb_content_element\" >\n\t\t<div class=\"wpb_wrapper\">\n\t\t\t<h3 class=\"mb-4\">Durabilit\u00e9 du berceau<\/h3>\n<p>Pour un berceau s\u00e9curitaire et durable, suivez ces directives\u00a0:<\/p>\n<ul class=\"li-disc\">\n<li>Utilisez toujours un berceau conforme aux normes f\u00e9d\u00e9rales et ASTM en vigueur. Les lits b\u00e9b\u00e9 \u00e0 c\u00f4t\u00e9s abaissables, interdits en 2011, ne sont pas conformes \u00e0 cette r\u00e9glementation.<\/li>\n<li>Assemblez le berceau avant l\u2019arriv\u00e9e du b\u00e9b\u00e9 pour vous assurer que toutes les pi\u00e8ces sont pr\u00e9sentes et bien install\u00e9es.<\/li>\n<li>Lisez attentivement et suivez toutes les instructions. Si quelque chose n'est pas clair ou manque, contactez le fabricant ou le revendeur chez Dream On Me (732-752-7220). N'utilisez jamais de mat\u00e9riel de fortune ou de substitution.<\/li>\n<li>Lors du d\u00e9montage pour l'entreposage, gardez toutes les pi\u00e8ces et les instructions ensemble dans un sac \u00e9tiquet\u00e9 attach\u00e9 au berceau. V\u00e9rifiez toutes les pi\u00e8ces avant le remontage.<\/li>\n<li>Enregistrez votre berceau pour recevoir des notifications de rappel. Consultez le site Web de la Commission am\u00e9ricaine de s\u00e9curit\u00e9 des produits de consommation pour toute mise \u00e0 jour de s\u00e9curit\u00e9.<\/li>\n<li>Inspectez r\u00e9guli\u00e8rement le berceau pour d\u00e9celer les vis desserr\u00e9es, le mat\u00e9riel manquant ou tout autre probl\u00e8me. Dream On Me recommande de le faire lors du changement des draps.<\/li>\n<\/ul>\n\n\t\t<\/div>\n\t<\/div>\n<\/div><\/div><div  class=\"row  w-100\" ><div class=\"wpb_column columns vc_column_container medium-12 small-12 vc_custom_1738845060963\">\n\t<div class=\"wpb_raw_code wpb_content_element wpb_raw_html\" >\n\t\t<div class=\"wpb_wrapper\">\n\t\t\t    <div class=\"mooving-elements top-seller\">\n\n<img decoding=\"async\" class=\"sm:sr-only not-sr-only\" src=\"https:\/\/dreamonme.com\/vt1\/wp-content\/uploads\/Mobile-ASTM.png\" width=\"100%\">\n      <img decoding=\"async\" class=\"sm:not-sr-only sr-only\" src=\"https:\/\/dreamonme.com\/vt1\/wp-content\/uploads\/ASTM-1.png\" width=\"100%\">\n\t\t<div class=\"baloon\">\n\t\t\t<img decoding=\"async\" src=\"https:\/\/dreamonme.com\/vt1\/wp-content\/uploads\/ggg-2022-gift.png\" width=\"80%\" style=\"opacity:0\">\n\t\t  <\/div>\n\t\t  <div class=\"circle-anim\">\n\t\t\t<img decoding=\"async\" src=\"https:\/\/dreamonme.com\/vt1\/wp-content\/uploads\/Circle-Dream-on-me.png\" width=\"80%\">\n\t\t  <\/div>\n\t\t  \n\t\t  <div class=\"star-anim\">\n\t\t\t<img decoding=\"async\" src=\"https:\/\/dreamonme.com\/vt1\/wp-content\/uploads\/Star-Dream-on-me.png\" width=\"80%\">\n\t\t  <\/div>\n\t<\/div>\n\t\t<\/div>\n\t<\/div>\n<\/div><\/div><div  class=\"row\" ><div class=\"wpb_column columns vc_column_container medium-12 small-12 vc_custom_1738919699142\">\n\t<div class=\"wpb_text_column wpb_content_element\" >\n\t\t<div class=\"wpb_wrapper\">\n\t\t\t<h3 class=\"mb-4\">Conseils pour l'achat d'un lit de b\u00e9b\u00e9 pleine grandeur<\/h3>\n<ul class=\"li-disc\">\n<li>Taille appropri\u00e9e du matelas : Le matelas doit mesurer au moins 27 1\/4 po x 51 5\/8 po et ne pas d\u00e9passer 6 po d\u2019\u00e9paisseur. Lorsqu'il est pouss\u00e9 dans un coin, l'espace entre le matelas et les c\u00f4t\u00e9s du berceau ne doit pas d\u00e9passer 1-3\/16 pouces.<\/li>\n<li>Espacement s\u00e9curitaire des barreaux : les barreaux du lit ne doivent pas \u00eatre espac\u00e9s de plus de 2 3\/8 pouces (environ la largeur d\u2019une canette de soda) pour \u00e9viter que la t\u00eate du b\u00e9b\u00e9 ne glisse \u00e0 travers ou ne se coince.<\/li>\n<li>S\u00e9curit\u00e9 des poteaux d'angle : les poteaux d'angle ne doivent pas \u00eatre plus hauts que 1\/16 de pouce, \u00e0 moins qu'ils ne mesurent plus de 16 pouces pour supporter un auvent. Les poteaux plus hauts peuvent pr\u00e9senter un risque d'accrochage des v\u00eatements, ce qui peut entra\u00eener des blessures ou un \u00e9touffement.<\/li>\n<li>Hauteur du matelas ajustable : la plupart des berceaux permettent de r\u00e9gler la hauteur du matelas. Abaissez le matelas lorsque votre enfant commence \u00e0 s'asseoir et ajustez-le davantage lorsqu'il commence \u00e0 se relever et \u00e0 se tenir debout pour \u00e9viter de grimper ou de tomber.<\/li>\n<\/ul>\n\n\t\t<\/div>\n\t<\/div>\n<\/div><\/div><div  class=\"row  w-100\" ><div class=\"wpb_column columns vc_column_container medium-12 small-12 vc_custom_1738845060963\">\n\t<div class=\"wpb_raw_code wpb_content_element wpb_raw_html\" >\n\t\t<div class=\"wpb_wrapper\">\n\t\t\t<div class=\"mooving-elements\">\n<img decoding=\"async\" class=\"sm:sr-only not-sr-only\" src=\"https:\/\/dreamonme.com\/vt1\/wp-content\/uploads\/Mobile-GG.png\" width=\"100%\">\n      <img decoding=\"async\" class=\"sm:not-sr-only sr-only\" src=\"https:\/\/dreamonme.com\/vt1\/wp-content\/uploads\/GG-1.png\" width=\"100%\">\n      <div class=\"baloon\">\n        <img decoding=\"async\" src=\"https:\/\/dreamonme.com\/vt1\/wp-content\/uploads\/ggg-2022-gift.png\" width=\"80%\" style=\"opacity:0\">\n        <\/div>\n        <div class=\"circle-anim\">\n        <img decoding=\"async\" src=\"https:\/\/dreamonme.com\/vt1\/wp-content\/uploads\/Circle-Dream-on-me.png\" width=\"80%\">\n        <\/div>\n        \n        <div class=\"star-anim\">\n        <img decoding=\"async\" src=\"https:\/\/dreamonme.com\/vt1\/wp-content\/uploads\/Star-Dream-on-me.png\" width=\"80%\">\n        <\/div>\n    <\/div>\n\t\t<\/div>\n\t<\/div>\n<\/div><\/div>","protected":false},"excerpt":{"rendered":"Safety and Quality At the DOM Family, providing our customers and their families with the safest nursery furniture built from the best quality materials is our No.1 priority. We are committed to adhering to all state and federal safety standards and regulations. All of our cribs and toddlers beds are JPMA certified and meet or [...]","protected":false},"author":1,"featured_media":0,"parent":4288,"menu_order":0,"comment_status":"closed","ping_status":"closed","template":"","meta":{"footnotes":""},"class_list":["post-245","page","type-page","status-publish","hentry"],"_links":{"self":[{"href":"https:\/\/www.dreamonme.ca\/fr\/wp-json\/wp\/v2\/pages\/245","targetHints":{"allow":["GET"]}}],"collection":[{"href":"https:\/\/www.dreamonme.ca\/fr\/wp-json\/wp\/v2\/pages"}],"about":[{"href":"https:\/\/www.dreamonme.ca\/fr\/wp-json\/wp\/v2\/types\/page"}],"author":[{"embeddable":true,"href":"https:\/\/www.dreamonme.ca\/fr\/wp-json\/wp\/v2\/users\/1"}],"replies":[{"embeddable":true,"href":"https:\/\/www.dreamonme.ca\/fr\/wp-json\/wp\/v2\/comments?post=245"}],"version-history":[{"count":10,"href":"https:\/\/www.dreamonme.ca\/fr\/wp-json\/wp\/v2\/pages\/245\/revisions"}],"predecessor-version":[{"id":46927,"href":"https:\/\/www.dreamonme.ca\/fr\/wp-json\/wp\/v2\/pages\/245\/revisions\/46927"}],"up":[{"embeddable":true,"href":"https:\/\/www.dreamonme.ca\/fr\/wp-json\/wp\/v2\/pages\/4288"}],"wp:attachment":[{"href":"https:\/\/www.dreamonme.ca\/fr\/wp-json\/wp\/v2\/media?parent=245"}],"curies":[{"name":"wp","href":"https:\/\/api.w.org\/{rel}","templated":true}]}}