{"id":33556,"date":"2023-11-21T07:11:05","date_gmt":"2023-11-21T12:11:05","guid":{"rendered":"https:\/\/dreamonme.com\/?page_id=33556"},"modified":"2025-04-29T06:03:01","modified_gmt":"2025-04-29T10:03:01","slug":"fisher-price-by-dream-on-me","status":"publish","type":"page","link":"https:\/\/www.dreamonme.ca\/fr\/fisher-price-by-dream-on-me\/","title":{"rendered":"Fisher-Price by Dream On Me"},"content":{"rendered":"<div  class=\"row\" ><div class=\"wpb_column columns vc_column_container medium-12 small-12\">\n\t<div class=\"wpb_raw_code wpb_content_element wpb_raw_html\" >\n\t\t<div class=\"wpb_wrapper\">\n\t\t\t<div class=\"fp-main\">\n    <img decoding=\"async\" class=\"for-pc\" src=\"https:\/\/dreamonme.ca\/wp-content\/uploads\/Fisher-Price-Banner-DSK.jpg\" width=\"100%\">\n    <img decoding=\"async\" class=\"for-mob\" src=\"https:\/\/dreamonme.ca\/wp-content\/uploads\/Fisher-Price-Banner-MOB.jpg\" width=\"100%\">\n    <h1>UNE COLLECTION MODERNE POUR LA FAMILLE CONTEMPORAINE.<\/h1>\n    <p>Des exp\u00e9riences qui permettent aux petits explorateurs de grandir et de jouer dans leurs espaces de confort.<\/p>\n    <p>Que votre enfant r\u00eave de nouvelles aventures ou se d\u00e9tende simplement \u00e0 son endroit pr\u00e9f\u00e9r\u00e9, cette collection leur offre un environnement accueillant et s\u00e9curitaire dans lequel ils peuvent s'\u00e9panouir.<\/p>\n    <!-- 5-in-1 Crib -->\n    <h2 class=\"collection-title\">Lit de b\u00e9b\u00e9 convertible 5 en 1<\/h2>\n    <div class=\"fp-row\">\n        <div class=\"col-50\">\n            <div class=\"product-content\">\n                <img decoding=\"async\" src=\"https:\/\/dreamonme.ca\/wp-content\/uploads\/Jenny-crib-fr.jpg\" alt=\"Jenny 5 in 1 Convertible Crib\">\n                <a target=\"_blank\" href=\"https:\/\/www.dreamonme.ca\/fr\/products\/cribs\/full-size-cribs\/fisher-price-jenny-5-in-1-convertible-crib-with-storage-drawer\/\"><\/a>\n            <\/div>\n        <\/div>\n        <div class=\"col-50\">\n            <div class=\"product-content\">\n                <img decoding=\"async\" src=\"https:\/\/dreamonme.ca\/wp-content\/uploads\/Miles-crib-fr.jpg\" alt=\"Miles 5 in 1 Convertible Crib\">\n                <a target=\"_blank\" href=\"https:\/\/www.dreamonme.ca\/fr\/products\/cribs\/full-size-cribs\/fisher-price-miles-5-in-1-convertible-crib\/\"><\/a>\n            <\/div>\n        <\/div>\n    <\/div>\n    <!-- Siesta -->\n    <h2 class=\"collection-title\">Siesta Collection<\/h2>\n    <div class=\"fp-row\">\n        <div class=\"col-50\">\n            <div class=\"product-content\">\n            <img decoding=\"async\" src=\"https:\/\/dreamonme.ca\/wp-content\/uploads\/fp-product-06-fr.jpg\" alt=\"3 in 1 Convertible Crib\">\n            <a target=\"_blank\" href=\"https:\/\/www.dreamonme.ca\/fr\/products\/cribs\/full-size-cribs\/fisher-price-siesta-3-in-1-convertible-crib\/\"><\/a>\n            <\/div>\n        <\/div>\n        <div class=\"col-50\">\n            <div class=\"product-content\">\n            <img decoding=\"async\" src=\"https:\/\/dreamonme.ca\/wp-content\/uploads\/fp-product-07-fr.jpg\" alt=\"Changing Table\">\n            <a target=\"_blank\" href=\"https:\/\/www.dreamonme.ca\/fr\/products\/furniture\/changing-tables\/fisher-price-iris-siesta-changing-table\/\"><\/a>\n            <\/div>\n        <\/div>\n    <\/div>  \n    <!-- Step Stool and Playard -->\n    <div class=\"fp-row\">\n        <div class=\"col-50\">\n            <h2 class=\"collection-title\">Funtastic<\/h2>\n            <div class=\"product-content\">\n                <img decoding=\"async\" src=\"https:\/\/dreamonme.ca\/wp-content\/uploads\/fp-product-10-1-fr.jpg\" alt=\"Step Stool\">\n                <a target=\"_blank\" href=\"https:\/\/www.dreamonme.ca\/fr\/products\/furniture\/step-stools\/fisher-price-funtastic-2-in-1-tower-and-step-stool\/\"><\/a>\n            <\/div>\n        <\/div>\n        <div class=\"col-50\">      \n            <h2 class=\"collection-title\">Play All Day<\/h2>\n            <div class=\"product-content\">\n                <img decoding=\"async\" src=\"https:\/\/dreamonme.ca\/wp-content\/uploads\/fp-product-08-1-fr.jpg\" alt=\"Playard\">\n                <a target=\"_blank\" href=\"https:\/\/www.dreamonme.ca\/fr\/products\/baby-gears\/playpens-playards\/fisher-price-play-all-day-playard\/\"><\/a>\n            <\/div>\n        <\/div>\n    <\/div>\n    <!-- Fauna Collection -->\n    <div class=\"fp-row my-20\">\n        <div>\n        <div class=\"product-content fauna-collection\">\n            <img decoding=\"async\" class=\"for-pc\" src=\"https:\/\/dreamonme.ca\/wp-content\/uploads\/Fauna-Collection-fr.jpg\" alt=\"Fauna Collection\" width=\"96%\">\n            <img decoding=\"async\" class=\"for-mob\" src=\"https:\/\/dreamonme.ca\/wp-content\/uploads\/Fauna-Collection-fr-mob.jpg\" alt=\"Fauna Collection\" width=\"96%\">\n            <a class=\"a1\" target=\"_blank\" href=\"https:\/\/www.dreamonme.ca\/fr\/products\/furniture\/toddler-beds\/fisher-price-fauna-collection-safari-dreams-toddler-bed\/\"><\/a>\n            <a class=\"a2\" target=\"_blank\" href=\"https:\/\/www.dreamonme.ca\/fr\/products\/furniture\/table-chair-set\/fisher-price-fauna-collection-brave-heart-table-chair-set\/\"><\/a>\n            <a class=\"a3\" target=\"_blank\" href=\"https:\/\/www.dreamonme.ca\/fr\/products\/furniture\/bookcase\/fisher-price-fauna-collection-go-bananas-bookcase\/\"><\/a>\n            <a class=\"a4\" target=\"_blank\" href=\"https:\/\/www.dreamonme.ca\/fr\/products\/furniture\/artist-center\/fisher-price-fauna-collection-wild-wonder-artist-center\/\"><\/a>\n        <\/div>\n        <\/div>  \n    <\/div>\n    <!-- High Chair -->\n    <div class=\"fp-row\">\n        <div>\n        <div class=\"product-content\" style=\"position:relative\">\n            <img decoding=\"async\" class=\"for-pc\" src=\"https:\/\/dreamonme.ca\/wp-content\/uploads\/high-chair-fr.jpg\" alt=\"High Chair\" width=\"100%\">\n            <img decoding=\"async\" class=\"for-mob\" src=\"https:\/\/dreamonme.ca\/wp-content\/uploads\/high-chair-fr-mob.jpg\" alt=\"High Chair\" width=\"100%\">\n            <a style=\"height:100%;width:100%;top:0px;left:0px\" href=\"https:\/\/www.dreamonme.ca\/fr\/products\/baby-gears\/highchairs\/fisher-price-tiny-bites-high-chair\/\" target=\"_blank\"><\/a>\n        <\/div>\n        <\/div>\n    <\/div>    \n    <!-- Social Media -->\n    <div class=\"fp-row\">\n    <div>\n        <p>Suivez @dreamonmeinc pour d'autres mises \u00e0 jour<\/p> \n        <div class=\"social-content\">\n            <div class=\"col-33\">\n                <a href=\"https:\/\/www.instagram.com\/dreamonmeinc\/\" target=\"_blank\"><img decoding=\"async\" src=\"https:\/\/dreamonme.ca\/wp-content\/uploads\/insta1.png\" width=\"100%\"><\/a>\n            <\/div>  \n            <div class=\"col-33\">\n                <a href=\"https:\/\/www.facebook.com\/Dreamonmeinc\/\" target=\"_blank\"><img decoding=\"async\" src=\"https:\/\/dreamonme.ca\/wp-content\/uploads\/fb1.png\" width=\"100%\"><\/a>\n            <\/div>  \n            <div class=\"col-33\">\n                <a href=\"https:\/\/www.tiktok.com\/dreamonmeinc\/\" target=\"_blank\"><img decoding=\"async\" src=\"https:\/\/dreamonme.ca\/wp-content\/uploads\/tik1.png\" width=\"100%\"><\/a>\n            <\/div>  \n        <\/div>\n    <\/div>    \n    <\/div>\n<\/div>\n\n\t\t<\/div>\n\t<\/div>\n<\/div><\/div><div  class=\"row  vc_custom_1613739017703\" ><div class=\"wpb_column columns vc_column_container medium-12 small-12\">\n\t<div class=\"wpb_raw_code wpb_content_element wpb_raw_html\" >\n\t\t<div class=\"wpb_wrapper\">\n\t\t\t  \n <style>\n\n  @import url('https:\/\/fonts.googleapis.com\/css2?family=Oswald:wght@200..700&display=swap');\n      @font-face {\n        font-family: 'avenir-book';\n        src: url('https:\/\/www.evolurbaby.com\/wp-content\/themes\/evolur\/css\/fonts\/avenir-book-01.ttf') format('ttf'),\n          url('https:\/\/www.evolurbaby.com\/wp-content\/themes\/evolur\/css\/fonts\/avenir-book-01.woff') format('woff'),\n          url('https:\/\/www.evolurbaby.com\/wp-content\/themes\/evolur\/css\/fonts\/avenir-book-01.woff2') format('woff2');\n      }\n  div [role=main]{\n      padding:0px !important\n  }\n  div [role=main] .row {\n      max-width:100% !important;\n  }\n  .main-header {\n      display: none;\n  }\n  .fisher-price {\n        max-width:1560px;\n        margin:auto;\n        width:100%;\n  } \n  \n      .fp-main {\n        text-align: center;\n      }\n  .fp-main h1{\n      font-size: 3vw !important;\n      line-height: 4vw !important;\n      margin-top:3% !important;\n      margin-bottom: 2%;\n      font-weight:700 !important\n  }\n      .fp-main h1,\n      .fp-main h2 {\n        font-family: \"Oswald\", sans-serif !important;\n        color: #479daa;\n      }\n  .fp-main p {\n        font-size: 1.75vw !important;\n        font-weight: 500 !important;\n        margin: 0vw 4vw 2vw 4vw;\n      }\n     .fp-main h1+ p {\n        font-size: 1.75vw !important;\n      }\n  .fp-main h1+ p + p {\n        font-size: 1.5vw !important;\n        max-width: 70vw;\n        margin:auto;\n      }\n      .fp-row{\n        width:100%;\n        display: inline-block;\n        width:100%;\n        margin:auto;\n      }\n      .fp-row .col-50 .product-content{\n        max-width: 100%;\n        margin: auto;\n        position: relative;\n      }\n      .col-50 .product-content img{\n        max-width: 60%;\n        margin:auto !important;\n      }\n      .fp-row .col-50{\n        width:50%;\n        float: left;\n      }\n      .fp-row .col-25{\n        width:25%;\n        float: left;\n        display: inline-block;\n      }\n  .fp-row.my-20 {\n      margin: 3% 0% !important;\n  }\n      .social-content {\n      width: 60vw;\n      margin: 3% auto;\n      display: inline-block;\n  }\n  .social-content .col-33 {\n      width: 33.33%;\n      float:left;\n      text-align: center;\n  }\n  .social-content .col-33 img {\n      width: 70%;\n      margin: auto;\n  }\n  h2.collection-title {\n    font-size: 3vw !important;\n    font-weight:600 !important;\n    line-height: 7vw !important;\n    margin-top:3% !important;\n    margin-bottom:3% !important;\n  }\n  @media (min-width:766px){\n    .for-mob{\n      display: none;\n    }\n    img[src=\"https:\/\/dreamonme.com\/vt1\/wp-content\/uploads\/fp-product-img-5.jpg\"],\n    img[src=\"https:\/\/dreamonme.com\/vt1\/wp-content\/uploads\/img6-1.jpg\"],\n    img[src=\"https:\/\/dreamonme.com\/vt1\/wp-content\/uploads\/Play-All-Day-Playard.jpg\"],\n    img[src=\"https:\/\/dreamonme.com\/vt1\/wp-content\/uploads\/img7-1.jpg\"]{\n      max-width:53% !important\n    }\n  \n  }\n  \n  .product-content a {\n    position :absolute;\n    width:10%;\n    height: 12%;\n    left: 45%;\n    top: 5%;\n    display:inline-block;\n  }\n  .product-content.fauna-collection {\n      position: relative;\n  }\n  .product-content.fauna-collection a {\n      position: absolute;\n  }\n  \n  .product-content.fauna-collection .a1 {\n      width: 8%;\n      height:5%;\n      top: 24%;\n      left: 41%;\n  }\n  .product-content.fauna-collection .a2 {\n      width: 10%;\n      height:5%;\n      top: 24%;\n      left: 49%;\n  }\n  \n  .product-content.fauna-collection .a3 {\n      width: 6%;\n      height:5%;\n      top: 31.5%;\n      left: 43%;\n  }\n  \n  .product-content.fauna-collection .a4 {\n      width: 9%;\n      height:5%;\n      top: 31.5%;\n      left: 49%;\n  }\n  @media (max-width:766px){\n    .for-pc{\n      display: none;\n    }\n     .fp-row .col-50{\n        width:100%;\n        float: left;\n      }\n      .fp-row .col-25{\n        width:100%;\n        float: left;\n        display: inline-block;\n      }\n      .fp-main h1{\n          font-size:5vw !important;\n          line-height:6vw !important;\n          margin-top: 8vw !important;\n      }\n    .fp-main p{\n      font-size:2.5vw !important;\n    }\n       .fp-main h1 + p{\n          font-size: 3.2vw !important;\n          line-height:4.5vw;\n          max-width: 80%;\n          margin: 3vw auto !important;\n       }\n      \n       .fp-main h1 + p +p{\n          font-size:2.25vw !important;\n          line-height:3vw;\n          max-width:96%;\n          margin-bottom: 7vw;\n       }\n    h2.collection-title{\n      font-size:6vw !important;\n      margin-bottom: 5vw !important;\n      margin-top: 2vw !important;\n    }\n    .col-50 .product-content {\n      margin-bottom:5vw !important;\n      display:inline-block;\n    }\n     img[src=\"https:\/\/dreamonme.com\/vt1\/wp-content\/uploads\/fp-product-img-5.jpg\"],\n    img[src=\"https:\/\/dreamonme.com\/vt1\/wp-content\/uploads\/img6-1.jpg\"],\n    img[src=\"https:\/\/dreamonme.com\/vt1\/wp-content\/uploads\/Play-All-Day-Playard.jpg\"],\n    img[src=\"https:\/\/dreamonme.com\/vt1\/wp-content\/uploads\/img7-1.jpg\"]{\n      max-width:60% !important\n    }\n  .product-content.fauna-collection {\n      position: relative;\n  }\n  .product-content.fauna-collection a {\n      position: absolute;\n  }\n  \n  .product-content.fauna-collection .a1 {\n      width: 20%;\n      height: 7%;\n      top: 10%;\n      left: 32%;\n  }\n  .product-content.fauna-collection .a2 {\n      width: 15%;\n      height: 7%;\n      top: 10%;\n      left: 52%;\n  }\n  \n  .product-content.fauna-collection .a3 {\n      width: 15%;\n      height:7%;\n      top: 15.5%;\n      left: 32%;\n  }\n  \n  .product-content.fauna-collection .a4 {\n      width: 21%;\n      height:7%;\n      top: 15.5%;\n      left: 47%;\n  }\n  }\n  .product-content img{\n    margin:auto;\n}\n  <\/style>\n  \n  \n\t\t<\/div>\n\t<\/div>\n<\/div><\/div>","protected":false},"excerpt":{"rendered":"A MODERN COLLECTION FOR THE CONTEMPORARY FAMILY. Experiences that enable little explorers to grow and play within their spaces of comfort. Whether your child is dreaming up new adventures or simply relaxing in their favorite spot, this collection provides a welcoming and secure environment for them to thrive in. 5 in 1 Convertible Crib Siesta [...]","protected":false},"author":6,"featured_media":0,"parent":0,"menu_order":0,"comment_status":"closed","ping_status":"closed","template":"","meta":{"footnotes":""},"class_list":["post-33556","page","type-page","status-publish","hentry"],"_links":{"self":[{"href":"https:\/\/www.dreamonme.ca\/fr\/wp-json\/wp\/v2\/pages\/33556","targetHints":{"allow":["GET"]}}],"collection":[{"href":"https:\/\/www.dreamonme.ca\/fr\/wp-json\/wp\/v2\/pages"}],"about":[{"href":"https:\/\/www.dreamonme.ca\/fr\/wp-json\/wp\/v2\/types\/page"}],"author":[{"embeddable":true,"href":"https:\/\/www.dreamonme.ca\/fr\/wp-json\/wp\/v2\/users\/6"}],"replies":[{"embeddable":true,"href":"https:\/\/www.dreamonme.ca\/fr\/wp-json\/wp\/v2\/comments?post=33556"}],"version-history":[{"count":10,"href":"https:\/\/www.dreamonme.ca\/fr\/wp-json\/wp\/v2\/pages\/33556\/revisions"}],"predecessor-version":[{"id":45549,"href":"https:\/\/www.dreamonme.ca\/fr\/wp-json\/wp\/v2\/pages\/33556\/revisions\/45549"}],"wp:attachment":[{"href":"https:\/\/www.dreamonme.ca\/fr\/wp-json\/wp\/v2\/media?parent=33556"}],"curies":[{"name":"wp","href":"https:\/\/api.w.org\/{rel}","templated":true}]}}