{"id":3709,"date":"2014-02-09T19:38:57","date_gmt":"2014-02-09T19:38:57","guid":{"rendered":"http:\/\/dreamonme.com\/vt1\/?page_id=5"},"modified":"2025-03-07T06:23:45","modified_gmt":"2025-03-07T11:23:45","slug":"aboutus","status":"publish","type":"page","link":"https:\/\/www.dreamonme.ca\/fr\/aboutus\/","title":{"rendered":"\u00c0 propos de nous"},"content":{"rendered":"<div  class=\"row\" ><div class=\"wpb_column columns vc_column_container medium-12 small-12\">\n\t<div class=\"wpb_raw_code wpb_content_element wpb_raw_html\" >\n\t\t<div class=\"wpb_wrapper\">\n\t\t\t<style>\t\n  div[role=\"main\"] .row.w-100 {\n      max-width:100% !important;\n  }\n.wpb_text_column.wpb_content_element p {\n    margin-bottom:15px\n}\n  .brands .brand{\n      position:relative !important;\n  }\n  .brands .brand p{\n      position:absolute;\n      top:50%;\n      left:50%;\n      font-weight:600;\n      transform:translate(-50%, -50%);\n      font-size: 1.25vw !important;\n  }\n  .abt-product li {\n      position:relative;\n      padding-top:1vw;\n      padding-bottom:1vw;\n      padding-left:40px;\n  }\n  .abt-product li .circle-anim{\n      left:10px !important;\n      top:2vw !important;\n  }\n  .abt-product li strong {\n    color: #D96073 !important;\n}\n  .circle-anim {\n      position: absolute;\n      animation: zoomInZoomOut 2s infinite;\n      top: 3vw;\n      left: 15%;\n      width: 18px;\n  }\n  @keyframes zoomInZoomOut {\n      0% {\n          transform: scale(1, 1);\n      }\n      50% {\n          transform: scale(2, 2);\n      }\n      100% {\n          transform: scale(1, 1);\n      }\n  }\n  h3.page-title {\n      font-family: \"Oswald\", serif !important;\n      padding: 1.5vw 0vw;\n      margin-bottom: 2vw !important;\n      border-bottom: 1px solid #9AC5D6 !important;\n  }\n  .contactus p, \n  .contactus a {\n          font-family: \"Lato\", serif !important;\n      font-size:14px;\n      margin-bottom:10px;\n      color:#272525;\n  }\n  a.cc-btn {\n      color: #272525;\n      padding: 10px;\n      font-size: 14px;\n      background-color:#9AC5D6 ;\n      width: 95%;\n      max-width: 250px;\n      font-family: \"Oswald\", serif !important;\n      font-weight:600;\n      border-radius: 5px;\n      text-align: center;\n      display: inline-block;\n      margin-bottom: 20px;\n  }\n  .customer-care p {\n      font-size:14px !important;\n      font-weight:500 !important\n  }\n\n.abt-products  .abt-product:last-child {\n    position:relative;\n}\n@media(min-width:960px){\n    .why-DOM {\n    position: absolute;\n    top: 50%;\n    left: 50%;\n    transform: translate(-50%, -50%);\n    width:90%\n}\n}\n@media(min-width:1200px){\n.abt-product li .circle-anim {\n    left: 10px !important;\n    top: calc(1vw + 5px) !important;\n}\n  div[role=\"main\"] {\n      padding:0px !important;\n  }\n}  \n@media (max-width:640px){\n.brands {\n    display:inline-block;\n}\n.brands .brand{\n   float:left;\n    width:33.33%;\n    display:inline-block;\n}\n.brands .brand p{\n    font-size:3vw !important;\n}\n}\n@media(min-width:1200px){\n  div[role=\"main\"] {\n      padding:0px !important;\n  }\n.wpb_text_column.wpb_content_element p,\n.wpb_text_column.wpb_content_element li {\n    margin-bottom:15px;\nfont-size:16px;\n}\n}  \n<\/style>\n      \n\t\t<\/div>\n\t<\/div>\n<\/div><\/div><div  class=\"row\" ><div class=\"wpb_column columns vc_column_container medium-12 small-12\">\n\t<div class=\"wpb_text_column wpb_content_element\" >\n\t\t<div class=\"wpb_wrapper\">\n\t\t\t<h3 class=\"page-title\">\u00c0 propos de nous<\/h3>\n\n\t\t<\/div>\n\t<\/div>\n\n\t<div class=\"wpb_text_column wpb_content_element\" >\n\t\t<div class=\"wpb_wrapper\">\n\t\t\t<p>Notre histoire a commenc\u00e9 en 1988, dans un petit magasin de d\u00e9tail du New Jersey. Depuis lors, nous sommes devenus, de mani\u00e8re constante et constante, l\u2019une des marques de soins pour b\u00e9b\u00e9s les plus importantes et les plus fiables du pays. C'est le moins qu'on puisse dire, c'est que ce fut un voyage int\u00e9ressant et fructueux, riche en apprentissages et en perspectives.<\/p>\n\n\t\t<\/div>\n\t<\/div>\n<\/div><\/div><div  class=\"row  w-100\" ><div class=\"wpb_column columns vc_column_container medium-12 small-12 vc_custom_1738318698122\"><img loading=\"lazy\" decoding=\"async\" width=\"2560\" height=\"1085\" src=\"https:\/\/www.dreamonme.ca\/wp-content\/uploads\/About-Us-Banner-1.jpg\" class=\"center  attachment-full\" alt=\"\" srcset=\"https:\/\/www.dreamonme.ca\/wp-content\/uploads\/About-Us-Banner-1.jpg 2560w, https:\/\/www.dreamonme.ca\/wp-content\/uploads\/About-Us-Banner-1-1200x509.jpg 1200w, https:\/\/www.dreamonme.ca\/wp-content\/uploads\/About-Us-Banner-1-300x127.jpg 300w, https:\/\/www.dreamonme.ca\/wp-content\/uploads\/About-Us-Banner-1-1024x434.jpg 1024w, https:\/\/www.dreamonme.ca\/wp-content\/uploads\/About-Us-Banner-1-200x85.jpg 200w, https:\/\/www.dreamonme.ca\/wp-content\/uploads\/About-Us-Banner-1-768x326.jpg 768w, https:\/\/www.dreamonme.ca\/wp-content\/uploads\/About-Us-Banner-1-1536x651.jpg 1536w, https:\/\/www.dreamonme.ca\/wp-content\/uploads\/About-Us-Banner-1-2048x868.jpg 2048w, https:\/\/www.dreamonme.ca\/wp-content\/uploads\/About-Us-Banner-1-18x8.jpg 18w\" sizes=\"auto, (max-width: 2560px) 100vw, 2560px\" \/><\/div><\/div><div  class=\"row\" ><div class=\"wpb_column columns vc_column_container medium-12 small-12 vc_custom_1738845060963\">\n\t<div class=\"wpb_text_column wpb_content_element\" >\n\t\t<div class=\"wpb_wrapper\">\n\t\t\t<p>Certaines choses ont chang\u00e9 en cours de route, comme notre portefeuille par exemple. Au fil des ans, nous avons toujours cru qu'il fallait \u00e9couter attentivement les besoins de nos clients. Nous nous sommes efforc\u00e9s de fournir \u00e0 nos familles une gamme de produits qui r\u00e9pondent \u00e0 toutes leurs exigences en tant que nouveau parent et nous sommes fiers d'\u00eatre une solution compl\u00e8te de soins pour b\u00e9b\u00e9. Des berceaux et des berceaux aux lits d'enfants pleine grandeur et des marchettes et des bascules aux lits pour tout-petits, nous sommes l\u00e0 pour vous \u00e0 chaque \u00e9tape du processus. Nous sommes maintenant disponibles dans les meilleures boutiques pour b\u00e9b\u00e9s, les principales cha\u00eenes de vente au d\u00e9tail et les magasins en ligne, rendant nos produits accessibles aux familles \u00e0 travers le pays.<\/p>\n<p>Mais y a des affaires qui ont pas chang\u00e9. Tout comme notre concentration incessante et in\u00e9branlable sur la QUALIT\u00c9 ET LA S\u00c9CURIT\u00c9. Ces deux valeurs constituent le fondement de notre entreprise. L\u2019autre chose qui n\u2019a pas chang\u00e9 est notre d\u00e9sir d\u2019innover constamment afin d\u2019offrir aux familles des produits qui font une diff\u00e9rence dans leur vie \u00e0 des prix justes, honn\u00eates et abordables. En fait, on est fiers des brevets qu'on a sur deux de nos matelas, une de nos cat\u00e9gories de produits les plus vendues. Notre orientation familiale a toujours fait et fera toujours partie int\u00e9grante de la culture de notre entreprise. Nous sommes une entreprise familiale dirig\u00e9e par des mamans et des papas qui apportent avec eux le m\u00eame syst\u00e8me de valeurs, mais un ensemble de comp\u00e9tences uniques en mati\u00e8re de conception, de production, de logistique et plus encore qui nous aident \u00e0 grandir.<\/p>\n<p>Aujourd'hui, nous envisageons l'avenir avec enthousiasme, confiance et profonde gratitude \u2013 enthousiasme pour les produits et id\u00e9es nouveaux et originaux sur lesquels nos \u00e9quipes travaillent, confiance que nous avons acquise tout au long de notre parcours jusqu'\u00e0 pr\u00e9sent et profonde gratitude pour la confiance que des millions de parents nous ont accord\u00e9e.<\/p>\n\n\t\t<\/div>\n\t<\/div>\n<\/div><\/div><div  class=\"row\" ><div class=\"wpb_column columns vc_column_container medium-12 small-12\">\n\t<div class=\"wpb_text_column wpb_content_element\" >\n\t\t<div class=\"wpb_wrapper\">\n\t\t\t<h3 class=\"page-title\">Marques de la famille DOM<\/h3>\n\n\t\t<\/div>\n\t<\/div>\n\n\t<div class=\"wpb_raw_code wpb_content_element wpb_raw_html\" >\n\t\t<div class=\"wpb_wrapper\">\n\t\t\t<div class=\"grid grid-cols-1 sm:grid-cols-6 gap-6 p-4 brands\">\n  <!-- Card 1 -->\n  <div class=\"brand p-2\"><a target=\"_blank\" href=\"https:\/\/dreamonme.com\/\">\n    <img decoding=\"async\" src=\"https:\/\/dreamonme.ca\/wp-content\/uploads\/Vector-1.png\" width=\"100%\">\n    <p>Dream<br>On Me<\/p>\n  <\/a>\n  <\/div>\n  <!-- Card 2 -->\n  <div class=\"brand p-2\"><a target=\"_blank\" href=\"https:\/\/www.evolurbaby.com\/\">\n    <img decoding=\"async\" src=\"https:\/\/dreamonme.ca\/wp-content\/uploads\/Vector-2.png\" width=\"100%\">\n    <p>\u00e9volur<br>Baby<\/p><\/a>\n  <\/div>\n  <!-- Card 3 -->\n  <div class=\"brand p-2\"><a target=\"_blank\" href=\"https:\/\/www.sweetpeababy.com\/\">\n    <img decoding=\"async\" src=\"https:\/\/dreamonme.ca\/wp-content\/uploads\/Vector-3.png\" width=\"100%\">\n    <p>Sweetpea<br>Baby<\/p><\/a>\n  <\/div>\n  <!-- Card 4 -->\n  <div class=\"brand p-2\"><a target=\"_blank\" href=\"https:\/\/tailzzz.com\/\">\n    <img decoding=\"async\" src=\"https:\/\/dreamonme.ca\/wp-content\/uploads\/Vector-4.png\" width=\"100%\">\n    <p>TailZzz<\/p><\/a>\n  <\/div>\n  <!-- Card 5 -->\n  <div class=\"brand p-2\"><a target=\"_blank\" href=\"https:\/\/hannahandsophia.com\/\">\n    <img decoding=\"async\" src=\"https:\/\/dreamonme.ca\/wp-content\/uploads\/Vector-5.png\" width=\"100%\">\n    <p>Hannah &<br>Sophia<\/p><\/a>\n  <\/div>\n  <!-- Card 6 -->\n  <div class=\"brand p-2\"><a target=\"_blank\" href=\"https:\/\/www.slumberbaby.com\/\">\n    <img decoding=\"async\" src=\"https:\/\/dreamonme.ca\/wp-content\/uploads\/Vector-6.png\" width=\"100%\">\n    <p>Slumber<br>Baby<\/p><\/a>\n  <\/div>\n  <\/div>\n\t\t<\/div>\n\t<\/div>\n<\/div><\/div><div  class=\"row  w-100\" ><div class=\"wpb_column columns vc_column_container medium-12 small-12 vc_custom_1738318698122\"><img loading=\"lazy\" decoding=\"async\" width=\"2560\" height=\"1085\" src=\"https:\/\/www.dreamonme.ca\/wp-content\/uploads\/About-Us-Banner-2.jpg\" class=\"center  attachment-full\" alt=\"\" srcset=\"https:\/\/www.dreamonme.ca\/wp-content\/uploads\/About-Us-Banner-2.jpg 2560w, https:\/\/www.dreamonme.ca\/wp-content\/uploads\/About-Us-Banner-2-1200x509.jpg 1200w, https:\/\/www.dreamonme.ca\/wp-content\/uploads\/About-Us-Banner-2-300x127.jpg 300w, https:\/\/www.dreamonme.ca\/wp-content\/uploads\/About-Us-Banner-2-1024x434.jpg 1024w, https:\/\/www.dreamonme.ca\/wp-content\/uploads\/About-Us-Banner-2-200x85.jpg 200w, https:\/\/www.dreamonme.ca\/wp-content\/uploads\/About-Us-Banner-2-768x326.jpg 768w, https:\/\/www.dreamonme.ca\/wp-content\/uploads\/About-Us-Banner-2-1536x651.jpg 1536w, https:\/\/www.dreamonme.ca\/wp-content\/uploads\/About-Us-Banner-2-2048x868.jpg 2048w, https:\/\/www.dreamonme.ca\/wp-content\/uploads\/About-Us-Banner-2-18x8.jpg 18w\" sizes=\"auto, (max-width: 2560px) 100vw, 2560px\" \/><\/div><\/div><div  class=\"row\" ><div class=\"wpb_column columns vc_column_container medium-12 small-12\">\n\t<div class=\"wpb_text_column wpb_content_element\" >\n\t\t<div class=\"wpb_wrapper\">\n\t\t\t<h3 class=\"page-title\">Produits<\/h3>\n\n\t\t<\/div>\n\t<\/div>\n\n\t<div class=\"wpb_text_column wpb_content_element\" >\n\t\t<div class=\"wpb_wrapper\">\n\t\t\t<p>Bienvenue dans cette aventure appel\u00e9e Parenthood ! \u00c7a peut \u00eatre enrichissant, exaltant, \u00e9puisant et parfois d\u00e9routant ! Parcourez notre gamme de meubles de chambre d'enfant de haute qualit\u00e9 et abordables, con\u00e7us pour durer. Quel que soit ce dont vous avez besoin pour la chambre de votre b\u00e9b\u00e9, qu'il s'agisse de berceaux prim\u00e9s, de mini-berceaux peu encombrants, de berceaux portatifs, de lits pour tout-petits durables ou de matelas de berceau tr\u00e8s bien not\u00e9s, nous vous promettons que vous le trouverez ici.<\/p>\n\n\t\t<\/div>\n\t<\/div>\n<\/div><\/div><div  class=\"row  w-100 vc_custom_1738328916365\" ><div class=\"w-100 wpb_column columns vc_column_container medium-12 small-12\">\n\t<div class=\"wpb_raw_code wpb_content_element wpb_raw_html\" >\n\t\t<div class=\"wpb_wrapper\">\n\t\t\t\n<div class=\"grid grid-cols-1 sm:grid-cols-2 gap-6 abt-products\">\n  <!-- Card 1 -->\n  <div class=\"abt-product\">\n    <img decoding=\"async\" src=\"https:\/\/dreamonme.ca\/wp-content\/uploads\/Why-Dream-On-Me.jpg\" width=\"100%\">\n  <\/div>\n  <!-- Card 2 -->\n  <div class=\"abt-product\">\n  <div class=\"p-4 why-DOM\">\n    <h3>Pourquoi Dream On Me?<\/h3>\n    <ul class=\"mt-4\">\n        <li><div class=\"circle-anim\">\n          <img decoding=\"async\" src=\"https:\/\/dreamonme.ca\/wp-content\/uploads\/Vector-Star.png\" width=\"80%\">\n          <\/div><strong>Qualit\u00e9<\/strong> \u2013 Tous nos produits sont con\u00e7us pour durer et fabriqu\u00e9s avec des bois et des placages de la meilleure qualit\u00e9.<\/li>\n        <li><div class=\"circle-anim\">\n          <img decoding=\"async\" src=\"https:\/\/dreamonme.ca\/wp-content\/uploads\/Vector-Star.png\" width=\"80%\">\n          <\/div><strong>S\u00e9curit\u00e9<\/strong> \u2013 Tous les produits Dream On Me r\u00e9pondent ou d\u00e9passent les exigences de la CPSC gr\u00e2ce \u00e0 des tests effectu\u00e9s par des tiers et \u00e0 la norme ASTM.<\/li>\n        <li><div class=\"circle-anim\">\n          <img decoding=\"async\" src=\"https:\/\/dreamonme.ca\/wp-content\/uploads\/Vector-Star.png\" width=\"80%\">\n          <\/div><strong>Abordabilit\u00e9<\/strong> \u2013 Nous croyons qu\u2019il est important de rendre nos produits abordables et d\u2019offrir des prix simples, \u00e9quitables et honn\u00eates.<\/li>\n        <li><div class=\"circle-anim\">\n          <img decoding=\"async\" src=\"https:\/\/dreamonme.ca\/wp-content\/uploads\/Vector-Star.png\" width=\"80%\">\n          <\/div><strong>Confiance<\/strong> \u2013 Avec plus de 31 ans d'exp\u00e9rience dans la conception, la fabrication et l'exportation de produits pour b\u00e9b\u00e9s de la meilleure qualit\u00e9, nous sommes une entreprise sur laquelle vous pouvez compter.<\/li>\n    <\/ul>\n  <\/div>\n  <\/div>\n  <\/div>\n\t\t<\/div>\n\t<\/div>\n\n\t<div class=\"wpb_raw_code wpb_content_element wpb_raw_html\" >\n\t\t<div class=\"wpb_wrapper\">\n\t\t\t<script src=\"https:\/\/cdn.tailwindcss.com\"><\/script>\n\t\t<\/div>\n\t<\/div>\n<\/div><\/div>","protected":false},"excerpt":{"rendered":"About Us Ours is a story that started in 1988, in a small retail store in New Jersey. Since then, surely and steadily, we have grown to become one of the biggest and most trusted baby care brands across the country. To say the least, it\u2019s been an interesting and fruitful journey, one full of [...]","protected":false},"author":1,"featured_media":41849,"parent":0,"menu_order":0,"comment_status":"closed","ping_status":"closed","template":"","meta":{"footnotes":""},"class_list":["post-3709","page","type-page","status-publish","has-post-thumbnail","hentry"],"_links":{"self":[{"href":"https:\/\/www.dreamonme.ca\/fr\/wp-json\/wp\/v2\/pages\/3709","targetHints":{"allow":["GET"]}}],"collection":[{"href":"https:\/\/www.dreamonme.ca\/fr\/wp-json\/wp\/v2\/pages"}],"about":[{"href":"https:\/\/www.dreamonme.ca\/fr\/wp-json\/wp\/v2\/types\/page"}],"author":[{"embeddable":true,"href":"https:\/\/www.dreamonme.ca\/fr\/wp-json\/wp\/v2\/users\/1"}],"replies":[{"embeddable":true,"href":"https:\/\/www.dreamonme.ca\/fr\/wp-json\/wp\/v2\/comments?post=3709"}],"version-history":[{"count":11,"href":"https:\/\/www.dreamonme.ca\/fr\/wp-json\/wp\/v2\/pages\/3709\/revisions"}],"predecessor-version":[{"id":43666,"href":"https:\/\/www.dreamonme.ca\/fr\/wp-json\/wp\/v2\/pages\/3709\/revisions\/43666"}],"wp:featuredmedia":[{"embeddable":true,"href":"https:\/\/www.dreamonme.ca\/fr\/wp-json\/wp\/v2\/media\/41849"}],"wp:attachment":[{"href":"https:\/\/www.dreamonme.ca\/fr\/wp-json\/wp\/v2\/media?parent=3709"}],"curies":[{"name":"wp","href":"https:\/\/api.w.org\/{rel}","templated":true}]}}