{"id":4288,"date":"2015-08-25T01:29:42","date_gmt":"2015-08-25T05:29:42","guid":{"rendered":"http:\/\/dreamonme.com\/?page_id=4288"},"modified":"2026-03-23T04:35:25","modified_gmt":"2026-03-23T08:35:25","slug":"customercare","status":"publish","type":"page","link":"https:\/\/www.dreamonme.ca\/fr\/customercare\/","title":{"rendered":"SERVICE \u00c0 LA CLIENT\u00c8LE"},"content":{"rendered":"<div  class=\"row\" ><div class=\"wpb_column columns vc_column_container medium-12 small-12\">\n\t<div class=\"wpb_raw_code wpb_content_element wpb_raw_html\" >\n\t\t<div class=\"wpb_wrapper\">\n\t\t\t<style>\t\n\n.contactus h3,\nh3.page-title {\n    font-family: \"Oswald\", serif !important;\n    padding: 1.5vw 0vw;\n    margin-bottom: 2vw !important;\n    border-bottom: 1px solid #9AC5D6 !important;\n}\n.contactus p, \n.contactus a {\n        font-family: \"Lato\", serif !important;\n    font-size:14px;\n    margin-bottom:10px;\n    color:#272525;\n}\na.cc-btn {\n    color: #272525;\n    padding: 10px;\n    font-size: 14px;\n    background-color:#9AC5D6 ;\n    width: 95%;\n    max-width: 250px;\n    font-family: \"Oswald\", serif !important;\n    font-weight:600;\n    border-radius: 5px;\n    text-align: center;\n    display: inline-block;\n    margin-bottom: 20px;\n}\n.customer-care p {\n    font-size:14px !important;\n    font-weight:500 !important\n}\n<\/style>\n\n\t\t<\/div>\n\t<\/div>\n<\/div><\/div><div  class=\"row\" ><div class=\"wpb_column columns vc_column_container medium-12 small-12\">\n\t<div class=\"wpb_text_column wpb_content_element\" >\n\t\t<div class=\"wpb_wrapper\">\n\t\t\t<h3 class=\"page-title\">SERVICE \u00c0 LA CLIENT\u00c8LE<\/h3>\n\n\t\t<\/div>\n\t<\/div>\n\n\t<div class=\"wpb_text_column wpb_content_element\" >\n\t\t<div class=\"wpb_wrapper\">\n\t\t\t<p>M\u00eame si nous ne pouvons vraiment pas demander plus que des b\u00e9b\u00e9s heureux et en sant\u00e9 et des familles satisfaites, il n\u2019y a rien de plus pr\u00e9cieux que de sentir que nous comptons vraiment \u2013 \u200b\u200bque nous ajoutons une vraie valeur \u00e0 vos vies. Le fait que nos clients reconnaissent notre travail et nous envoient de petits mots d'appr\u00e9ciation nous \u00e9l\u00e8ve, nous dynamise et nous motive.<\/p>\n\n\t\t<\/div>\n\t<\/div>\n<\/div><\/div><div  class=\"row\" ><div class=\"wpb_column columns vc_column_container medium-12 small-12\">\n\t<div class=\"wpb_raw_code wpb_content_element wpb_raw_html\" >\n\t\t<div class=\"wpb_wrapper\">\n\t\t\t<div class=\"mx-auto py-1 grow-gribs overflow-hidden\">\n  <div class=\"grid sm:grid-cols-2 gap-6 mt-6\">\n    <!-- Product Card -->\n    <div class=\"customer-care\">\n      <img decoding=\"async\" class=\"mainimg\" src=\"https:\/\/dreamonme.ca\/wp-content\/uploads\/Help-Request-Part.jpg\" width=\"100%\">\n\n      <div class=\"py-4\">\n        <p class=\"text-sm text-gray-600 mt-2\">Demander des pi\u00e8ces de rechange<\/p>\n      <\/div>\n      <a rel=\"canonical\" target=\"_blank\" class=\"cc-btn\" href=\"https:\/\/dreamonme.com\/customercare\/help\/\">AIDE \/ DEMANDE DE PI\u00c8CES <\/a>\n    <\/div>\n\n    <div class=\"customer-care\">\n      <img decoding=\"async\" class=\"mainimg\" src=\"https:\/\/dreamonme.ca\/wp-content\/uploads\/Faq.jpg\" width=\"100%\">\n\n      <div class=\"py-4\">\n        <p class=\"text-sm text-gray-600 mt-2\">Tout ce que vous devez savoir pour prendre des d\u00e9cisions \u00e9clair\u00e9es.<\/p>\n      <\/div>\n      <a rel=\"canonical\" class=\"cc-btn\" href=\"https:\/\/www.dreamonme.ca\/fr\/customercare\/faq\/\">FAQ <\/a>\n    <\/div>\n\n    <div class=\"customer-care\">\n      <img decoding=\"async\" class=\"mainimg\" src=\"https:\/\/dreamonme.ca\/wp-content\/uploads\/Warranty-Registration-1.jpg\" width=\"100%\">\n\n      <div class=\"py-4\">\n        <p class=\"text-sm text-gray-600 mt-2\">Warranty on Dream on me Products.<\/p>\n      <\/div>\n      <a rel=\"canonical\" class=\"cc-btn\" href=\"https:\/\/dreamonme.com\/customercare\/warranty\/\" target=\"_blank\">ENREGISTREMENT DE LA GARANTIE <\/a>\n    <\/div>\n\n    <div class=\"customer-care\">\n      <img decoding=\"async\" class=\"mainimg\" src=\"https:\/\/dreamonme.ca\/wp-content\/uploads\/Product-Recall-Register.jpg\" width=\"100%\">\n\n      <div class=\"py-4\">\n        <p class=\"text-sm text-gray-600 mt-2\">Sauvegardez vos achats ici.<\/p>\n      <\/div>\n      <a rel=\"canonical\"  class=\"cc-btn\" href=\"https:\/\/dreamonme.com\/customercare\/registration\/\" target=\"_blank\">RAPPEL DE PRODUIT REGISTRE<\/a>\n    <\/div>\n    <div class=\"customer-care\">\n      <img decoding=\"async\" class=\"mainimg\" src=\"https:\/\/dreamonme.ca\/wp-content\/uploads\/Assembly-Instructions-1.jpg\" width=\"100%\">\n\n      <div class=\"py-4\">\n        <p class=\"text-sm text-gray-600 mt-2\">\u00c9tablir la barre en mati\u00e8re de normes de s\u00e9curit\u00e9.<\/p>\n      <\/div>\n      <a rel=\"canonical\" target=\"_blank\" class=\"cc-btn\" href=\"https:\/\/dreamonme.com\/customercare\/assembly\/\">INSTRUCTIONS DE MONTAGE<\/a>\n    <\/div>\n\n\n    <div class=\"customer-care\">\n      <img decoding=\"async\" class=\"mainimg\" src=\"https:\/\/dreamonme.ca\/wp-content\/uploads\/Furniture-Care-Tips.jpg\" width=\"100%\">\n\n      <div class=\"py-4\">\n        <p class=\"text-sm text-gray-600 mt-2\">Les trucs et astuces du \u00ab point \u00e0 temps \u00bb.<\/p>\n      <\/div>\n      <a rel=\"canonical\" class=\"cc-btn\" href=\"https:\/\/www.dreamonme.ca\/fr\/customercare\/furniture-care-tips\/\">ENTRETIEN DES MEUBLES CONSEILS<\/a>\n    <\/div>\n    <div class=\"customer-care\">\n      <img decoding=\"async\" class=\"mainimg\" src=\"https:\/\/dreamonme.ca\/wp-content\/uploads\/Product-Recall.jpg\" width=\"100%\">\n\n      <div class=\"py-4\">\n        <p class=\"text-sm text-gray-600 mt-2\">Restez en s\u00e9curit\u00e9.<\/p>\n      <\/div>\n      <a rel=\"canonical\" target=\"_blank\" class=\"cc-btn\" href=\"https:\/\/dreamonme.com\/customercare\/product-recall\/\">RAPPEL DE PRODUIT<\/a>\n    <\/div>\n\n\n  <\/div>\n<\/div>\n\n\t\t<\/div>\n\t<\/div>\n<\/div><\/div><div  class=\"row\" ><div class=\"wpb_column columns vc_column_container medium-12 small-12\">\n\t<div class=\"wpb_raw_code wpb_content_element wpb_raw_html\" >\n\t\t<div class=\"wpb_wrapper\">\n\t\t\t<div class=\"contactus\">\n<h3>Contactez-nous<\/h3>\n<p>Dream On Me Kidiway Company<\/p>\n\n<p>5375 Boul des Grandes-Prairies<br>\nSaint-Leonard, QC H1R 1B1<\/p>\n\n<a href=\"mailto:info@dreamonme.ca\">info@dreamonme.ca<\/a>\n<\/div>\n\t\t<\/div>\n\t<\/div>\n<\/div><\/div><div  class=\"row\" ><div class=\"wpb_column columns vc_column_container medium-12 small-12\"><aside class=\"gap cf\" style=\"height:80px;\"><\/aside>\n\t<div class=\"wpb_raw_code wpb_content_element wpb_raw_html\" >\n\t\t<div class=\"wpb_wrapper\">\n\t\t\t<div class=\"orphan-page\">\n<a href=\"https:\/\/dreamonme.com\/thank-you\/\" target=\"_blank\" style=\"color:#ffffff !important\">.<\/a>\n<a href=\"https:\/\/dreamonme.com\/subscribe-to-our-newsletter\/\" target=\"_blank\" style=\"color:#ffffff !important\">.<\/a>\n<a href=\"https:\/\/dreamonme.com\/delivering-dreams\/thank-you\/\" target=\"_blank\" style=\"color:#ffffff !important\">.<\/a>\n<a href=\"https:\/\/dreamonme.com\/dream-on-me-signup\/thank-you\/\" target=\"_blank\" style=\"color:#ffffff !important\">.<\/a>\n<a href=\"https:\/\/dreamonme.com\/review\/\" target=\"_blank\" style=\"color:#ffffff !important\">.<\/a>\n<a href=\"https:\/\/dreamonme.com\/live-chat\/\" target=\"_blank\" style=\"color:#ffffff !important\">.<\/a>\n<\/div>\n\t\t<\/div>\n\t<\/div>\n\n\t<div class=\"wpb_raw_code wpb_content_element wpb_raw_html\" >\n\t\t<div class=\"wpb_wrapper\">\n\t\t\t<script src=\"https:\/\/cdn.tailwindcss.com\"><\/script>\n\t\t<\/div>\n\t<\/div>\n<\/div><\/div>","protected":false},"excerpt":{"rendered":"Customer Care While we really could not ask for more than happy, healthy babies and satisfied families, there is nothing more precious than feeling that we truly matter \u2013 that we add true value to your lives. Having our customers recognize our work and send us little notes of appreciation lifts us, energizes us and [...]","protected":false},"author":6,"featured_media":0,"parent":0,"menu_order":0,"comment_status":"closed","ping_status":"closed","template":"","meta":{"footnotes":""},"class_list":["post-4288","page","type-page","status-publish","hentry"],"_links":{"self":[{"href":"https:\/\/www.dreamonme.ca\/fr\/wp-json\/wp\/v2\/pages\/4288","targetHints":{"allow":["GET"]}}],"collection":[{"href":"https:\/\/www.dreamonme.ca\/fr\/wp-json\/wp\/v2\/pages"}],"about":[{"href":"https:\/\/www.dreamonme.ca\/fr\/wp-json\/wp\/v2\/types\/page"}],"author":[{"embeddable":true,"href":"https:\/\/www.dreamonme.ca\/fr\/wp-json\/wp\/v2\/users\/6"}],"replies":[{"embeddable":true,"href":"https:\/\/www.dreamonme.ca\/fr\/wp-json\/wp\/v2\/comments?post=4288"}],"version-history":[{"count":11,"href":"https:\/\/www.dreamonme.ca\/fr\/wp-json\/wp\/v2\/pages\/4288\/revisions"}],"predecessor-version":[{"id":46934,"href":"https:\/\/www.dreamonme.ca\/fr\/wp-json\/wp\/v2\/pages\/4288\/revisions\/46934"}],"wp:attachment":[{"href":"https:\/\/www.dreamonme.ca\/fr\/wp-json\/wp\/v2\/media?parent=4288"}],"curies":[{"name":"wp","href":"https:\/\/api.w.org\/{rel}","templated":true}]}}