{"id":4299,"date":"2015-08-25T01:48:45","date_gmt":"2015-08-25T05:48:45","guid":{"rendered":"http:\/\/dreamonme.com\/?page_id=4299"},"modified":"2025-04-14T08:53:00","modified_gmt":"2025-04-14T12:53:00","slug":"furniture-care-tips","status":"publish","type":"page","link":"https:\/\/www.dreamonme.ca\/fr\/customercare\/furniture-care-tips\/","title":{"rendered":"Conseils d'entretien des meubles"},"content":{"rendered":"<div  class=\"row\" ><div class=\"wpb_column columns vc_column_container medium-12 small-12\">\n\t<div class=\"wpb_raw_code wpb_content_element wpb_raw_html\" >\n\t\t<div class=\"wpb_wrapper\">\n\t\t\t<style>\t\n  div[role=\"main\"] .row.w-100 {\n      max-width:100% !important;\n  }\n.row.grid div {\n    min-height:100% !important;\n    display: block;\n    height: 100% !important;\n}\n.bg-lavender{background-color:#C6C3F2cc;}\n.bg-obsidian{background-color:#272525cc;}\n.bg-cream{background-color:#FFF6EFcc;}\n.bg-cherry{background-color:#D96073cc;}\n.bg-bright-sun{background-color:#FFCE55cc;}\n.bg-mari-gold{background-color:#F4A258cc;}\n.bg-daze{background-color:#9AC5D6cc;}\n.row.grid:before {\n    display:none !important;\n}\n\nul.li-disc li {\n    list-style-type: none; \/* Remove default bullets *\/\n    position: relative;\n    padding-left:25px;\n    color:#272525;\n    margin-bottom:10px;\n}\nul.li-disc li::before {\n    content: \"\u2022\"; \/* Unicode bullet character *\/\n    font-size: 1.2em; \/* Increase bullet size *\/\n    line-height:20px;\n    position: absolute;\n    left: 0px;\n}\n.wpb_text_column.wpb_content_element p {\nfont-size:16px;\n}\n  h3.page-title {\n      font-family: \"Oswald\", serif !important;\n      padding: 1.5vw 0vw;\n      margin-bottom: 2vw !important;\n      border-bottom: 1px solid #9AC5D6 !important;\n  }\n  a.cc-btn {\n      color: #272525;\n      padding: 10px;\n      font-size: 14px;\n      background-color:#9AC5D6 ;\n      width: 95%;\n      max-width: 250px;\n      font-family: \"Oswald\", serif !important;\n      font-weight:600;\n      border-radius: 5px;\n      text-align: center;\n      display: inline-block;\n      margin-bottom: 20px;\n  }\n@media(min-width:1200px){\n  div[role=\"main\"] {\n      padding:0px !important;\n  }\n.wpb_text_column.wpb_content_element p,\n.wpb_text_column.wpb_content_element li {\n    margin-bottom:15px;\nfont-size:16px;\n}\n}  \n@media (max-width:640px){\n.star-anim{\n    top:10vw\n}\n.circle-anim {\n    top:15vw \n}\n}\n@media (min-width:767px){\n.row.grid div.rounded-lg {\n    min-height:25vw !important;\n    padding-top:3vw;   \n    padding-left:3vw;\n    padding-right:3vw;\n}\n.post .post-content .row.grid div.rounded-lg h4{\n    font-size:2vw;\n    line-height:120%;\n    min-height:5vw\n}\n\n.post .post-content .row.grid div.rounded-lg p{\n    font-size:1.25vw !important;\n    line-height:120%;\n    min-height:5vw\n}\n}\n@media (max-width:767px){\n.row.grid div.rounded-lg {\n    min-height:300px !important;\n    max-width:400px !important;\n    margin:auto;\n}\n}\n<\/style>\n  \n\t\t<\/div>\n\t<\/div>\n<\/div><\/div><div  class=\"row\" ><div class=\"wpb_column columns vc_column_container medium-12 small-12\">\n\t<div class=\"wpb_text_column wpb_content_element\" >\n\t\t<div class=\"wpb_wrapper\">\n\t\t\t<h3 class=\"page-title\">Conseils d'entretien des meubles<\/h3>\n\n\t\t<\/div>\n\t<\/div>\n\n\t<div class=\"wpb_text_column wpb_content_element\" >\n\t\t<div class=\"wpb_wrapper\">\n\t\t\t<p>Dream on m'utilise des finis sp\u00e9ciaux sur toutes nos collections de meubles de chambre pour enfants pour s'assurer qu'ils sont sans danger pour votre b\u00e9b\u00e9. Ces finitions sont plus d\u00e9licates que celles utilis\u00e9es dans les meubles pour adultes et n\u00e9cessitent un entretien minutieux.<br \/>\nVeuillez lire et suivre ces instructions simples pour aider vos meubles \u00e0 rester beaux et \u00e0 durer toute une vie.<\/p>\n\n\t\t<\/div>\n\t<\/div>\n<\/div><\/div><div  class=\"row  w-100\" ><div class=\"wpb_column columns vc_column_container medium-12 small-12 vc_custom_1738937264941\"><img loading=\"lazy\" decoding=\"async\" width=\"2560\" height=\"1081\" src=\"https:\/\/www.dreamonme.ca\/wp-content\/uploads\/Customer-Care-1.png\" class=\"center  attachment-full\" alt=\"\" srcset=\"https:\/\/www.dreamonme.ca\/wp-content\/uploads\/Customer-Care-1.png 2560w, https:\/\/www.dreamonme.ca\/wp-content\/uploads\/Customer-Care-1-1200x507.png 1200w, https:\/\/www.dreamonme.ca\/wp-content\/uploads\/Customer-Care-1-300x127.png 300w, https:\/\/www.dreamonme.ca\/wp-content\/uploads\/Customer-Care-1-1024x432.png 1024w, https:\/\/www.dreamonme.ca\/wp-content\/uploads\/Customer-Care-1-200x84.png 200w, https:\/\/www.dreamonme.ca\/wp-content\/uploads\/Customer-Care-1-768x324.png 768w, https:\/\/www.dreamonme.ca\/wp-content\/uploads\/Customer-Care-1-1536x649.png 1536w, https:\/\/www.dreamonme.ca\/wp-content\/uploads\/Customer-Care-1-2048x865.png 2048w, https:\/\/www.dreamonme.ca\/wp-content\/uploads\/Customer-Care-1-18x8.png 18w\" sizes=\"auto, (max-width: 2560px) 100vw, 2560px\" \/><\/div><\/div><div  class=\"row  grid grid-cols-1 sm:grid-cols-3 gap-6\" ><div class=\"wpb_column columns vc_column_container medium-4 small-12 vc_custom_1738931729967\">\n\t<div class=\"wpb_text_column wpb_content_element\" >\n\t\t<div class=\"wpb_wrapper\">\n\t\t\t<div class=\"p-6 bg-mari-gold rounded-lg\">\n<h4 class=\"mb-6 font-bold\">Attention aux v\u00eatements pointus !<\/h4>\n<p class=\"font-normal text-justify\">Faites attention lorsque vous portez des v\u00eatements pointus comme des boucles de ceinture et des fermetures \u00e9clair. Ils endommageront vos meubles. Faites particuli\u00e8rement attention lorsque vous vous penchez au-dessus du berceau ou de la commode.<\/p>\n<\/div>\n\n\t\t<\/div>\n\t<\/div>\n<\/div><div class=\"wpb_column columns vc_column_container medium-4 small-12\">\n\t<div class=\"wpb_text_column wpb_content_element\" >\n\t\t<div class=\"wpb_wrapper\">\n\t\t\t<div class=\"p-6 bg-daze rounded-lg\">\n<h4 class=\"mb-6 font-bold\">Gardez-le impeccable \u2013 Dust Weekly, Polish Quarterly\u00a0!<\/h4>\n<p class=\"font-normal text-justify\">\u00c9poussetez vos meubles au moins une fois par semaine avec un chiffon non pelucheux imbib\u00e9 de produit \u00e0 polir ou de nettoyant. Polissez-le tous les quatre mois.<\/p>\n<\/div>\n\n\t\t<\/div>\n\t<\/div>\n<\/div><div class=\"wpb_column columns vc_column_container medium-4 small-12\">\n\t<div class=\"wpb_text_column wpb_content_element\" >\n\t\t<div class=\"wpb_wrapper\">\n\t\t\t<div class=\"p-6 bg-cherry rounded-lg\">\n<h4 class=\"mb-6 font-bold\">\u00c9vitez le soleil et les conditions extr\u00eames !<\/h4>\n<p class=\"font-normal text-justify\">N\u2019exposez pas vos meubles \u00e0 un grand ensoleillement ou \u00e0 des changements extr\u00eames de temp\u00e9rature ou d\u2019humidit\u00e9. Cela peut endommager ou d\u00e9colorer sa couleur.<\/p>\n<\/div>\n\n\t\t<\/div>\n\t<\/div>\n<\/div><div class=\"wpb_column columns vc_column_container medium-4 small-12 vc_custom_1738931729967\">\n\t<div class=\"wpb_text_column wpb_content_element\" >\n\t\t<div class=\"wpb_wrapper\">\n\t\t\t<div class=\"p-6 bg-lavender rounded-lg\">\n<h4 class=\"mb-6 font-bold\">\u00c9vitez les \u00e9vents de chaleur et de climatisation\u00a0!<\/h4>\n<p class=\"font-normal text-justify\">Ne placez pas vos meubles devant ou au-dessus des bouches de chauffage ou de climatisation.<\/p>\n<\/div>\n\n\t\t<\/div>\n\t<\/div>\n<\/div><div class=\"wpb_column columns vc_column_container medium-4 small-12\">\n\t<div class=\"wpb_text_column wpb_content_element\" >\n\t\t<div class=\"wpb_wrapper\">\n\t\t\t<div class=\"p-6 bg-bright-sun rounded-lg\">\n<h4 class=\"mb-6 font-bold\">Faites attention aux plastiques !<\/h4>\n<p class=\"font-normal text-justify\">Faites attention lorsque vous posez des mat\u00e9riaux en plastique (sets de table \/ pieds de lampe \/ cahiers \/ etc.) directement sur vos meubles. Certains plastiques contiennent des ingr\u00e9dients qui peuvent r\u00e9agir avec le fini et l\u2019endommager.<\/p>\n<\/div>\n\n\t\t<\/div>\n\t<\/div>\n<\/div><div class=\"wpb_column columns vc_column_container medium-4 small-12\">\n\t<div class=\"wpb_text_column wpb_content_element\" >\n\t\t<div class=\"wpb_wrapper\">\n\t\t\t<div class=\"p-6 bg-cream rounded-lg\">\n<h4 class=\"mb-6 font-bold\">Utilisez un linge sous les matelas \u00e0 langer !<\/h4>\n<p class=\"font-normal text-justify\">Lorsque vous utilisez un matelas \u00e0 langer en vinyle, placez un chiffon protecteur sur vos meubles pour \u00e9viter d'\u00e9gratigner et d'endommager la finition. Ne placez pas de ceintures de matelas \u00e0 langer sous le matelas, car elles peuvent aussi \u00e9gratigner la finition.<\/p>\n<\/div>\n\n\t\t<\/div>\n\t<\/div>\n<\/div><div class=\"wpb_column columns vc_column_container medium-4 small-12 vc_custom_1738931729967\">\n\t<div class=\"wpb_text_column wpb_content_element\" >\n\t\t<div class=\"wpb_wrapper\">\n\t\t\t<div class=\"p-6 bg-cream rounded-lg\">\n<h4 class=\"mb-6 font-bold\">Utilisez un tapis en feutre, pas en plastique\u00a0!<\/h4>\n<p class=\"font-normal text-justify\">Utilisez un tapis en feutre (pas en plastique) pour prot\u00e9ger vos meubles.<\/p>\n<\/div>\n\n\t\t<\/div>\n\t<\/div>\n<\/div><div class=\"wpb_column columns vc_column_container medium-4 small-12\">\n\t<div class=\"wpb_text_column wpb_content_element\" >\n\t\t<div class=\"wpb_wrapper\">\n\t\t\t<div class=\"p-6 bg-daze rounded-lg\">\n<h4 class=\"mb-6 font-bold\">Nettoyez rapidement les d\u00e9versements \u2013 \u00c9vitez les dommages caus\u00e9s par les liquides\u00a0!<\/h4>\n<p class=\"font-normal text-justify\">Essuyez rapidement les d\u00e9versements. L'eau trop longtemps laiss\u00e9e sur vos meubles laissera des taches blanches sur la finition. L'urine peut causer une d\u00e9coloration. L'alcool, le parfum, l'apr\u00e8s-rasage et les m\u00e9dicaments peuvent causer des dommages graves et permanents.<\/p>\n<\/div>\n\n\t\t<\/div>\n\t<\/div>\n<\/div><div class=\"wpb_column columns vc_column_container medium-4 small-12\">\n\t<div class=\"wpb_text_column wpb_content_element\" >\n\t\t<div class=\"wpb_wrapper\">\n\t\t\t<div class=\"p-6 bg-lavender rounded-lg\">\n<h4 class=\"mb-6 font-bold\">Gardez les vaporisateurs loin des meubles\u00a0!<\/h4>\n<p class=\"font-normal text-justify\">Faites tr\u00e8s attention lorsque vous utilisez un vaporisateur. L'humidit\u00e9 n'est pas bonne pour la finition. Assurez-vous que le jet de vapeur est toujours dirig\u00e9 loin de vos meubles.<\/p>\n<\/div>\n\n\t\t<\/div>\n\t<\/div>\n<\/div><div class=\"wpb_column columns vc_column_container medium-4 small-12 vc_custom_1738931729967\">\n\t<div class=\"wpb_text_column wpb_content_element\" >\n\t\t<div class=\"wpb_wrapper\">\n\t\t\t<div class=\"p-6 bg-cherry rounded-lg\">\n<h4 class=\"mb-6 font-bold\">Soulever, ne pas tra\u00eener<\/h4>\n<p class=\"font-normal text-justify\">Ne glissez pas d'objets sur la surface sup\u00e9rieure de votre meuble. Soulevez-les toujours pour \u00e9viter d'\u00e9gratigner la finition.<\/p>\n<\/div>\n\n\t\t<\/div>\n\t<\/div>\n<\/div><div class=\"wpb_column columns vc_column_container medium-4 small-12\">\n\t<div class=\"wpb_text_column wpb_content_element\" >\n\t\t<div class=\"wpb_wrapper\">\n\t\t\t<div class=\"p-6 bg-bright-sun rounded-lg\">\n<h4 class=\"mb-6 font-bold\">\u00c9vitez de serrer des objets sur les meubles\u00a0!<\/h4>\n<p class=\"font-normal text-justify\">\u00c9vitez de placer des accessoires d\u2019appareils mobiles ou tout autre objet qui se fixe sur le meuble\/berceau, car ils peuvent causer des \u00e9gratignures et d\u2019autres formes de dommages \u00e0 la finition du berceau\/meuble.<\/p>\n<\/div>\n\n\t\t<\/div>\n\t<\/div>\n<\/div><div class=\"wpb_column columns vc_column_container medium-4 small-12\">\n\t<div class=\"wpb_text_column wpb_content_element\" >\n\t\t<div class=\"wpb_wrapper\">\n\t\t\t<div class=\"p-6 bg-cream rounded-lg\">\n<h4 class=\"mb-6\">Contactez-nous<\/h4>\n<p>Dream On Me Kidiway Company<br \/>\n45 Veronica Ave<br \/>\nSomerset, New Jersey 08873<\/p>\n<p><a href=\"mailto:info@dreamonme.com\">info@dreamonme.com<\/a><\/p>\n<\/div>\n\n\t\t<\/div>\n\t<\/div>\n<\/div><\/div>","protected":false},"excerpt":{"rendered":"Furniture Care Tips Dream on me uses special finishes on all our collections of children\u2019s bedroom furniture to guarantee that they are safe for your baby. These finishes are more delicate than those used in adult furniture and require careful maintenance. Please read and follow these simple instructions to help your furniture continue to look [...]","protected":false},"author":1,"featured_media":0,"parent":4288,"menu_order":0,"comment_status":"closed","ping_status":"closed","template":"","meta":{"footnotes":""},"class_list":["post-4299","page","type-page","status-publish","hentry"],"_links":{"self":[{"href":"https:\/\/www.dreamonme.ca\/fr\/wp-json\/wp\/v2\/pages\/4299","targetHints":{"allow":["GET"]}}],"collection":[{"href":"https:\/\/www.dreamonme.ca\/fr\/wp-json\/wp\/v2\/pages"}],"about":[{"href":"https:\/\/www.dreamonme.ca\/fr\/wp-json\/wp\/v2\/types\/page"}],"author":[{"embeddable":true,"href":"https:\/\/www.dreamonme.ca\/fr\/wp-json\/wp\/v2\/users\/1"}],"replies":[{"embeddable":true,"href":"https:\/\/www.dreamonme.ca\/fr\/wp-json\/wp\/v2\/comments?post=4299"}],"version-history":[{"count":11,"href":"https:\/\/www.dreamonme.ca\/fr\/wp-json\/wp\/v2\/pages\/4299\/revisions"}],"predecessor-version":[{"id":45116,"href":"https:\/\/www.dreamonme.ca\/fr\/wp-json\/wp\/v2\/pages\/4299\/revisions\/45116"}],"up":[{"embeddable":true,"href":"https:\/\/www.dreamonme.ca\/fr\/wp-json\/wp\/v2\/pages\/4288"}],"wp:attachment":[{"href":"https:\/\/www.dreamonme.ca\/fr\/wp-json\/wp\/v2\/media?parent=4299"}],"curies":[{"name":"wp","href":"https:\/\/api.w.org\/{rel}","templated":true}]}}