{"id":1001,"date":"2015-09-20T23:00:17","date_gmt":"2015-09-21T03:00:17","guid":{"rendered":"http:\/\/dreamonme.com\/vt1\/?post_type=product&#038;p=1001"},"modified":"2025-05-12T04:37:35","modified_gmt":"2025-05-12T08:37:35","slug":"synergy-5-in-1-convertible-crib","status":"publish","type":"product","link":"https:\/\/www.dreamonme.ca\/fr\/products\/cribs\/full-size-cribs\/synergy-5-in-1-convertible-crib\/","title":{"rendered":"Lit Convertible Synergy 5-en-1"},"content":{"rendered":"<p>Le lit b\u00e9b\u00e9 transformable 5-en-1 Synergy de Dream On Me allie \u00e0 la perfection style et fonctionnalit\u00e9, alliant design contemporain, fonctionnalit\u00e9s compl\u00e8tes et s\u00e9curit\u00e9. Ce lit b\u00e9b\u00e9 unisexe grandit avec votre enfant ! Il se transforme en lit b\u00e9b\u00e9 (barri\u00e8re de s\u00e9curit\u00e9 vendue s\u00e9par\u00e9ment), en lit de jour et en lit double (cadre de lit double et matelas non inclus). Il est \u00e9galement \u00e9quip\u00e9 d'un sommier r\u00e9glable sur 3 positions. S\u00e9curit\u00e9 et durabilit\u00e9 sont garanties avec le lit b\u00e9b\u00e9 transformable Synergy. Con\u00e7u pour durer, il est fabriqu\u00e9 en pin massif de Nouvelle-Z\u00e9lande recycl\u00e9. Tous les lits b\u00e9b\u00e9 Dream On Me sont certifi\u00e9s JPMA et r\u00e9pondent \u00e0 toutes les normes ASTM et CPSC applicables. Tous nos produits sont test\u00e9s par des laboratoires ind\u00e9pendants pour la pr\u00e9sence de plomb et d'autres \u00e9l\u00e9ments toxiques, afin de respecter ou de d\u00e9passer les normes de s\u00e9curit\u00e9 CPSC et ASTM. Le Synergy est disponible dans de magnifiques finitions qui vous permettent de cr\u00e9er la chambre de vos r\u00eaves : contemporaine, fantaisiste, f\u00e9erique, vintage\u2026 Laissez libre cours \u00e0 votre imagination ! Il s'agit d'un lit b\u00e9b\u00e9 standard de taille standard, mesurant 135 cm (L) x 74 cm (l) x 100 cm (H). Pour un ajustement optimal, nous recommandons un matelas Dream On Me ou Evolur de taille standard, non toxique et certifi\u00e9 Greenguard.<\/p>\n<p class=\"jpma-ggg\" style=\"text-align: center;\"><a href=\"https:\/\/dreamonme.com\/jpma-certification\/\" target=\"_blank\" rel=\"noopener noreferrer\"><img decoding=\"async\" class=\"finalist\" style=\"max-width: 128px !important; width: 30%; display: inline-block; padding: 5px;\" src=\"https:\/\/dreamonme.ca\/wp-content\/uploads\/JPMA-Certified-01.png\" alt=\"JPMA Certified\" \/><\/a><a href=\"https:\/\/dreamonme.com\/what-is-greenguard-gold-certification\/\" target=\"_blank\" rel=\"noopener noreferrer\"><img decoding=\"async\" class=\"finalist\" style=\"max-width: 128px !important; margin-top: 5px; margin-left: 30px; width: 30%; display: inline-block; padding: 5px;\" src=\"https:\/\/dreamonme.ca\/wp-content\/uploads\/Greenguard-Gold-Logo-01.png\" alt=\"GREENGUARD GOLD Certified\" \/><\/a><\/p>","protected":false},"excerpt":{"rendered":"<p>The Dream On Me Synergy 5-in-1 Convertible Crib is the perfect blend of style and substance, bringing together contemporary design with abundant features and a focus on safety. This gender-neutral crib grows with your child! It converts from a crib to toddler bed, toddler bed rail sold separately) a daybed and full-size bed (full-size bed [&hellip;]<\/p>","protected":false},"featured_media":44143,"comment_status":"closed","ping_status":"closed","template":"","meta":[],"product_cat":[15],"product_tag":[],"class_list":["post-1001","product","type-product","status-publish","has-post-thumbnail","hentry","product_cat-full-size-cribs"],"_links":{"self":[{"href":"https:\/\/www.dreamonme.ca\/fr\/wp-json\/wp\/v2\/product\/1001","targetHints":{"allow":["GET"]}}],"collection":[{"href":"https:\/\/www.dreamonme.ca\/fr\/wp-json\/wp\/v2\/product"}],"about":[{"href":"https:\/\/www.dreamonme.ca\/fr\/wp-json\/wp\/v2\/types\/product"}],"replies":[{"embeddable":true,"href":"https:\/\/www.dreamonme.ca\/fr\/wp-json\/wp\/v2\/comments?post=1001"}],"wp:featuredmedia":[{"embeddable":true,"href":"https:\/\/www.dreamonme.ca\/fr\/wp-json\/wp\/v2\/media\/44143"}],"wp:attachment":[{"href":"https:\/\/www.dreamonme.ca\/fr\/wp-json\/wp\/v2\/media?parent=1001"}],"wp:term":[{"taxonomy":"product_cat","embeddable":true,"href":"https:\/\/www.dreamonme.ca\/fr\/wp-json\/wp\/v2\/product_cat?post=1001"},{"taxonomy":"product_tag","embeddable":true,"href":"https:\/\/www.dreamonme.ca\/fr\/wp-json\/wp\/v2\/product_tag?post=1001"}],"curies":[{"name":"wp","href":"https:\/\/api.w.org\/{rel}","templated":true}]}}