{"id":10267,"date":"2018-02-20T11:13:31","date_gmt":"2018-02-20T16:13:31","guid":{"rendered":"https:\/\/dreamonme.com\/?post_type=product&#038;p=10267"},"modified":"2025-05-13T05:10:07","modified_gmt":"2025-05-13T09:10:07","slug":"cape-cod-5-in-1-convertible-crib","status":"publish","type":"product","link":"https:\/\/www.dreamonme.ca\/fr\/products\/cribs\/full-size-cribs\/cape-cod-5-in-1-convertible-crib\/","title":{"rendered":"Cape Cod Lit de b\u00e9b\u00e9 convertible 5 en 1"},"content":{"rendered":"<p>Le berceau convertible 5 en 1 Cape Cod est un achat \u00e0 vie qui grandit sans effort avec votre enfant, ce qui en fait un favori des parents\u00a0! S\u00e9curitaire et \u00e9l\u00e9gant, il suit le rythme de votre enfant et se transforme facilement en lit pour tout-petit et en lit de repos (ensemble de conversion vendu s\u00e9par\u00e9ment). Le panneau arri\u00e8re se transforme sans effort en t\u00eate de lit pleine grandeur - ajoutez notre cadre de lit (vendu s\u00e9par\u00e9ment) et utilisez-le comme un lit pleine grandeur ! Il offre la commodit\u00e9 de 4 positions de hauteur de matelas et peut \u00eatre ajust\u00e9 en fonction de l'\u00e2ge de votre b\u00e9b\u00e9. Fabriqu\u00e9 en pin n\u00e9o-z\u00e9landais durable, durable et renouvelable, le design neutre du Cape Cod est \u00e0 la mode et tendance, ce qui en fait un choix incontournable pour les parents modernes. Il est dot\u00e9 d'un panneau arri\u00e8re complet avec des moulures d\u00e9taill\u00e9es et des lignes de routage, ce qui lui conf\u00e8re un attrait universel. Disponible en huit finis audacieux, il compl\u00e8te une vari\u00e9t\u00e9 de th\u00e8mes de d\u00e9coration de chambre d'enfant et de chambre. Tous nos berceaux sont con\u00e7us en mettant l'accent sur la s\u00e9curit\u00e9, sont certifi\u00e9s JPMA et r\u00e9pondent \u00e0 toutes les normes ASTM\/CPSC applicables. Tous les outils pour l'assemblage sont inclus. Il mesure 55 L x 30 W x 44.5 H pouces\u00a0; La capacit\u00e9 de poids maximale est de 50 lb. Pour un ajustement optimal, nous recommandons n'importe quel matelas de berceau standard, pleine grandeur, non toxique et certifi\u00e9 Greenguard Gold Dream on Me ou Evolur (vendu s\u00e9par\u00e9ment).<\/p>\n<p><\/p>\n<p class=\"jpma-ggg\" style=\"text-align: center;\"><a href=\"https:\/\/dreamonme.com\/jpma-certification\/\" target=\"_blank\" rel=\"noopener noreferrer\"><img decoding=\"async\" class=\"finalist\" style=\"max-width: 100px !important; max-height: 186px !important; width: 30%; display: inline-block; padding: 5px;\" src=\"https:\/\/dreamonme.com\/vt1\/wp-content\/uploads\/JPMA-Certified.jpg\" alt=\"JPMA Certified\" \/><\/a><a href=\"https:\/\/dreamonme.com\/what-is-greenguard-gold-certification\/\" target=\"_blank\" rel=\"noopener noreferrer\"><img decoding=\"async\" class=\"finalist\" style=\"max-width: 105px !important; margin-top: 5px; margin-left: 30px; width: 30%; display: inline-block; padding: 5px;\" src=\"https:\/\/dreamonme.com\/vt1\/wp-content\/uploads\/GREENGUARD.jpg\" alt=\"GREENGUARD GOLD Certified\" \/><\/a><\/p>","protected":false},"excerpt":{"rendered":"<p>The Cape Cod 5-in-1 Convertible Crib is a lifetime buy that effortlessly grows with your child making it a parent favorite! Safe and stylish, it keeps pace with your child, transitioning easily into a toddler and daybed (conversion kit sold separately). The back panel converts effortlessly into a full-size headboard- add our bed frame (sold [&hellip;]<\/p>","protected":false},"featured_media":46290,"comment_status":"closed","ping_status":"closed","template":"","meta":[],"product_cat":[15],"product_tag":[],"class_list":["post-10267","product","type-product","status-publish","has-post-thumbnail","hentry","product_cat-full-size-cribs"],"_links":{"self":[{"href":"https:\/\/www.dreamonme.ca\/fr\/wp-json\/wp\/v2\/product\/10267","targetHints":{"allow":["GET"]}}],"collection":[{"href":"https:\/\/www.dreamonme.ca\/fr\/wp-json\/wp\/v2\/product"}],"about":[{"href":"https:\/\/www.dreamonme.ca\/fr\/wp-json\/wp\/v2\/types\/product"}],"replies":[{"embeddable":true,"href":"https:\/\/www.dreamonme.ca\/fr\/wp-json\/wp\/v2\/comments?post=10267"}],"wp:featuredmedia":[{"embeddable":true,"href":"https:\/\/www.dreamonme.ca\/fr\/wp-json\/wp\/v2\/media\/46290"}],"wp:attachment":[{"href":"https:\/\/www.dreamonme.ca\/fr\/wp-json\/wp\/v2\/media?parent=10267"}],"wp:term":[{"taxonomy":"product_cat","embeddable":true,"href":"https:\/\/www.dreamonme.ca\/fr\/wp-json\/wp\/v2\/product_cat?post=10267"},{"taxonomy":"product_tag","embeddable":true,"href":"https:\/\/www.dreamonme.ca\/fr\/wp-json\/wp\/v2\/product_tag?post=10267"}],"curies":[{"name":"wp","href":"https:\/\/api.w.org\/{rel}","templated":true}]}}