{"id":11295,"date":"2018-09-19T10:17:49","date_gmt":"2018-09-19T14:17:49","guid":{"rendered":"https:\/\/dreamonme.com\/catalog\/playpens\/travel-light-play-yard\/"},"modified":"2025-04-14T01:12:36","modified_gmt":"2025-04-14T05:12:36","slug":"travel-light-playard","status":"publish","type":"product","link":"https:\/\/www.dreamonme.ca\/fr\/products\/baby-gears\/playpens-playards\/travel-light-playard\/","title":{"rendered":"Travel Light Parc de b\u00e9b\u00e9"},"content":{"rendered":"<p>Le parc de voyage l\u00e9ger Dream On Me est un endroit s\u00e9curitaire et s\u00e9curitaire o\u00f9 votre enfant peut jouer\u00a0! Il est l\u00e9ger, robuste, portatif et le compagnon de voyage id\u00e9al. Le parc Travel Light s'installe et se replie en quelques secondes. Il se glisse facilement dans le sac de transport fourni. Le parc Travel Light est \u00e9quip\u00e9 d'un matelas doux et confortable, pour des moments de jeu confortables ! D\u00e9couvrez la gamme de matelas de parc Dream on Me pour un ajustement parfait. Votre enfant n'est jamais hors de vue dans le parc Travel Light. Ses c\u00f4t\u00e9s sont faits d'un tissu en maille respirant, doux et a\u00e9r\u00e9, ce qui signifie que vous pouvez toujours garder un \u0153il sur votre b\u00e9b\u00e9 et qu'il permet \u00e9galement \u00e0 votre b\u00e9b\u00e9 de regarder dehors. Le parc est fabriqu\u00e9 avec un cadre en aluminium robuste, des coutures renforc\u00e9es et un syst\u00e8me de verrouillage pour plus de s\u00e9curit\u00e9. Le tissu et la maille sont exempts d'allerg\u00e8nes nocifs. Les parois en maille et le fond en nylon peuvent \u00eatre facilement nettoy\u00e9s : il suffit de les essuyer avec un linge humide et du savon ! Les dimensions du produit sont 40,5 x 27 x 26 pouces.<\/p>\n<p><strong>Conseils de s\u00e9curit\u00e9 :<\/strong> <em>Gardez les articles mous et la literie hors de port\u00e9e des nourrissons et ne les utilisez pas dans le parc, car ils peuvent causer par inadvertance une suffocation. De plus, la literie a \u00e9t\u00e9 associ\u00e9e au syndrome de mort subite du nourrisson.<\/em><\/p>\n<p><a class=\"jpma-mattress jpma-50\" width=\"50%\" style=\"cursor: inherit;\" rel=\"noopener noreferrer\"><img decoding=\"async\" src=\"https:\/\/dreamonme.ca\/wp-content\/uploads\/Top-Travel-of-the-year-2020.png\" alt=\"Top Travel of the Year\" width=\"100%\"\/><\/a><a class=\"jpma-mattress jpma-50\" width=\"50%\" style=\"cursor: inherit;\" rel=\"noopener noreferrer\"><img decoding=\"async\" src=\"https:\/\/dreamonme.ca\/wp-content\/uploads\/2020-Travel-Fun-Year.png\" alt=\"Product of the Year\" width=\"100%\"\/><\/a><\/p>\n<style>\n.video_responsive{\n    overflow:hidden;\n    padding-bottom:56.25%;\n    position:relative;\n    height:0;\n}\n.video_responsive iframe{\n    left:0;\n    top:0;\n    height:100%;\n    width:100%;\n    position:absolute;\n}\nli.test_tab_tab {\n    display: none !important;\n}\n.jpma-50{\nwidth:50% !important;\nfloat:left !important;\npadding-bottom:10px;\n}\n.jpma-50 img{\n    width: 100%;\n    max-width:130px;\n}\n<\/style>","protected":false},"excerpt":{"rendered":"<p>The Dream On Me Travel Light Playard is a safe, secure place for your child to play in! It is lightweight, sturdy, portable, and the ideal travel partner. The Travel Light Playard sets up and folds down in seconds. It fits easily in the provided carry bag. The Travel Light Playard is equipped with a [&hellip;]<\/p>","protected":false},"featured_media":44576,"comment_status":"closed","ping_status":"closed","template":"","meta":[],"product_cat":[24],"product_tag":[],"class_list":["post-11295","product","type-product","status-publish","has-post-thumbnail","hentry","product_cat-playpens-playards"],"_links":{"self":[{"href":"https:\/\/www.dreamonme.ca\/fr\/wp-json\/wp\/v2\/product\/11295","targetHints":{"allow":["GET"]}}],"collection":[{"href":"https:\/\/www.dreamonme.ca\/fr\/wp-json\/wp\/v2\/product"}],"about":[{"href":"https:\/\/www.dreamonme.ca\/fr\/wp-json\/wp\/v2\/types\/product"}],"replies":[{"embeddable":true,"href":"https:\/\/www.dreamonme.ca\/fr\/wp-json\/wp\/v2\/comments?post=11295"}],"wp:featuredmedia":[{"embeddable":true,"href":"https:\/\/www.dreamonme.ca\/fr\/wp-json\/wp\/v2\/media\/44576"}],"wp:attachment":[{"href":"https:\/\/www.dreamonme.ca\/fr\/wp-json\/wp\/v2\/media?parent=11295"}],"wp:term":[{"taxonomy":"product_cat","embeddable":true,"href":"https:\/\/www.dreamonme.ca\/fr\/wp-json\/wp\/v2\/product_cat?post=11295"},{"taxonomy":"product_tag","embeddable":true,"href":"https:\/\/www.dreamonme.ca\/fr\/wp-json\/wp\/v2\/product_tag?post=11295"}],"curies":[{"name":"wp","href":"https:\/\/api.w.org\/{rel}","templated":true}]}}