{"id":12673,"date":"2019-03-29T08:24:10","date_gmt":"2019-03-29T12:24:10","guid":{"rendered":"https:\/\/dreamonme.com\/catalog\/accessories\/universal-convertible-crib-toddler-guard-rail\/"},"modified":"2025-05-21T05:01:54","modified_gmt":"2025-05-21T09:01:54","slug":"universal-convertible-crib-toddler-guard-rail","status":"publish","type":"product","link":"https:\/\/www.dreamonme.ca\/fr\/products\/cribs\/accessories\/universal-convertible-crib-toddler-guard-rail\/","title":{"rendered":"Barri\u00e8re de s\u00e9curit\u00e9 universelle pour lit de b\u00e9b\u00e9 convertible"},"content":{"rendered":"<p>Pr\u00e9sentation de la barri\u00e8re de s\u00e9curit\u00e9 pour lit de b\u00e9b\u00e9 convertible Dream On Me \u2013 La s\u00e9curit\u00e9 et le confort de votre enfant sont notre priorit\u00e9 absolue lors de sa transition du lit de b\u00e9b\u00e9 au lit pour tout-petit. Cette barri\u00e8re de s\u00e9curit\u00e9 sp\u00e9cialement con\u00e7ue permet de transformer le berceau en lit pour tout-petit, offrant ainsi un environnement de sommeil s\u00e9curitaire et confortable.<\/p>","protected":false},"excerpt":{"rendered":"<p>Pr\u00e9sentation de la barri\u00e8re de s\u00e9curit\u00e9 pour lit de b\u00e9b\u00e9 convertible Dream On Me \u2013 La s\u00e9curit\u00e9 et le confort de votre enfant sont notre priorit\u00e9 absolue lors de sa transition du lit de b\u00e9b\u00e9 au lit pour tout-petit. Cette barri\u00e8re de s\u00e9curit\u00e9 sp\u00e9cialement con\u00e7ue permet de transformer le berceau en lit pour tout-petit, offrant ainsi un environnement de sommeil s\u00e9curitaire et confortable.<\/p>","protected":false},"featured_media":45100,"comment_status":"closed","ping_status":"closed","template":"","meta":[],"product_cat":[127],"product_tag":[],"class_list":["post-12673","product","type-product","status-publish","has-post-thumbnail","hentry","product_cat-accessories"],"_links":{"self":[{"href":"https:\/\/www.dreamonme.ca\/fr\/wp-json\/wp\/v2\/product\/12673","targetHints":{"allow":["GET"]}}],"collection":[{"href":"https:\/\/www.dreamonme.ca\/fr\/wp-json\/wp\/v2\/product"}],"about":[{"href":"https:\/\/www.dreamonme.ca\/fr\/wp-json\/wp\/v2\/types\/product"}],"replies":[{"embeddable":true,"href":"https:\/\/www.dreamonme.ca\/fr\/wp-json\/wp\/v2\/comments?post=12673"}],"wp:featuredmedia":[{"embeddable":true,"href":"https:\/\/www.dreamonme.ca\/fr\/wp-json\/wp\/v2\/media\/45100"}],"wp:attachment":[{"href":"https:\/\/www.dreamonme.ca\/fr\/wp-json\/wp\/v2\/media?parent=12673"}],"wp:term":[{"taxonomy":"product_cat","embeddable":true,"href":"https:\/\/www.dreamonme.ca\/fr\/wp-json\/wp\/v2\/product_cat?post=12673"},{"taxonomy":"product_tag","embeddable":true,"href":"https:\/\/www.dreamonme.ca\/fr\/wp-json\/wp\/v2\/product_tag?post=12673"}],"curies":[{"name":"wp","href":"https:\/\/api.w.org\/{rel}","templated":true}]}}