{"id":14621,"date":"2019-11-14T07:56:19","date_gmt":"2019-11-14T12:56:19","guid":{"rendered":"https:\/\/dreamonme.com\/catalog\/swings\/zazu-cradling-swing\/"},"modified":"2025-04-14T06:20:08","modified_gmt":"2025-04-14T10:20:08","slug":"zazu-swing","status":"publish","type":"product","link":"https:\/\/www.dreamonme.ca\/fr\/products\/baby-gears\/swings-rockers\/zazu-swing\/","title":{"rendered":"Zazu Balan\u00e7oire"},"content":{"rendered":"<p>D\u00e9couvrez le Zazu, une balan\u00e7oire confortable de Dream On Me con\u00e7ue et con\u00e7ue pour r\u00e9conforter b\u00e9b\u00e9 de la naissance \u00e0 six mois. Le Zazu est le laur\u00e9at des prix NAPPA 2020. Son cadre compact et contemporain et ses multiples m\u00e9lodies de berceuses constituent une solution apaisante \u00e0 la maison ou en d\u00e9placement pour que vous puissiez profiter de quelques moments mains libres suppl\u00e9mentaires dans votre journ\u00e9e. Avec 5 vitesses au choix, vous pouvez choisir la vitesse de balancement que votre b\u00e9b\u00e9 pr\u00e9f\u00e8re le plus. Branchez votre t\u00e9l\u00e9phone \u00e0 l'aide de sa fonction Bluetooth et \u00e9coutez vos m\u00e9lodies pr\u00e9f\u00e9r\u00e9es et vos sons apaisants de la nature. Zazu a un jouet mobile comprenant 2 jouets en peluche qui pivotent facilement pour s'\u00e9carter. Le si\u00e8ge est orn\u00e9 d'imprim\u00e9s pastel qui compl\u00e9teront avec go\u00fbt votre d\u00e9coration int\u00e9rieure. Le Zazu est livr\u00e9 avec un auvent en maille amovible qui est particuli\u00e8rement utile lorsque b\u00e9b\u00e9 est \u00e0 l'ext\u00e9rieur - il \u00e9loigne les insectes et les animaux curieux. Ayez l'esprit tranquille gr\u00e2ce au harnais \u00e0 5 points du Zazu, au coussin de si\u00e8ge antid\u00e9rapant et facile \u00e0 nettoyer. Le Zazu r\u00e9pond \u00e0 toutes les normes CPSC et ASTM applicables. Dimensions : 25\u2033 L x 21,5\u2033 l x 19,5\u2033 H pouces.<\/p>\n<div style=\"text-align: right; margin-bottom: 25px; float: right;\"><a href=\"https:\/\/www.nappaawards.com\/product\/zazu-cradling-swing\/\" target=\"_blank\" rel=\"noopener noreferrer\"><img decoding=\"async\" style=\"max-width: 140px;\" src=\"https:\/\/dreamonme.ca\/wp-content\/uploads\/NAPPA-seal-2020.png\" alt=\"NAPPA-seal-2020\" \/><\/a><\/div>","protected":false},"excerpt":{"rendered":"<p>Meet the Zazu, a cozy swing from Dream On Me designed and engineered to comfort baby from birth to six months. The Zazu is the winner of the 2020 NAPPA Awards. It&#8217;s compact contemporary frame and multi lullaby melodies make for a soothing solution at home or on-the-go so you can use a few extra [&hellip;]<\/p>","protected":false},"featured_media":43331,"comment_status":"closed","ping_status":"closed","template":"","meta":[],"product_cat":[139],"product_tag":[],"class_list":["post-14621","product","type-product","status-publish","has-post-thumbnail","hentry","product_cat-swings-rockers"],"_links":{"self":[{"href":"https:\/\/www.dreamonme.ca\/fr\/wp-json\/wp\/v2\/product\/14621","targetHints":{"allow":["GET"]}}],"collection":[{"href":"https:\/\/www.dreamonme.ca\/fr\/wp-json\/wp\/v2\/product"}],"about":[{"href":"https:\/\/www.dreamonme.ca\/fr\/wp-json\/wp\/v2\/types\/product"}],"replies":[{"embeddable":true,"href":"https:\/\/www.dreamonme.ca\/fr\/wp-json\/wp\/v2\/comments?post=14621"}],"wp:featuredmedia":[{"embeddable":true,"href":"https:\/\/www.dreamonme.ca\/fr\/wp-json\/wp\/v2\/media\/43331"}],"wp:attachment":[{"href":"https:\/\/www.dreamonme.ca\/fr\/wp-json\/wp\/v2\/media?parent=14621"}],"wp:term":[{"taxonomy":"product_cat","embeddable":true,"href":"https:\/\/www.dreamonme.ca\/fr\/wp-json\/wp\/v2\/product_cat?post=14621"},{"taxonomy":"product_tag","embeddable":true,"href":"https:\/\/www.dreamonme.ca\/fr\/wp-json\/wp\/v2\/product_tag?post=14621"}],"curies":[{"name":"wp","href":"https:\/\/api.w.org\/{rel}","templated":true}]}}