{"id":14722,"date":"2019-12-04T05:25:35","date_gmt":"2019-12-04T10:25:35","guid":{"rendered":"https:\/\/dreamonme.com\/?post_type=product&#038;p=14722"},"modified":"2025-04-14T05:47:40","modified_gmt":"2025-04-14T09:47:40","slug":"nest-portable-playard","status":"publish","type":"product","link":"https:\/\/www.dreamonme.ca\/fr\/products\/baby-gears\/playpens-playards\/nest-portable-playard\/","title":{"rendered":"Nest Parc portatif"},"content":{"rendered":"<p>Le parc portatif Nest est un parc prim\u00e9 et sans tracas : le m\u00e9lange parfait de s\u00e9curit\u00e9 et de commodit\u00e9 au meilleur prix possible. Le Nest offre une commodit\u00e9 et une portabilit\u00e9 in\u00e9gal\u00e9es. Son cadre en aluminium l\u00e9ger vous permet de le transporter facilement \u00e0 l'int\u00e9rieur, garantissant ainsi que votre enfant est toujours \u00e0 proximit\u00e9. L'assemblage est simple et prend quelques secondes, gr\u00e2ce \u00e0 un assemblage sans outil et un m\u00e9canisme de pliage rapide. Il se plie et se range de mani\u00e8re compacte dans le sac fourre-tout fourni, ce qui en fait le compagnon de voyage id\u00e9al. Parfait pour les vacances ou lorsque vous rendez visite \u00e0 grand-maman ! <\/p>\n<p>Il n\u2019est pas \u00e9tonnant qu\u2019il ait remport\u00e9 le prix National Parenting Product Awards 2020. Le nid est fait de tissu mousse polyester s\u00e9curitaire et confortable. Les quatre c\u00f4t\u00e9s en maille a\u00e9r\u00e9e permettent une respirabilit\u00e9 et une visibilit\u00e9 faciles \u2013 pour vous et LO ! Il comprend un matelas pliable confortable, id\u00e9al pour jouer et m\u00eame pour une sieste rapide. Il pr\u00e9sente un design contemporain et est offert en cinq finitions. Pour nettoyer, essuyez avec un linge humide et laissez s\u00e9cher \u00e0 l'air libre. Il r\u00e9pond \u00e0 toutes les normes CPSC\/ASTM applicables. Les dimensions du produit sont 40 L x 28 l x 24 H pouces\u00a0; il p\u00e8se 16,85 livres. Il est destin\u00e9 aux enfants mesurant moins de 36 pouces (ou lorsqu'un enfant est capable de grimper).<\/p>\n<p><strong>Conseils de s\u00e9curit\u00e9 :<\/strong> <em>Gardez les articles mous et la literie hors de port\u00e9e des nourrissons et ne les utilisez pas dans le parc, car ils peuvent causer par inadvertance une suffocation. De plus, la literie a \u00e9t\u00e9 associ\u00e9e au syndrome de mort subite du nourrisson.<\/em><\/p>\n<div style=\"text-align: right; margin-bottom: 25px; float: right;\"><a href=\"https:\/\/www.nappaawards.com\/product\/nest-portable-playard\/\" target=\"_blank\" rel=\"noopener noreferrer\"><img decoding=\"async\" style=\"max-width: 140px;\" src=\"https:\/\/dreamonme.ca\/wp-content\/uploads\/NAPPA-seal-2020.png\" alt=\"NAPPA 2020\" \/><\/a><\/div>\n<style>\n.video_responsive{\n    overflow:hidden;\n    padding-bottom:56.25%;\n    position:relative;\n    height:0;\n}\n.video_responsive iframe{\n    left:0;\n    top:0;\n    height:100%;\n    width:100%;\n    position:absolute;\n}\n<\/style>","protected":false},"excerpt":{"rendered":"<p>The Nest Portable Playard is an award winning hassle-free playard &#8211; the perfect blend of safety and convenience at the best possible price. The Nest offers unmatched convenience and portability. It\u2019s lightweight aluminium frame allows you to carry it around easily indoors, ensuring your child is always nearby. Assembly is fuss-free and takes seconds, thanks [&hellip;]<\/p>","protected":false},"featured_media":44549,"comment_status":"closed","ping_status":"closed","template":"","meta":[],"product_cat":[24],"product_tag":[],"class_list":["post-14722","product","type-product","status-publish","has-post-thumbnail","hentry","product_cat-playpens-playards"],"_links":{"self":[{"href":"https:\/\/www.dreamonme.ca\/fr\/wp-json\/wp\/v2\/product\/14722","targetHints":{"allow":["GET"]}}],"collection":[{"href":"https:\/\/www.dreamonme.ca\/fr\/wp-json\/wp\/v2\/product"}],"about":[{"href":"https:\/\/www.dreamonme.ca\/fr\/wp-json\/wp\/v2\/types\/product"}],"replies":[{"embeddable":true,"href":"https:\/\/www.dreamonme.ca\/fr\/wp-json\/wp\/v2\/comments?post=14722"}],"wp:featuredmedia":[{"embeddable":true,"href":"https:\/\/www.dreamonme.ca\/fr\/wp-json\/wp\/v2\/media\/44549"}],"wp:attachment":[{"href":"https:\/\/www.dreamonme.ca\/fr\/wp-json\/wp\/v2\/media?parent=14722"}],"wp:term":[{"taxonomy":"product_cat","embeddable":true,"href":"https:\/\/www.dreamonme.ca\/fr\/wp-json\/wp\/v2\/product_cat?post=14722"},{"taxonomy":"product_tag","embeddable":true,"href":"https:\/\/www.dreamonme.ca\/fr\/wp-json\/wp\/v2\/product_tag?post=14722"}],"curies":[{"name":"wp","href":"https:\/\/api.w.org\/{rel}","templated":true}]}}