{"id":16639,"date":"2020-08-21T11:03:41","date_gmt":"2020-08-21T15:03:41","guid":{"rendered":"https:\/\/dreamonme.com\/catalog\/highchairs\/solid-times-high-chair\/"},"modified":"2025-04-09T10:32:07","modified_gmt":"2025-04-09T14:32:07","slug":"solid-times-high-chair","status":"publish","type":"product","link":"https:\/\/www.dreamonme.ca\/fr\/products\/baby-gears\/highchairs\/solid-times-high-chair\/","title":{"rendered":"Chaise haute Solid Times"},"content":{"rendered":"<p><strong>Chaise haute Dream On Me Solid Times | Chaise haute compacte et \u00e9l\u00e9gante | Plusieurs positions d'inclinaison et de hauteur | Chaise haute portable l\u00e9g\u00e8re<\/strong><\/p>\n<p>Votre b\u00e9b\u00e9 est-il pr\u00eat \u00e0 manger des aliments solides\u00a0? \u00c0 d\u00e9couvrir de nouvelles saveurs et de nouvelles textures\u00a0? Dream On Me pr\u00e9sente la chaise haute Solid Times, un choix robuste et abordable pour accompagner votre tout-petit dans un voyage passionnant de d\u00e9couverte culinaire. La chaise haute Solid Times offre une adaptabilit\u00e9 incroyable. Sa hauteur r\u00e9glable sur 6 positions s'adapte \u00e0 toutes les hauteurs de table. Elle est \u00e9galement dot\u00e9e d'une inclinaison d'assise r\u00e9glable sur 5 positions et d'un double plateau r\u00e9glable sur 3 positions. Ce plateau est divis\u00e9 en compartiments\u00a0: servez de petites portions pour permettre \u00e0 votre enfant de toucher, sentir et go\u00fbter une grande vari\u00e9t\u00e9 d'aliments\u00a0! Son si\u00e8ge rembourr\u00e9 offre un confort optimal \u00e0 votre b\u00e9b\u00e9. Dot\u00e9e de quatre roulettes faciles \u00e0 d\u00e9placer, la chaise haute Solid Times est extr\u00eamement portable et se d\u00e9place facilement d'une pi\u00e8ce \u00e0 l'autre. Facile \u00e0 ranger, elle se plie pour former un meuble compact et autonome, le plateau repas \u00e9tant fix\u00e9 \u00e0 l'arri\u00e8re. Choisissez parmi deux finitions populaires\u00a0: noir et gris. Cette chaise haute est un ajout pratique \u00e0 votre int\u00e9rieur et facile \u00e0 nettoyer. Il suffit de laver le plateau \u00e0 l'eau chaude savonneuse et d'essuyer le si\u00e8ge avec une lingette humide ou s\u00e8che. Chez Dream On Me, la s\u00e9curit\u00e9 est notre priorit\u00e9 absolue. La chaise haute Solid Times est \u00e9quip\u00e9e d'un harnais de s\u00e9curit\u00e9 \u00e0 5 points et r\u00e9pond \u00e0 toutes les normes ASTM et CPSC. Dimensions\u00a0: 77,5\u00a0cm (L) x 58,4\u00a0cm (l) x 100\u00a0cm (H). Poids\u00a0: 6,3\u00a0kg.<\/p>","protected":false},"excerpt":{"rendered":"<p>Dream On Me Solid Times High chair | Compact &#038; Sleek High Chair | Multiple Recline and Height Positions | Light weight Portable Highchair Is your baby ready for solid foods? Is he\/she prepared to taste new flavors and discover new textures? Dream On Me presents the Solid Times High Chair &#8211; a well built [&hellip;]<\/p>","protected":false},"featured_media":44320,"comment_status":"closed","ping_status":"closed","template":"","meta":[],"product_cat":[983],"product_tag":[],"class_list":["post-16639","product","type-product","status-publish","has-post-thumbnail","hentry","product_cat-highchairs"],"_links":{"self":[{"href":"https:\/\/www.dreamonme.ca\/fr\/wp-json\/wp\/v2\/product\/16639","targetHints":{"allow":["GET"]}}],"collection":[{"href":"https:\/\/www.dreamonme.ca\/fr\/wp-json\/wp\/v2\/product"}],"about":[{"href":"https:\/\/www.dreamonme.ca\/fr\/wp-json\/wp\/v2\/types\/product"}],"replies":[{"embeddable":true,"href":"https:\/\/www.dreamonme.ca\/fr\/wp-json\/wp\/v2\/comments?post=16639"}],"wp:featuredmedia":[{"embeddable":true,"href":"https:\/\/www.dreamonme.ca\/fr\/wp-json\/wp\/v2\/media\/44320"}],"wp:attachment":[{"href":"https:\/\/www.dreamonme.ca\/fr\/wp-json\/wp\/v2\/media?parent=16639"}],"wp:term":[{"taxonomy":"product_cat","embeddable":true,"href":"https:\/\/www.dreamonme.ca\/fr\/wp-json\/wp\/v2\/product_cat?post=16639"},{"taxonomy":"product_tag","embeddable":true,"href":"https:\/\/www.dreamonme.ca\/fr\/wp-json\/wp\/v2\/product_tag?post=16639"}],"curies":[{"name":"wp","href":"https:\/\/api.w.org\/{rel}","templated":true}]}}