{"id":16850,"date":"2020-09-02T11:11:34","date_gmt":"2020-09-02T15:11:34","guid":{"rendered":"https:\/\/dreamonme.com\/catalog\/accessories\/universal-bed-rail\/"},"modified":"2025-05-27T08:17:44","modified_gmt":"2025-05-27T12:17:44","slug":"universal-bed-rail","status":"publish","type":"product","link":"https:\/\/www.dreamonme.ca\/fr\/products\/cribs\/accessories\/universal-bed-rail\/","title":{"rendered":"Barri\u00e8re de lit Universelle"},"content":{"rendered":"<p>D\u00e9couvrez la barri\u00e8re de lit en bois Dream On Me pour lit de b\u00e9b\u00e9 transformable en lit double. La solution id\u00e9ale pour r\u00e9pondre aux besoins de votre enfant en pleine croissance. Cette barri\u00e8re de lit sp\u00e9cialement con\u00e7ue vous permet de transformer le lit de b\u00e9b\u00e9 en lit double, offrant ainsi un espace g\u00e9n\u00e9reux pour le confort de votre enfant.<\/p>","protected":false},"excerpt":{"rendered":"<p>D\u00e9couvrez la barri\u00e8re de lit en bois Dream On Me pour lit de b\u00e9b\u00e9 transformable en lit double. La solution id\u00e9ale pour r\u00e9pondre aux besoins de votre enfant en pleine croissance. Cette barri\u00e8re de lit sp\u00e9cialement con\u00e7ue vous permet de transformer le lit de b\u00e9b\u00e9 en lit double, offrant ainsi un espace g\u00e9n\u00e9reux pour le confort de votre enfant.<\/p>","protected":false},"featured_media":46550,"comment_status":"closed","ping_status":"closed","template":"","meta":[],"product_cat":[127],"product_tag":[],"class_list":["post-16850","product","type-product","status-publish","has-post-thumbnail","hentry","product_cat-accessories"],"_links":{"self":[{"href":"https:\/\/www.dreamonme.ca\/fr\/wp-json\/wp\/v2\/product\/16850","targetHints":{"allow":["GET"]}}],"collection":[{"href":"https:\/\/www.dreamonme.ca\/fr\/wp-json\/wp\/v2\/product"}],"about":[{"href":"https:\/\/www.dreamonme.ca\/fr\/wp-json\/wp\/v2\/types\/product"}],"replies":[{"embeddable":true,"href":"https:\/\/www.dreamonme.ca\/fr\/wp-json\/wp\/v2\/comments?post=16850"}],"wp:featuredmedia":[{"embeddable":true,"href":"https:\/\/www.dreamonme.ca\/fr\/wp-json\/wp\/v2\/media\/46550"}],"wp:attachment":[{"href":"https:\/\/www.dreamonme.ca\/fr\/wp-json\/wp\/v2\/media?parent=16850"}],"wp:term":[{"taxonomy":"product_cat","embeddable":true,"href":"https:\/\/www.dreamonme.ca\/fr\/wp-json\/wp\/v2\/product_cat?post=16850"},{"taxonomy":"product_tag","embeddable":true,"href":"https:\/\/www.dreamonme.ca\/fr\/wp-json\/wp\/v2\/product_tag?post=16850"}],"curies":[{"name":"wp","href":"https:\/\/api.w.org\/{rel}","templated":true}]}}