{"id":1994,"date":"2014-05-28T09:50:24","date_gmt":"2014-05-28T13:50:24","guid":{"rendered":"http:\/\/dreamonme.com\/vt1\/?post_type=product&#038;p=1994"},"modified":"2025-04-14T06:00:48","modified_gmt":"2025-04-14T10:00:48","slug":"lacy-portable-2-in-1-bassinet-cradle","status":"publish","type":"product","link":"https:\/\/www.dreamonme.ca\/fr\/products\/baby-gears\/bassinets-carriers\/lacy-portable-2-in-1-bassinet-cradle\/","title":{"rendered":"Lacy Berceau et berceau portatif 2 en 1"},"content":{"rendered":"<p>Gracieux et fonctionnel, le berceau portatif 2 en 1 Lacy est un atout indispensable pour les premiers mois de la parentalit\u00e9. Spacieux et spacieux, il peut \u00e9galement servir de berceau \u00e0 bascule apaisant : il suffit de faire pivoter ses roues vers le haut pour le convertir. Quoi de mieux que d'avoir un berceau et un berceau, tout-en-un ? Lacy a un cadre en aluminium l\u00e9ger et est livr\u00e9 avec des roulettes verrouillables \u00e0 capuchon. L\u00e9ger et portable, il vous permet d'avoir toujours LO \u00e0 proximit\u00e9. Le berceau est fait d'un tissu en mousse de polyester confortable et s\u00fbr. Il pr\u00e9sente une esth\u00e9tique de design de r\u00eave gr\u00e2ce aux volants et aux froufrous. Choisissez parmi 8 finis unis\/bicolores et \u00e0 motifs qui s'int\u00e8grent facilement \u00e0 n'importe quel th\u00e8me de chambre d'enfant. Gardez tous les essentiels pour b\u00e9b\u00e9 \u00e0 port\u00e9e de main dans le grand panier de rangement sous le berceau. Le Lacy est dot\u00e9 d'un auvent polyvalent complet compos\u00e9 en partie de maille et en partie de tissu et qui aide \u00e9galement \u00e0 \u00e9loigner les insectes. Le berceau Lacy est certifi\u00e9 JPMA pour r\u00e9pondre\/d\u00e9passer les normes ASTM. Les sp\u00e9cifications du produit sont\u00a0: 34 L x 18 l x 41,5 H pouces\u00a0; il p\u00e8se 11 livres. Il comprend un surmatelas r\u00e9glementaire de 1 po d'\u00e9paisseur\u00a0; les dimensions sont\u00a0: 30 po (L) x 15 po (l) x 1 po (H). \u00c0 utiliser de la naissance jusqu'\u00e0 25\u00a0lb (11,3\u00a0kg) ou jusqu'\u00e0 ce que b\u00e9b\u00e9 puisse se relever et se retourner sans aide.<\/p>\n<p><\/p>\n<p><strong>Conseils de s\u00e9curit\u00e9 :<\/strong> <em>Gardez les objets mous et la literie hors de port\u00e9e des nourrissons et ne les utilisez pas dans les berceaux, car ils peuvent provoquer une suffocation. De plus, la literie a \u00e9t\u00e9 associ\u00e9e au syndrome de mort subite du nourrisson.<\/em><\/p>\n<p class=\"jpma-ggg\" style=\"text-align: center;\"><a href=\"https:\/\/dreamonme.com\/jpma-certification\/\" target=\"_blank\" rel=\"noopener noreferrer\"><img decoding=\"async\" class=\"finalist\" style=\"max-width: 128px !important; width: 30%; display: inline-block; padding: 5px;\" src=\"https:\/\/dreamonme.ca\/wp-content\/uploads\/JPMA-Certified-01.png\" alt=\"JPMA Certified\" \/><\/a><\/p>","protected":false},"excerpt":{"rendered":"<p>Graceful and functional, the Lacy Portable 2 in 1 Bassinet is an indispensable asset for the early months of parenthood. Spacious and roomy, it also doubles up as a soothing rocking cradle &#8211; simply rotate its wheels upwards to convert it. What could be better than having a bassinet and cradle, all-in-one? Lacy has a [&hellip;]<\/p>","protected":false},"featured_media":43291,"comment_status":"closed","ping_status":"closed","template":"","meta":[],"product_cat":[20],"product_tag":[],"class_list":["post-1994","product","type-product","status-publish","has-post-thumbnail","hentry","product_cat-bassinets-carriers"],"_links":{"self":[{"href":"https:\/\/www.dreamonme.ca\/fr\/wp-json\/wp\/v2\/product\/1994","targetHints":{"allow":["GET"]}}],"collection":[{"href":"https:\/\/www.dreamonme.ca\/fr\/wp-json\/wp\/v2\/product"}],"about":[{"href":"https:\/\/www.dreamonme.ca\/fr\/wp-json\/wp\/v2\/types\/product"}],"replies":[{"embeddable":true,"href":"https:\/\/www.dreamonme.ca\/fr\/wp-json\/wp\/v2\/comments?post=1994"}],"wp:featuredmedia":[{"embeddable":true,"href":"https:\/\/www.dreamonme.ca\/fr\/wp-json\/wp\/v2\/media\/43291"}],"wp:attachment":[{"href":"https:\/\/www.dreamonme.ca\/fr\/wp-json\/wp\/v2\/media?parent=1994"}],"wp:term":[{"taxonomy":"product_cat","embeddable":true,"href":"https:\/\/www.dreamonme.ca\/fr\/wp-json\/wp\/v2\/product_cat?post=1994"},{"taxonomy":"product_tag","embeddable":true,"href":"https:\/\/www.dreamonme.ca\/fr\/wp-json\/wp\/v2\/product_tag?post=1994"}],"curies":[{"name":"wp","href":"https:\/\/api.w.org\/{rel}","templated":true}]}}