{"id":20874,"date":"2021-06-23T06:31:32","date_gmt":"2021-06-23T10:31:32","guid":{"rendered":"https:\/\/dreamonme.com\/products\/cribs\/full-size-cribs\/synergy-5-in-1-convertible-crib-and-changer\/"},"modified":"2025-05-13T09:02:56","modified_gmt":"2025-05-13T13:02:56","slug":"hamilton-convertible-crib-and-changer","status":"publish","type":"product","link":"https:\/\/www.dreamonme.ca\/fr\/products\/cribs\/full-size-cribs\/hamilton-convertible-crib-and-changer\/","title":{"rendered":"Hamilton Lit de b\u00e9b\u00e9 convertible et table \u00e0 langer"},"content":{"rendered":"<p>Le berceau convertible et la table \u00e0 langer Dream On Me Hamilton est le m\u00e9lange parfait de style et de substance, alliant un design contemporain, maintenant combin\u00e9 \u00e0 une table \u00e0 langer attach\u00e9e pour r\u00e9pondre aux besoins de changement et de rangement de votre b\u00e9b\u00e9. Avec deux tablettes ouvertes et pratiques et une surface \u00e0 langer avec un matelas \u00e0 langer en vinyle, le lit de b\u00e9b\u00e9 convertible et la table \u00e0 langer Dream On Me Hamilton offriront une solution peu encombrante \u00e0 mesure que votre enfant continue de grandir. Il se transforme en lit de jour et en lit pour tout-petit. Il est \u00e9galement livr\u00e9 avec un syst\u00e8me de support de matelas r\u00e9glable \u00e0 3 positions. La s\u00e9curit\u00e9 et la durabilit\u00e9 ne sont jamais un probl\u00e8me avec le berceau convertible Hamilton. Il est construit pour durer, fabriqu\u00e9 \u00e0 partir de pin massif r\u00e9cup\u00e9r\u00e9 de Nouvelle-Z\u00e9lande. Tous les berceaux Dream On Me sont certifi\u00e9s JPMA et r\u00e9pondent \u00e0 toutes les normes ASTM et CPSC applicables. Tous nos produits sont test\u00e9s par des laboratoires tiers pour le plomb et d'autres \u00e9l\u00e9ments toxiques afin de respecter ou de d\u00e9passer les normes de s\u00e9curit\u00e9 CPSC et ASTM. Le Hamilton est disponible dans de belles finitions qui vous permettent de cr\u00e9er la chambre d'enfant de vos r\u00eaves - contemporaine, fantaisiste, f\u00e9erique, vintage - laissez votre imagination r\u00e9gner en ma\u00eetre ! Il s'agit d'un berceau standard de taille standard et mesure 71,0 L x 30,0 l x 36,0 H pouces. Pour un ajustement optimal, nous recommandons n'importe quel matelas Dream On Me ou Evolur pleine grandeur, non toxique et certifi\u00e9 Greenguard.<br \/>\n<\/p>\n<p class=\"jpma-ggg\" style=\"text-align: center;\"><a href=\"https:\/\/dreamonme.com\/jpma-certification\/\" target=\"_blank\" rel=\"noopener noreferrer\"><img decoding=\"async\" class=\"finalist\" style=\"max-width: 128px !important; width: 30%; display: inline-block; padding: 5px;\" src=\"https:\/\/dreamonme.ca\/wp-content\/uploads\/JPMA-Certified-01.png\" alt=\"JPMA Certified\" \/><\/a><a href=\"https:\/\/dreamonme.com\/what-is-greenguard-gold-certification\/\" target=\"_blank\" rel=\"noopener noreferrer\"><img decoding=\"async\" class=\"finalist\" style=\"max-width: 128px !important; margin-top: 5px; margin-left: 30px; width: 30%; display: inline-block; padding: 5px;\" src=\"https:\/\/dreamonme.ca\/wp-content\/uploads\/Greenguard-Gold-Logo-01.png\" alt=\"GREENGUARD GOLD Certified\" \/><\/a><\/p>\n<style>\nform.variations_form.cart .woocommerce-variation-price {\n   display: none;\n}\n<\/style>","protected":false},"excerpt":{"rendered":"<p>The Dream On Me Hamilton Convertible Crib &#038; Changer is the perfect blend of style and substance, bringing together contemporary design, now combined with an attached changer to accommodate your baby&#8217;s changing and storage needs. With two open, convenient shelves and a changing surface complete with a vinyl changing pad, the Dream On Me Hamilton [&hellip;]<\/p>","protected":false},"featured_media":45602,"comment_status":"closed","ping_status":"closed","template":"","meta":[],"product_cat":[15],"product_tag":[],"class_list":["post-20874","product","type-product","status-publish","has-post-thumbnail","hentry","product_cat-full-size-cribs"],"_links":{"self":[{"href":"https:\/\/www.dreamonme.ca\/fr\/wp-json\/wp\/v2\/product\/20874","targetHints":{"allow":["GET"]}}],"collection":[{"href":"https:\/\/www.dreamonme.ca\/fr\/wp-json\/wp\/v2\/product"}],"about":[{"href":"https:\/\/www.dreamonme.ca\/fr\/wp-json\/wp\/v2\/types\/product"}],"replies":[{"embeddable":true,"href":"https:\/\/www.dreamonme.ca\/fr\/wp-json\/wp\/v2\/comments?post=20874"}],"wp:featuredmedia":[{"embeddable":true,"href":"https:\/\/www.dreamonme.ca\/fr\/wp-json\/wp\/v2\/media\/45602"}],"wp:attachment":[{"href":"https:\/\/www.dreamonme.ca\/fr\/wp-json\/wp\/v2\/media?parent=20874"}],"wp:term":[{"taxonomy":"product_cat","embeddable":true,"href":"https:\/\/www.dreamonme.ca\/fr\/wp-json\/wp\/v2\/product_cat?post=20874"},{"taxonomy":"product_tag","embeddable":true,"href":"https:\/\/www.dreamonme.ca\/fr\/wp-json\/wp\/v2\/product_tag?post=20874"}],"curies":[{"name":"wp","href":"https:\/\/api.w.org\/{rel}","templated":true}]}}