{"id":2217,"date":"2014-05-30T10:21:54","date_gmt":"2014-05-30T14:21:54","guid":{"rendered":"http:\/\/dreamonme.com\/vt1\/?post_type=product&#038;p=2217"},"modified":"2025-04-14T02:03:02","modified_gmt":"2025-04-14T06:03:02","slug":"zodiak-portable-playard","status":"publish","type":"product","link":"https:\/\/www.dreamonme.ca\/fr\/products\/baby-gears\/playpens-playards\/zodiak-portable-playard\/","title":{"rendered":"Zodiak Portable Playard"},"content":{"rendered":"<p>The Zodiak Portable Playard is a convenient and fuss-free playard in which your little one can play and nap with ease! What makes the Zodiak your ideal travel companion? It has a lightweight aluminium frame that allow easy mobility. Assembly is quick with no tools required and it folds &#038; stores compactly in the shoulder strap carry bag provided, making it perfect for vacationing or when you are visiting relatives! The Zodiak is made of polyester foam fabric that is comfortable and safe. You will always know what your child is doing, thanks to the four airy mesh sides that allow easy visibility as well as ventilation. Other features include a padded floor as well as arced corners that offer greater safety. Fitting into your decor is never a problem &#8211; it boasts a contemporary design and comes in beautiful finishes, along with matching patterned edges. To clean, simply wipe with a damp cloth and allow to air dry. It is intended for children under 36\u2033 inches in height with a maximum weight capacity of 30 lbs.<\/p>\n<p><strong>Conseils de s\u00e9curit\u00e9 :<\/strong> <em>Gardez les articles mous et la literie hors de port\u00e9e des nourrissons et ne les utilisez pas dans le parc, car ils peuvent causer par inadvertance une suffocation. De plus, la literie a \u00e9t\u00e9 associ\u00e9e au syndrome de mort subite du nourrisson.<\/em><\/p>\n<style>\n.video_responsive{\n    overflow:hidden;\n    padding-bottom:56.25%;\n    position:relative;\n    height:0;\n}<br \/>\n.video_responsive iframe{\n    left:0;\n    top:0;\n    height:100%;\n    width:100%;\n    position:absolute;}@media (min-width:767px){.split-img-2 img {width: 48%;float:left;margin:1%;}}\n<\/style>","protected":false},"excerpt":{"rendered":"<p>The Zodiak Portable Playard is a convenient and fuss-free playard in which your little one can play and nap with ease! What makes the Zodiak your ideal travel companion? It has a lightweight aluminium frame that allow easy mobility. Assembly is quick with no tools required and it folds &#038; stores compactly in the shoulder [&hellip;]<\/p>","protected":false},"featured_media":44594,"comment_status":"closed","ping_status":"closed","template":"","meta":[],"product_cat":[24],"product_tag":[],"class_list":["post-2217","product","type-product","status-publish","has-post-thumbnail","hentry","product_cat-playpens-playards"],"_links":{"self":[{"href":"https:\/\/www.dreamonme.ca\/fr\/wp-json\/wp\/v2\/product\/2217","targetHints":{"allow":["GET"]}}],"collection":[{"href":"https:\/\/www.dreamonme.ca\/fr\/wp-json\/wp\/v2\/product"}],"about":[{"href":"https:\/\/www.dreamonme.ca\/fr\/wp-json\/wp\/v2\/types\/product"}],"replies":[{"embeddable":true,"href":"https:\/\/www.dreamonme.ca\/fr\/wp-json\/wp\/v2\/comments?post=2217"}],"wp:featuredmedia":[{"embeddable":true,"href":"https:\/\/www.dreamonme.ca\/fr\/wp-json\/wp\/v2\/media\/44594"}],"wp:attachment":[{"href":"https:\/\/www.dreamonme.ca\/fr\/wp-json\/wp\/v2\/media?parent=2217"}],"wp:term":[{"taxonomy":"product_cat","embeddable":true,"href":"https:\/\/www.dreamonme.ca\/fr\/wp-json\/wp\/v2\/product_cat?post=2217"},{"taxonomy":"product_tag","embeddable":true,"href":"https:\/\/www.dreamonme.ca\/fr\/wp-json\/wp\/v2\/product_tag?post=2217"}],"curies":[{"name":"wp","href":"https:\/\/api.w.org\/{rel}","templated":true}]}}