{"id":25017,"date":"2022-02-17T12:02:31","date_gmt":"2022-02-17T17:02:31","guid":{"rendered":"https:\/\/dreamonme.com\/?post_type=product&#038;p=25017"},"modified":"2025-06-10T12:33:28","modified_gmt":"2025-06-10T16:33:28","slug":"chatham-swivel-glider-recliner","status":"publish","type":"product","link":"https:\/\/www.dreamonme.ca\/fr\/products\/furniture\/gliders-rocking-chairs\/chatham-swivel-glider-recliner\/","title":{"rendered":"Chatham Basic Nursery Rocking Glider"},"content":{"rendered":"<p>Chouchoutez vos muscles endoloris, allaitez votre b\u00e9b\u00e9 ou profitez simplement d'un moment de d\u00e9tente dans l'\u00e9treinte chaleureuse du fauteuil inclinable et planeur Dream On Me Chatham Basic. Des si\u00e8ges moelleux aux mouvements de glissement fluides et \u00e0 une fonction d'inclinaison facile \u00e0 utiliser, le Chatham \u00e9voque le luxe et le confort comme aucun autre ! Le Chatham est dot\u00e9 d'un support de dossier ergonomique, de repose-pieds lat\u00e9raux confortables, d'une glisse douce et d'un pivot \u00e0 360\u00b0 con\u00e7u pour offrir une relaxation maximale \u00e0 votre corps. L'inclinaison est un jeu d'enfant gr\u00e2ce au levier pratique, facile d'acc\u00e8s et d'utilisation situ\u00e9 sur l'accoudoir. Profitez des avantages d'un assemblage sans outil avec le Chatham ! Sa base en m\u00e9tal solide permet une rotation pivotante \u00e0 360 degr\u00e9s et un glissement. Le Chatham est recouvert d'un tissu en polyester durable et facile \u00e0 nettoyer avec un rembourrage en mousse et poss\u00e8de des poches lat\u00e9rales pratiques. Le Chatham p\u00e8se 73 lb et a une capacit\u00e9 de poids de 250 lb. Les dimensions du produit sont 31 L x 35 l x 40 H (pouces). Il r\u00e9pond \u00e0 toutes les exigences d'inflammabilit\u00e9 CA TB117-2013, est certifi\u00e9 Greenguard Gold et b\u00e9n\u00e9ficie d'une garantie limit\u00e9e du fabricant de 6 mois.<\/p>\n<p class=\"jpma-ggg\" style=\"text-align: center;\"><a href=\"https:\/\/dreamonme.com\/what-is-greenguard-gold-certification\/\" target=\"_blank\" rel=\"noopener noreferrer\"><img decoding=\"async\" class=\"finalist\" style=\"max-width: 128px !important; margin-top: 5px; margin-left: 30px; width: 30%; display: inline-block; padding: 5px;\" src=\"https:\/\/dreamonme.ca\/wp-content\/uploads\/Greenguard-Gold-Logo-01.png\" alt=\"GREENGUARD GOLD Certified\" \/><\/a><\/p>\n<style>\n    @media (min-width:767px){.split-img-2 img {width: 48%;float:left;margin:1%;}}<br \/>\n<\/style>","protected":false},"excerpt":{"rendered":"<p>Pamper those aching muscles, nurse your baby or simply enjoy some downtime in the warm embrace of the Dream On Me Chatham Basic Glider and Recliner. From plush seating to smooth gliding motions and an easy to use reclining feature, the Chatham spells luxury and comfort like no other! The Chatham features an ergonomic backrest [&hellip;]<\/p>","protected":false},"featured_media":43393,"comment_status":"closed","ping_status":"closed","template":"","meta":[],"product_cat":[1797],"product_tag":[],"class_list":["post-25017","product","type-product","status-publish","has-post-thumbnail","hentry","product_cat-gliders-rocking-chairs"],"_links":{"self":[{"href":"https:\/\/www.dreamonme.ca\/fr\/wp-json\/wp\/v2\/product\/25017","targetHints":{"allow":["GET"]}}],"collection":[{"href":"https:\/\/www.dreamonme.ca\/fr\/wp-json\/wp\/v2\/product"}],"about":[{"href":"https:\/\/www.dreamonme.ca\/fr\/wp-json\/wp\/v2\/types\/product"}],"replies":[{"embeddable":true,"href":"https:\/\/www.dreamonme.ca\/fr\/wp-json\/wp\/v2\/comments?post=25017"}],"wp:featuredmedia":[{"embeddable":true,"href":"https:\/\/www.dreamonme.ca\/fr\/wp-json\/wp\/v2\/media\/43393"}],"wp:attachment":[{"href":"https:\/\/www.dreamonme.ca\/fr\/wp-json\/wp\/v2\/media?parent=25017"}],"wp:term":[{"taxonomy":"product_cat","embeddable":true,"href":"https:\/\/www.dreamonme.ca\/fr\/wp-json\/wp\/v2\/product_cat?post=25017"},{"taxonomy":"product_tag","embeddable":true,"href":"https:\/\/www.dreamonme.ca\/fr\/wp-json\/wp\/v2\/product_tag?post=25017"}],"curies":[{"name":"wp","href":"https:\/\/api.w.org\/{rel}","templated":true}]}}