{"id":26436,"date":"2022-05-01T21:52:40","date_gmt":"2022-05-02T01:52:40","guid":{"rendered":"https:\/\/dreamonme.com\/?post_type=product&#038;p=26436"},"modified":"2025-05-07T05:18:31","modified_gmt":"2025-05-07T09:18:31","slug":"on-the-go-crib-and-toddler-mattress","status":"publish","type":"product","link":"https:\/\/www.dreamonme.ca\/fr\/products\/mattresses\/full-size-crib-mattresses\/on-the-go-crib-and-toddler-mattress\/","title":{"rendered":"On The Go Matelas pour berceau et tout-petit"},"content":{"rendered":"<p><strong>Matelas pour berceau et tout-petit Dream On Me On The Go | Matelas \u00e9cologique Greenguard Gold pour b\u00e9b\u00e9 | Matelas pour b\u00e9b\u00e9 certifi\u00e9 JPMA | Housse zipp\u00e9e imperm\u00e9able amovible | Support de bord suppl\u00e9mentaire<\/strong><\/p>\n<p>Laissez votre tout-petit voyager vers des contr\u00e9es de r\u00eave lointaines avec le matelas pour berceau et tout-petit Dream On Me On The Go. Con\u00e7u pour garder votre enfant endormi en s\u00e9curit\u00e9 toute la nuit, le matelas est livr\u00e9 avec une bobine de 150 avec un fil de bordure pour un soutien suppl\u00e9mentaire des bords. Gardant \u00e0 l'esprit la s\u00e9curit\u00e9 et la sant\u00e9 de votre b\u00e9b\u00e9, ce matelas \u00e0 housse souple est soigneusement con\u00e7u pour la respirabilit\u00e9 pendant un doux sommeil. Ce matelas parfaitement ajust\u00e9 est \u00e9galement facile \u00e0 nettoyer et est livr\u00e9 avec une housse zipp\u00e9e imperm\u00e9able amovible qui r\u00e9siste aux liquides et aux taches. Le matelas pour berceau et tout-petit Dream On Me On The Go est fi\u00e8rement fabriqu\u00e9 aux \u00c9tats-Unis, avec une garantie limit\u00e9e de 5 ans et les certifications JPMA et Greenguard Gold. Partons en promenade avec le matelas On the Go, dot\u00e9 d'imprim\u00e9s de voiture attrayants que votre tout-petit va adorer ! Ce matelas r\u00e9pond aux normes f\u00e9d\u00e9rales d'inflammabilit\u00e9 16 CFR 1632\/1633 et p\u00e8se 15,5 lb. Les dimensions du produit sont 52\" L x 28\" l x 6\" H.<\/p>\n<p class=\"jpma-ggg\" style=\"text-align: center;\"><a href=\"https:\/\/dreamonme.com\/jpma-certification\/\" target=\"_blank\" rel=\"noopener noreferrer\"><img decoding=\"async\" class=\"finalist\" style=\"max-width: 128px !important; width: 30%; display: inline-block; padding: 5px;\" src=\"https:\/\/dreamonme.ca\/wp-content\/uploads\/JPMA-Certified-01.png\" alt=\"JPMA Certified\" \/><\/a><a href=\"https:\/\/dreamonme.com\/what-is-greenguard-gold-certification\/\" target=\"_blank\" rel=\"noopener noreferrer\"><img decoding=\"async\" class=\"finalist\" style=\"max-width: 128px !important; margin-top: 5px; margin-left: 30px; width: 30%; display: inline-block; padding: 5px;\" src=\"https:\/\/dreamonme.ca\/wp-content\/uploads\/Greenguard-Gold-Logo-01.png\" alt=\"GREENGUARD GOLD Certified\" \/><\/a><\/p>","protected":false},"excerpt":{"rendered":"<p>Dream On Me On The Go Crib and Toddler Mattress | Greenguard Gold environment safe baby mattress | JPMA certified Infant Mattress | Removable waterproof zipper cover | Extra edge support Let your little one travel to faraway dream lands with the Dream On Me On The Go Crib and Toddler Mattress. Designed to keep [&hellip;]<\/p>","protected":false},"featured_media":43679,"comment_status":"closed","ping_status":"closed","template":"","meta":[],"product_cat":[131],"product_tag":[],"class_list":["post-26436","product","type-product","status-publish","has-post-thumbnail","hentry","product_cat-full-size-crib-mattresses"],"_links":{"self":[{"href":"https:\/\/www.dreamonme.ca\/fr\/wp-json\/wp\/v2\/product\/26436","targetHints":{"allow":["GET"]}}],"collection":[{"href":"https:\/\/www.dreamonme.ca\/fr\/wp-json\/wp\/v2\/product"}],"about":[{"href":"https:\/\/www.dreamonme.ca\/fr\/wp-json\/wp\/v2\/types\/product"}],"replies":[{"embeddable":true,"href":"https:\/\/www.dreamonme.ca\/fr\/wp-json\/wp\/v2\/comments?post=26436"}],"wp:featuredmedia":[{"embeddable":true,"href":"https:\/\/www.dreamonme.ca\/fr\/wp-json\/wp\/v2\/media\/43679"}],"wp:attachment":[{"href":"https:\/\/www.dreamonme.ca\/fr\/wp-json\/wp\/v2\/media?parent=26436"}],"wp:term":[{"taxonomy":"product_cat","embeddable":true,"href":"https:\/\/www.dreamonme.ca\/fr\/wp-json\/wp\/v2\/product_cat?post=26436"},{"taxonomy":"product_tag","embeddable":true,"href":"https:\/\/www.dreamonme.ca\/fr\/wp-json\/wp\/v2\/product_tag?post=26436"}],"curies":[{"name":"wp","href":"https:\/\/api.w.org\/{rel}","templated":true}]}}