{"id":27827,"date":"2022-08-12T09:48:11","date_gmt":"2022-08-12T13:48:11","guid":{"rendered":"https:\/\/dreamonme.com\/?post_type=product&#038;p=27827"},"modified":"2025-04-14T02:41:23","modified_gmt":"2025-04-14T06:41:23","slug":"little-steps-step-stool","status":"publish","type":"product","link":"https:\/\/www.dreamonme.ca\/fr\/products\/furniture\/step-stools\/little-steps-step-stool\/","title":{"rendered":"Little Steps Marchepied"},"content":{"rendered":"<p><strong>Dream On Me Little Steps Marchepied \/ Base antid\u00e9rapante \/ Marchepied polyvalent pour enfants \/ Tabouret robuste et robuste pour enfants<\/strong><\/p>\n<p>Donnez aux nouvelles \u00e9tapes de votre tout-petit l'avantage dont il a tant besoin avec le marchepied Dream On Me Little Steps ! Ce marchepied robuste est dot\u00e9 d'une fonctionnalit\u00e9 polyvalente et peut \u00eatre utilis\u00e9 dans la cuisine, la salle de bain, le salon et \u00e0 l'ext\u00e9rieur. De plus, il est con\u00e7u pour la plus grande s\u00e9curit\u00e9 de votre enfant. Le marchepied Dream On Me Little Steps est fabriqu\u00e9 en pin massif de Nouvelle-Z\u00e9lande, avec des peintures s\u00e9curitaires pour les b\u00e9b\u00e9s et non toxiques, et des rails de s\u00e9curit\u00e9 pour plus de s\u00e9curit\u00e9. De plus, il est \u00e9galement dot\u00e9 d'une base antid\u00e9rapante et r\u00e9pond\/d\u00e9passe toutes les normes de s\u00e9curit\u00e9 CPSC et ASTM. En gardant \u00e0 l'esprit votre style de vie effr\u00e9n\u00e9, ce marchepied est dot\u00e9 d'un rev\u00eatement durable facile \u00e0 rep\u00e9rer ou \u00e0 nettoyer. Con\u00e7u pour s'int\u00e9grer \u00e0 l'esth\u00e9tique de votre maison, le marchepied Dream On Me Little Steps facile \u00e0 assembler est disponible en 4 finitions polyvalentes et non toxiques : blanc, naturel, rose et gris galet. Le tabouret vient aussi avec une garantie d'un an. Ce produit est id\u00e9al pour les enfants de 18 mois \u00e0 3 ans et a une capacit\u00e9 de poids allant jusqu'\u00e0 100 lb.<\/p>","protected":false},"excerpt":{"rendered":"<p>Dream On Me Little Steps Step Stool \/ Anti-Slid Base \/ Multipurpose Kids Step Stool \/ Sturdy &#038; Solid Stool for Kids Give your little one\u2019s new milestones the much-needed leg up with the Dream On Me Little Steps Step Stool! This sturdy step stool boasts of multipurpose functionality and can be used in the [&hellip;]<\/p>","protected":false},"featured_media":43716,"comment_status":"closed","ping_status":"closed","template":"","meta":[],"product_cat":[1769],"product_tag":[],"class_list":["post-27827","product","type-product","status-publish","has-post-thumbnail","hentry","product_cat-step-stools"],"_links":{"self":[{"href":"https:\/\/www.dreamonme.ca\/fr\/wp-json\/wp\/v2\/product\/27827","targetHints":{"allow":["GET"]}}],"collection":[{"href":"https:\/\/www.dreamonme.ca\/fr\/wp-json\/wp\/v2\/product"}],"about":[{"href":"https:\/\/www.dreamonme.ca\/fr\/wp-json\/wp\/v2\/types\/product"}],"replies":[{"embeddable":true,"href":"https:\/\/www.dreamonme.ca\/fr\/wp-json\/wp\/v2\/comments?post=27827"}],"wp:featuredmedia":[{"embeddable":true,"href":"https:\/\/www.dreamonme.ca\/fr\/wp-json\/wp\/v2\/media\/43716"}],"wp:attachment":[{"href":"https:\/\/www.dreamonme.ca\/fr\/wp-json\/wp\/v2\/media?parent=27827"}],"wp:term":[{"taxonomy":"product_cat","embeddable":true,"href":"https:\/\/www.dreamonme.ca\/fr\/wp-json\/wp\/v2\/product_cat?post=27827"},{"taxonomy":"product_tag","embeddable":true,"href":"https:\/\/www.dreamonme.ca\/fr\/wp-json\/wp\/v2\/product_tag?post=27827"}],"curies":[{"name":"wp","href":"https:\/\/api.w.org\/{rel}","templated":true}]}}