{"id":28853,"date":"2022-12-15T08:45:57","date_gmt":"2022-12-15T13:45:57","guid":{"rendered":"https:\/\/dreamonme.com\/?post_type=product&#038;p=28853"},"modified":"2025-05-07T07:21:23","modified_gmt":"2025-05-07T11:21:23","slug":"hygge-5-in-1-convertible-crib","status":"publish","type":"product","link":"https:\/\/www.dreamonme.ca\/fr\/products\/cribs\/full-size-cribs\/hygge-5-in-1-convertible-crib\/","title":{"rendered":"Hygge Lit de b\u00e9b\u00e9 convertible 5 en 1"},"content":{"rendered":"<p>Laissez votre tout-petit profiter d'un confort sain avec le berceau convertible 5 en 1 Dream On Me Hygge, dont les pieds uniques de style scandinave offrent un soutien et une esth\u00e9tique parfaite et moderne. Avec une base solide et robuste et des pieds qui offrent un soutien maximal, ce berceau soigneusement con\u00e7u est chaud, confortable et s\u00e9curitaire pour votre b\u00e9b\u00e9. Con\u00e7u pour \u00e9voluer avec la croissance de votre enfant, ce berceau se distingue par sa convertibilit\u00e9 5 en 1 d'un berceau \u00e0 un lit de jour, un lit pour tout-petit et un lit pleine grandeur. En gardant \u00e0 l'esprit la s\u00e9curit\u00e9 de votre enfant ainsi que votre confort, le berceau convertible 5 en 1 Dream On Me Hygge est certifi\u00e9 JPMA et Greenguard Gold et tr\u00e8s facile \u00e0 nettoyer et \u00e0 entretenir. Cet ajout merveilleux est con\u00e7u pour le long terme, en utilisant du bois de pin durable de Nouvelle-Z\u00e9lande. De plus, le berceau convertible 5 en 1 Dream On Me Hygge r\u00e9pond\/d\u00e9passe les normes ASTM et CPSC et est offert dans des finitions \u00e9l\u00e9gantes. Ce produit est accompagn\u00e9 d'une garantie limit\u00e9e d'un an.<\/p>\n<p><\/p>\n<p class=\"jpma-ggg\" style=\"text-align: center;\"><a href=\"https:\/\/dreamonme.com\/jpma-certification\/\" target=\"_blank\" rel=\"noopener noreferrer\"><img decoding=\"async\" class=\"finalist\" style=\"max-width: 128px !important; width: 30%; display: inline-block; padding: 5px;\" src=\"https:\/\/dreamonme.ca\/wp-content\/uploads\/JPMA-Certified-01.png\" alt=\"JPMA Certified\" \/><\/a><a href=\"https:\/\/dreamonme.com\/what-is-greenguard-gold-certification\/\" target=\"_blank\" rel=\"noopener noreferrer\"><img decoding=\"async\" class=\"finalist\" style=\"max-width: 128px !important; margin-top: 5px; margin-left: 30px; width: 30%; display: inline-block; padding: 5px;\" src=\"https:\/\/dreamonme.ca\/wp-content\/uploads\/Greenguard-Gold-Logo-01.png\" alt=\"GREENGUARD GOLD Certified\" \/><\/a><\/p>\n<style>\n.multi-select {\n\tmax-width:600px;\n}\n.multi-select a span{\n    display:inline-block;\n    text-align:center;\n    width:100%;\n    font-size: 12px;\n    margin-top: 5px;\n    color: #222222;\n}\n.multi-select a.active img{\n   opacity:1!important;\n}\n.multi-select a img{\n    width:100%;\n    opacity:0.5!important;\n    max-width:100px !important;\n}\n.multi-select a img:hover{\n    border:2px solid #7dc3d2 !important;\n    opacity:1!important;\n}\n.multi-select a {\n    max-width:23%;\n\twidth:23%;\n\tmargin-right:2%;\n    display:inline-block;\n    text-align:center;\n}<\/p>\n<\/style>","protected":false},"excerpt":{"rendered":"<p>Let your little one embrace wholesome comfort with the Dream On Me Hygge 5-in-1 Convertible Crib, whose unique, Scandinavian-style legs provide support and the perfect, modern aesthetic. With a solid, sturdy base and legs that offer maximum support, this thoughtfully designed crib is warm, cozy &#038; safe for your baby. Designed to evolve with your [&hellip;]<\/p>","protected":false},"featured_media":45784,"comment_status":"closed","ping_status":"closed","template":"","meta":[],"product_cat":[15],"product_tag":[],"class_list":["post-28853","product","type-product","status-publish","has-post-thumbnail","hentry","product_cat-full-size-cribs"],"_links":{"self":[{"href":"https:\/\/www.dreamonme.ca\/fr\/wp-json\/wp\/v2\/product\/28853","targetHints":{"allow":["GET"]}}],"collection":[{"href":"https:\/\/www.dreamonme.ca\/fr\/wp-json\/wp\/v2\/product"}],"about":[{"href":"https:\/\/www.dreamonme.ca\/fr\/wp-json\/wp\/v2\/types\/product"}],"replies":[{"embeddable":true,"href":"https:\/\/www.dreamonme.ca\/fr\/wp-json\/wp\/v2\/comments?post=28853"}],"wp:featuredmedia":[{"embeddable":true,"href":"https:\/\/www.dreamonme.ca\/fr\/wp-json\/wp\/v2\/media\/45784"}],"wp:attachment":[{"href":"https:\/\/www.dreamonme.ca\/fr\/wp-json\/wp\/v2\/media?parent=28853"}],"wp:term":[{"taxonomy":"product_cat","embeddable":true,"href":"https:\/\/www.dreamonme.ca\/fr\/wp-json\/wp\/v2\/product_cat?post=28853"},{"taxonomy":"product_tag","embeddable":true,"href":"https:\/\/www.dreamonme.ca\/fr\/wp-json\/wp\/v2\/product_tag?post=28853"}],"curies":[{"name":"wp","href":"https:\/\/api.w.org\/{rel}","templated":true}]}}