{"id":29477,"date":"2023-03-01T04:23:33","date_gmt":"2023-03-01T09:23:33","guid":{"rendered":"https:\/\/dreamonme.com\/?post_type=product&#038;p=29477"},"modified":"2025-05-06T08:48:10","modified_gmt":"2025-05-06T12:48:10","slug":"orion-5-in-1-convertible-crib-with-changer","status":"publish","type":"product","link":"https:\/\/www.dreamonme.ca\/fr\/products\/cribs\/full-size-cribs\/orion-5-in-1-convertible-crib-with-changer\/","title":{"rendered":"Orion Lit de b\u00e9b\u00e9 convertible 5 en 1 avec table \u00e0 langer"},"content":{"rendered":"<p>Con\u00e7u pour cr\u00e9er un espace confortable et \u00e0 long terme pour votre petite \u00e9toile, le berceau convertible 5 en 1 Dream On Me Orion avec table \u00e0 langer. Ce lit convertible s'adapte \u00e0 votre b\u00e9b\u00e9 et se transforme facilement en lit pour tout-petit, en lit de repos et en lit pleine grandeur (ensembles de conversion vendus s\u00e9par\u00e9ment). En gardant \u00e0 l'esprit votre commodit\u00e9, le berceau convertible 5 en 1 Dream On Me Orion est livr\u00e9 avec un changeur amovible qui peut \u00eatre plac\u00e9 sur le dessus du berceau, afin que vous puissiez facilement passer \u00e0 la t\u00e2che des couches. La s\u00e9curit\u00e9 est toujours notre priorit\u00e9 et ce berceau ne fait pas exception. Fabriqu\u00e9 en bois de pin de Nouvelle-Z\u00e9lande durable et robuste, il est certifi\u00e9 JPMA et Greenguard Gold et r\u00e9pond\/d\u00e9passe les normes ASTM et CPSC. Con\u00e7u avec soin, le berceau convertible 5 en 1 Dream On Me Orion avec table \u00e0 langer est facile \u00e0 rep\u00e9rer ou \u00e0 nettoyer et n\u00e9cessite tr\u00e8s peu d'entretien. Ajoutez une touche rustique \u00e0 la chambre de votre b\u00e9b\u00e9 car ce berceau parfait est disponible en 2 finis terreux : Pebble Grey Vintage et Vintage White Oak. Les dimensions du produit sont 56,1\u2033 L x 36\u2033 L x 39\u2033 H, avec un poids de 62 lb.<\/p>\n<p><\/p>\n<p class=\"jpma-ggg\" style=\"text-align: center;\"><a href=\"https:\/\/dreamonme.com\/jpma-certification\/\" target=\"_blank\" rel=\"noopener noreferrer\"><img decoding=\"async\" class=\"finalist\" style=\"max-width: 128px !important; width: 30%; display: inline-block; padding: 5px;\" src=\"https:\/\/dreamonme.ca\/wp-content\/uploads\/JPMA-Certified-01.png\" alt=\"JPMA Certified\" \/><\/a><a href=\"https:\/\/dreamonme.com\/what-is-greenguard-gold-certification\/\" target=\"_blank\" rel=\"noopener noreferrer\"><img decoding=\"async\" class=\"finalist\" style=\"max-width: 128px !important; margin-top: 5px; margin-left: 30px; width: 30%; display: inline-block; padding: 5px;\" src=\"https:\/\/dreamonme.ca\/wp-content\/uploads\/Greenguard-Gold-Logo-01.png\" alt=\"GREENGUARD GOLD Certified\" \/><\/a><\/p>","protected":false},"excerpt":{"rendered":"<p>Built to create a long-term, snug space for your little star, is the Dream On Me Orion 5 in 1 Convertible Crib with Changer. This convertible crib transitions with your baby and easily transforms into a toddler bed, daybed and full-size bed (Conversion Kits sold separately). Keeping in mind your convenience, the Dream On Me [&hellip;]<\/p>","protected":false},"featured_media":45706,"comment_status":"closed","ping_status":"closed","template":"","meta":[],"product_cat":[15],"product_tag":[],"class_list":["post-29477","product","type-product","status-publish","has-post-thumbnail","hentry","product_cat-full-size-cribs"],"_links":{"self":[{"href":"https:\/\/www.dreamonme.ca\/fr\/wp-json\/wp\/v2\/product\/29477","targetHints":{"allow":["GET"]}}],"collection":[{"href":"https:\/\/www.dreamonme.ca\/fr\/wp-json\/wp\/v2\/product"}],"about":[{"href":"https:\/\/www.dreamonme.ca\/fr\/wp-json\/wp\/v2\/types\/product"}],"replies":[{"embeddable":true,"href":"https:\/\/www.dreamonme.ca\/fr\/wp-json\/wp\/v2\/comments?post=29477"}],"wp:featuredmedia":[{"embeddable":true,"href":"https:\/\/www.dreamonme.ca\/fr\/wp-json\/wp\/v2\/media\/45706"}],"wp:attachment":[{"href":"https:\/\/www.dreamonme.ca\/fr\/wp-json\/wp\/v2\/media?parent=29477"}],"wp:term":[{"taxonomy":"product_cat","embeddable":true,"href":"https:\/\/www.dreamonme.ca\/fr\/wp-json\/wp\/v2\/product_cat?post=29477"},{"taxonomy":"product_tag","embeddable":true,"href":"https:\/\/www.dreamonme.ca\/fr\/wp-json\/wp\/v2\/product_tag?post=29477"}],"curies":[{"name":"wp","href":"https:\/\/api.w.org\/{rel}","templated":true}]}}