{"id":29644,"date":"2023-03-03T08:58:10","date_gmt":"2023-03-03T13:58:10","guid":{"rendered":"https:\/\/dreamonme.com\/?post_type=product&#038;p=29644"},"modified":"2025-05-13T09:15:57","modified_gmt":"2025-05-13T13:15:57","slug":"grace-5-in-1-convertible-crib","status":"publish","type":"product","link":"https:\/\/www.dreamonme.ca\/fr\/products\/cribs\/full-size-cribs\/grace-5-in-1-convertible-crib\/","title":{"rendered":"Grace Lit de b\u00e9b\u00e9 convertible 5 en 1"},"content":{"rendered":"<p><strong>Lit de b\u00e9b\u00e9 convertible 5 en 1 Dream On Me Grace certifi\u00e9 JPMA et Greenguard Gold, fabriqu\u00e9 en pin durable de Nouvelle-Z\u00e9lande<\/strong><\/p>\n<p>Un espace s\u00e9curitaire pour que votre b\u00e9b\u00e9 puisse dormir, se d\u00e9tendre et grandir ! Pr\u00e9sentation du berceau convertible 5 en 1 Grace de Dream On Me \u2013 un ajout intemporel \u00e0 la configuration de votre chambre d'enfant. Moderne et durable, ce berceau se transforme sans effort d'un berceau de taille standard en un lit pour tout-petit, un lit de repos et ; lit double (ensemble de conversion vendu s\u00e9par\u00e9ment). En gardant \u00e0 l'esprit la s\u00e9curit\u00e9 de votre enfant, le berceau convertible 5 en 1 Grace est non seulement certifi\u00e9 JPMA et Greenguard Gold, mais r\u00e9pond\/d\u00e9passe \u00e9galement les normes ASTM et CPSC. Fabriqu\u00e9 en bois de pin durable de Nouvelle-Z\u00e9lande avec une finition non toxique, ce berceau indispensable est robuste et ; durable. Le berceau cabriolet Grace 5 en 1, soigneusement con\u00e7u, est \u00e9galement facile \u00e0 entretenir : il suffit de le nettoyer ou de l'essuyer. De plus, ce magnifique berceau est dot\u00e9 d\u2019une finition gracieuse qui s\u2019int\u00e8gre parfaitement, quel que soit le d\u00e9cor de la chambre de votre b\u00e9b\u00e9. Les dimensions du produit sont 54,5\u2033 L X 29,5\u2033 L X 49\u2033 H, avec un poids de 44 lb.<\/p>\n<p><\/p>\n<p class=\"jpma-ggg\" style=\"text-align: center;\"><a href=\"https:\/\/dreamonme.com\/jpma-certification\/\" target=\"_blank\" rel=\"noopener noreferrer\"><img decoding=\"async\" class=\"finalist\" style=\"max-width: 128px !important; width: 30%; display: inline-block; padding: 5px;\" src=\"https:\/\/dreamonme.ca\/wp-content\/uploads\/JPMA-Certified-01.png\" alt=\"JPMA Certified\" \/><\/a><a href=\"https:\/\/dreamonme.com\/what-is-greenguard-gold-certification\/\" target=\"_blank\" rel=\"noopener noreferrer\"><img decoding=\"async\" class=\"finalist\" style=\"max-width: 128px !important; margin-top: 5px; margin-left: 30px; width: 30%; display: inline-block; padding: 5px;\" src=\"https:\/\/dreamonme.ca\/wp-content\/uploads\/Greenguard-Gold-Logo-01.png\" alt=\"GREENGUARD GOLD Certified\" \/><\/a><\/p>\n<style>\nform.variations_form.cart .woocommerce-variation-price {\n   display: none;\n}\n<\/style>","protected":false},"excerpt":{"rendered":"<p>JPMA &#038; Greenguard Gold Certified Dream On Me Grace 5-in-1 Convertible Crib made with Sustainable New Zealand Pinewood A safe space for your baby to sleep, lounge and grow! Introducing the Grace 5-in-1 Convertible Crib from Dream On Me &#8211; a timeless addition to your nursery setup. Modern and long-lasting, this crib effortlessly converts from [&hellip;]<\/p>","protected":false},"featured_media":45847,"comment_status":"closed","ping_status":"closed","template":"","meta":[],"product_cat":[15],"product_tag":[],"class_list":["post-29644","product","type-product","status-publish","has-post-thumbnail","hentry","product_cat-full-size-cribs"],"_links":{"self":[{"href":"https:\/\/www.dreamonme.ca\/fr\/wp-json\/wp\/v2\/product\/29644","targetHints":{"allow":["GET"]}}],"collection":[{"href":"https:\/\/www.dreamonme.ca\/fr\/wp-json\/wp\/v2\/product"}],"about":[{"href":"https:\/\/www.dreamonme.ca\/fr\/wp-json\/wp\/v2\/types\/product"}],"replies":[{"embeddable":true,"href":"https:\/\/www.dreamonme.ca\/fr\/wp-json\/wp\/v2\/comments?post=29644"}],"wp:featuredmedia":[{"embeddable":true,"href":"https:\/\/www.dreamonme.ca\/fr\/wp-json\/wp\/v2\/media\/45847"}],"wp:attachment":[{"href":"https:\/\/www.dreamonme.ca\/fr\/wp-json\/wp\/v2\/media?parent=29644"}],"wp:term":[{"taxonomy":"product_cat","embeddable":true,"href":"https:\/\/www.dreamonme.ca\/fr\/wp-json\/wp\/v2\/product_cat?post=29644"},{"taxonomy":"product_tag","embeddable":true,"href":"https:\/\/www.dreamonme.ca\/fr\/wp-json\/wp\/v2\/product_tag?post=29644"}],"curies":[{"name":"wp","href":"https:\/\/api.w.org\/{rel}","templated":true}]}}