{"id":306,"date":"2014-05-21T16:52:32","date_gmt":"2014-05-21T20:52:32","guid":{"rendered":"http:\/\/dreamonme.com\/vt1\/?post_type=product&#038;p=306"},"modified":"2025-05-15T06:06:39","modified_gmt":"2025-05-15T10:06:39","slug":"anna-3-in-1-full-size-crib-changing-table-combo","status":"publish","type":"product","link":"https:\/\/www.dreamonme.ca\/fr\/products\/cribs\/full-size-cribs\/anna-3-in-1-full-size-crib-changing-table-combo\/","title":{"rendered":"Anna 3 in 1 Full Size Crib &#038; Changing Table Combo"},"content":{"rendered":"<p>Le lit de b\u00e9b\u00e9 et la table \u00e0 langer 3 en 1 Anna sont un investissement \u00e9l\u00e9gant et fonctionnel qui s'adapte aux besoins changeants de votre enfant. Transformez-le d'un lit de b\u00e9b\u00e9 en lit pour tout-petit, puis en lit de repos (barri\u00e8re de s\u00e9curit\u00e9\/stabilisateur pour tout-petit vendu s\u00e9par\u00e9ment) \u00e0 mesure que votre enfant grandit. La table \u00e0 langer avec deux \u00e9tag\u00e8res de rangement ajoute \u00e0 l'utilit\u00e9. La table \u00e0 langer est \u00e9quip\u00e9e d'un matelas \u00e0 langer sur mesure de 1 po. Il y a deux \u00e9tag\u00e8res de rangement ouvertes sous la table, vous permettant de garder les essentiels de b\u00e9b\u00e9 \u00e0 port\u00e9e de main. L'Anna pr\u00e9sente un design \u00e9l\u00e9gant et moderne avec des lignes \u00e9pur\u00e9es. Vous pouvez choisir parmi des finitions \u00e9l\u00e9gantes et l'assortir sans effort \u00e0 n'importe quel th\u00e8me de chambre d'enfant ! Tous les berceaux Dream On Me sont test\u00e9s pour garantir que toutes les normes ASTM, JPMA et CPSC applicables sont respect\u00e9es. Cet Anna est livr\u00e9 avec un syst\u00e8me de rail stationnaire (c\u00f4t\u00e9 non abaissable) pour plus de s\u00e9curit\u00e9. Tous les outils d'assemblage sont inclus, kit de conversion vendu s\u00e9par\u00e9ment. Choisissez n'importe quel matelas de berceau standard certifi\u00e9 Greenguard non toxique Dream On Me pour un ajustement parfait. La limite de poids maximale est de 50 lb.<\/p>\n<p class=\"jpma-ggg\" style=\"text-align: center;\"><a href=\"https:\/\/dreamonme.com\/jpma-certification\/\" target=\"_blank\" rel=\"noopener noreferrer\"><img decoding=\"async\" class=\"finalist\" style=\"max-width: 128px !important; width: 30%; display: inline-block; padding: 5px;\" src=\"https:\/\/dreamonme.ca\/wp-content\/uploads\/JPMA-Certified-01.png\" alt=\"JPMA Certified\" \/><\/a><a href=\"https:\/\/dreamonme.com\/what-is-greenguard-gold-certification\/\" target=\"_blank\" rel=\"noopener noreferrer\"><img decoding=\"async\" class=\"finalist\" style=\"max-width: 128px !important; margin-top: 5px; margin-left: 30px; width: 30%; display: inline-block; padding: 5px;\" src=\"https:\/\/dreamonme.ca\/wp-content\/uploads\/Greenguard-Gold-Logo-01.png\" alt=\"GREENGUARD GOLD Certified\" \/><\/a><\/p>\n<style>\n.multi-select {\n\tmax-width:600px;\n}\n.multi-select a span{\n    display:inline-block;\n    text-align:center;\n    width:100%;\n    font-size: 12px;\n    margin-top: 5px;\n    color: #222222;\n}\n.multi-select a.active img{\n   opacity:1!important;\n}\n.multi-select a img{\n    width:100%;\n    opacity:0.5!important;\n    max-width:100px !important;\n}\n.multi-select a img:hover{\n    border:2px solid #7dc3d2 !important;\n    opacity:1!important;\n}\n.multi-select a {\n    max-width:23%;\n\twidth:23%;\n\tmargin-right:2%;\n    display:inline-block;\n    text-align:center;\n}\n<\/style>","protected":false},"excerpt":{"rendered":"<p>The Anna 3-in-1 Full Size Crib &#038; Changing Table Combo is a stylish and functional investment that keeps pace with your child\u2019s changing needs. Convert it from a crib to a toddler bed, and then a daybed (Toddler Guardrail\/Stabilizer sold separately) as your child grows. The changing table with two storage shelves adds to the [&hellip;]<\/p>","protected":false},"featured_media":43778,"comment_status":"closed","ping_status":"closed","template":"","meta":[],"product_cat":[15],"product_tag":[],"class_list":["post-306","product","type-product","status-publish","has-post-thumbnail","hentry","product_cat-full-size-cribs"],"_links":{"self":[{"href":"https:\/\/www.dreamonme.ca\/fr\/wp-json\/wp\/v2\/product\/306","targetHints":{"allow":["GET"]}}],"collection":[{"href":"https:\/\/www.dreamonme.ca\/fr\/wp-json\/wp\/v2\/product"}],"about":[{"href":"https:\/\/www.dreamonme.ca\/fr\/wp-json\/wp\/v2\/types\/product"}],"replies":[{"embeddable":true,"href":"https:\/\/www.dreamonme.ca\/fr\/wp-json\/wp\/v2\/comments?post=306"}],"wp:featuredmedia":[{"embeddable":true,"href":"https:\/\/www.dreamonme.ca\/fr\/wp-json\/wp\/v2\/media\/43778"}],"wp:attachment":[{"href":"https:\/\/www.dreamonme.ca\/fr\/wp-json\/wp\/v2\/media?parent=306"}],"wp:term":[{"taxonomy":"product_cat","embeddable":true,"href":"https:\/\/www.dreamonme.ca\/fr\/wp-json\/wp\/v2\/product_cat?post=306"},{"taxonomy":"product_tag","embeddable":true,"href":"https:\/\/www.dreamonme.ca\/fr\/wp-json\/wp\/v2\/product_tag?post=306"}],"curies":[{"name":"wp","href":"https:\/\/api.w.org\/{rel}","templated":true}]}}