{"id":31540,"date":"2023-08-02T08:25:15","date_gmt":"2023-08-02T12:25:15","guid":{"rendered":"https:\/\/dreamonme.com\/?post_type=product&#038;p=31540"},"modified":"2025-05-12T03:12:26","modified_gmt":"2025-05-12T07:12:26","slug":"soho-5-in-1-convertible-crib","status":"publish","type":"product","link":"https:\/\/www.dreamonme.ca\/fr\/products\/cribs\/full-size-cribs\/soho-5-in-1-convertible-crib\/","title":{"rendered":"Soho Lit de b\u00e9b\u00e9 convertible 5 en 1"},"content":{"rendered":"<p><strong>Dream On Me Soho Lit de b\u00e9b\u00e9 convertible, certifi\u00e9 JPMA et Greenguard Gold, fabriqu\u00e9 en pin de Nouvelle-Z\u00e9lande durable<\/strong><\/p>\n<p>Pr\u00e9sentation du berceau convertible Dream On Me Soho \u2013 saluez un espace pr\u00e9cieux o\u00f9 les r\u00eaves deviennent r\u00e9alit\u00e9. Offrez \u00e0 votre enfant le cadeau d'un sommeil s\u00e9curitaire, pendant de nombreuses ann\u00e9es \u00e0 venir, car ce berceau fonctionnel \u00e9volue avec votre tout-petit, se transformant de berceau en lit pour tout-petit et en lit pleine grandeur (ensemble de conversion vendu s\u00e9par\u00e9ment). Soyez tranquille en sachant que le berceau est certifi\u00e9 JPMA et Greenguard Gold et adh\u00e8re aux normes ASTM et CPSC, garantissant un espace de couchage s\u00e9curitaire pour votre tout-petit. Construit dans un souci de durabilit\u00e9, le berceau convertible Dream On Me Soho est fait de bois de pin durable de Nouvelle-Z\u00e9lande, de broches en bois robustes, ainsi que d'un support de matelas pour am\u00e9liorer la stabilit\u00e9. L'entretien est un jeu d'enfant avec ce berceau facile \u00e0 nettoyer, car il suffit d'un simple coup de chiffon ou d'un coup de chiffon pour le garder impeccable. Ce berceau \u00e9l\u00e9gant pr\u00e9sente une superbe finition vintage noir mat, ajoutant une touche de charme intemporel \u00e0 n'importe quel d\u00e9cor de chambre d'enfant. Ce berceau a une capacit\u00e9 de poids maximale de 50 lb et convient aux enfants de 0 \u00e0 5 ans.<\/p>\n<p class=\"jpma-ggg\" style=\"text-align: center;\"><a href=\"https:\/\/dreamonme.com\/jpma-certification\/\" target=\"_blank\" rel=\"noopener noreferrer\"><img decoding=\"async\" class=\"finalist\" style=\"max-width: 128px !important; width: 30%; display: inline-block; padding: 5px;\" src=\"https:\/\/dreamonme.ca\/wp-content\/uploads\/JPMA-Certified-01.png\" alt=\"JPMA Certified\" \/><\/a><a href=\"https:\/\/dreamonme.com\/what-is-greenguard-gold-certification\/\" target=\"_blank\" rel=\"noopener noreferrer\"><img decoding=\"async\" class=\"finalist\" style=\"max-width: 128px !important; margin-top: 5px; margin-left: 30px; width: 30%; display: inline-block; padding: 5px;\" src=\"https:\/\/dreamonme.ca\/wp-content\/uploads\/Greenguard-Gold-Logo-01.png\" alt=\"GREENGUARD GOLD Certified\" \/><\/a><\/p>","protected":false},"excerpt":{"rendered":"<p>Dream On Me Soho Convertible Crib, JPMA &amp; Greenguard Gold Certified, Crafted with Sustainable New Zealand Pinewood Introducing the Dream On Me Soho Convertible Crib &#8211; say hello to a cherished space where dreams come true. Give your child the gift of safe sleep, for many years to come, as this functional crib evolves with [&hellip;]<\/p>","protected":false},"featured_media":45755,"comment_status":"closed","ping_status":"closed","template":"","meta":[],"product_cat":[15],"product_tag":[],"class_list":["post-31540","product","type-product","status-publish","has-post-thumbnail","hentry","product_cat-full-size-cribs"],"_links":{"self":[{"href":"https:\/\/www.dreamonme.ca\/fr\/wp-json\/wp\/v2\/product\/31540","targetHints":{"allow":["GET"]}}],"collection":[{"href":"https:\/\/www.dreamonme.ca\/fr\/wp-json\/wp\/v2\/product"}],"about":[{"href":"https:\/\/www.dreamonme.ca\/fr\/wp-json\/wp\/v2\/types\/product"}],"replies":[{"embeddable":true,"href":"https:\/\/www.dreamonme.ca\/fr\/wp-json\/wp\/v2\/comments?post=31540"}],"wp:featuredmedia":[{"embeddable":true,"href":"https:\/\/www.dreamonme.ca\/fr\/wp-json\/wp\/v2\/media\/45755"}],"wp:attachment":[{"href":"https:\/\/www.dreamonme.ca\/fr\/wp-json\/wp\/v2\/media?parent=31540"}],"wp:term":[{"taxonomy":"product_cat","embeddable":true,"href":"https:\/\/www.dreamonme.ca\/fr\/wp-json\/wp\/v2\/product_cat?post=31540"},{"taxonomy":"product_tag","embeddable":true,"href":"https:\/\/www.dreamonme.ca\/fr\/wp-json\/wp\/v2\/product_tag?post=31540"}],"curies":[{"name":"wp","href":"https:\/\/api.w.org\/{rel}","templated":true}]}}