{"id":32610,"date":"2023-10-11T07:08:41","date_gmt":"2023-10-11T11:08:41","guid":{"rendered":"https:\/\/dreamonme.com\/?post_type=product&#038;p=32610"},"modified":"2025-05-20T08:43:33","modified_gmt":"2025-05-20T12:43:33","slug":"odelle-5-in-1-convertible-crib","status":"publish","type":"product","link":"https:\/\/www.dreamonme.ca\/fr\/products\/cribs\/full-size-cribs\/odelle-5-in-1-convertible-crib\/","title":{"rendered":"Odelle Lit de b\u00e9b\u00e9 convertible 5 en 1"},"content":{"rendered":"<p><strong>Berceau convertible 5 en 1 Odelle Dream On Me certifi\u00e9 JPMA et Greenguard Gold<\/strong><\/p>\n<p>Pour des berceuses apaisantes et un sommeil paisible, le berceau Odelle convertible 5 en 1 de Dream On Me est un investissement \u00e0 vie. Ce berceau abordable se transforme sans effort de berceau en lit de repos, en lit pour tout-petit et en lit pleine grandeur (ensemble de conversion vendu s\u00e9par\u00e9ment) et est livr\u00e9 avec un r\u00e9glage de la hauteur du matelas r\u00e9glable sur 3 positions pour chaque \u00e9tape de la vie de votre enfant ! Le berceau convertible 5 en 1 Odelle de Dream On Me offre une s\u00e9curit\u00e9 maximale \u00e0 votre b\u00e9b\u00e9, car il est certifi\u00e9 JPMA et Greenguard Gold et r\u00e9pond\/d\u00e9passe les normes ASTM. Fabriqu\u00e9 avec du bois de pin durable de Nouvelle-Z\u00e9lande et des broches en bois robustes avec une peinture \u00e0 base d'eau non toxique, ce berceau pratique est facile \u00e0 assembler et \u00e0 nettoyer et est disponible dans des finitions attrayantes qui compl\u00e8tent votre chambre d'enfant \u2013 White, Pebble Grey, Matte Black &amp; Forest Green. Les dimensions du produit sont 55\u201c L x 29\u201d W x 40\u201c H, avec un poids de 37 lb.<\/p>\n<p><\/p>\n<p class=\"jpma-ggg\" style=\"text-align: center;\"><a href=\"https:\/\/dreamonme.com\/jpma-certification\/\" target=\"_blank\" rel=\"noopener noreferrer\"><img decoding=\"async\" class=\"finalist\" style=\"max-width: 128px !important; width: 30%; display: inline-block; padding: 5px;\" src=\"https:\/\/dreamonme.ca\/wp-content\/uploads\/JPMA-Certified-01.png\" alt=\"JPMA Certified\" \/><\/a><a href=\"https:\/\/dreamonme.com\/what-is-greenguard-gold-certification\/\" target=\"_blank\" rel=\"noopener noreferrer\"><img decoding=\"async\" class=\"finalist\" style=\"max-width: 128px !important; margin-top: 5px; margin-left: 30px; width: 30%; display: inline-block; padding: 5px;\" src=\"https:\/\/dreamonme.ca\/wp-content\/uploads\/Greenguard-Gold-Logo-01.png\" alt=\"GREENGUARD GOLD Certified\" \/><\/a><\/p>","protected":false},"excerpt":{"rendered":"<p>JPMA &#038; Greenguard Gold Certified Dream On Me Odelle 5 in 1 Convertible Crib For soothing lullabies &#038; peaceful slumber, the Dream On Me Odelle 5 in 1 Convertible Crib is a lifetime investment. This affordable crib effortlessly converts from crib to daybed, toddler bed &#038; full-size bed (conversion kit sold separately), and comes with [&hellip;]<\/p>","protected":false},"featured_media":46506,"comment_status":"closed","ping_status":"closed","template":"","meta":[],"product_cat":[15],"product_tag":[],"class_list":["post-32610","product","type-product","status-publish","has-post-thumbnail","hentry","product_cat-full-size-cribs"],"_links":{"self":[{"href":"https:\/\/www.dreamonme.ca\/fr\/wp-json\/wp\/v2\/product\/32610","targetHints":{"allow":["GET"]}}],"collection":[{"href":"https:\/\/www.dreamonme.ca\/fr\/wp-json\/wp\/v2\/product"}],"about":[{"href":"https:\/\/www.dreamonme.ca\/fr\/wp-json\/wp\/v2\/types\/product"}],"replies":[{"embeddable":true,"href":"https:\/\/www.dreamonme.ca\/fr\/wp-json\/wp\/v2\/comments?post=32610"}],"wp:featuredmedia":[{"embeddable":true,"href":"https:\/\/www.dreamonme.ca\/fr\/wp-json\/wp\/v2\/media\/46506"}],"wp:attachment":[{"href":"https:\/\/www.dreamonme.ca\/fr\/wp-json\/wp\/v2\/media?parent=32610"}],"wp:term":[{"taxonomy":"product_cat","embeddable":true,"href":"https:\/\/www.dreamonme.ca\/fr\/wp-json\/wp\/v2\/product_cat?post=32610"},{"taxonomy":"product_tag","embeddable":true,"href":"https:\/\/www.dreamonme.ca\/fr\/wp-json\/wp\/v2\/product_tag?post=32610"}],"curies":[{"name":"wp","href":"https:\/\/api.w.org\/{rel}","templated":true}]}}