{"id":32666,"date":"2023-10-17T05:07:49","date_gmt":"2023-10-17T09:07:49","guid":{"rendered":"https:\/\/dreamonme.com\/?post_type=product&#038;p=32666"},"modified":"2025-05-09T08:23:41","modified_gmt":"2025-05-09T12:23:41","slug":"storybrooke-5-in-1-convertible-crib","status":"publish","type":"product","link":"https:\/\/www.dreamonme.ca\/fr\/products\/cribs\/full-size-cribs\/storybrooke-5-in-1-convertible-crib\/","title":{"rendered":"Storybrooke Lit de b\u00e9b\u00e9 convertible 5 en 1"},"content":{"rendered":"<p><strong>Lit de b\u00e9b\u00e9 convertible 5 en 1 Dream On Me Storybrooke certifi\u00e9 JPMA et Greenguard Gold<\/strong><\/p>\n<p>De \u00ab Il \u00e9tait une fois \u00bb \u00e0 \u00ab Ils v\u00e9curent heureux pour toujours \u00bb, le berceau convertible 5 en 1 Dream On Me Storybrooke est un investissement \u00e0 vie. Ce berceau abordable se transforme sans effort de berceau en lit de repos, en lit pour tout-petit et en lit pleine grandeur (ensemble de conversion vendu s\u00e9par\u00e9ment) et est livr\u00e9 avec un r\u00e9glage de la hauteur du matelas r\u00e9glable sur 3 positions pour chaque \u00e9tape de la vie de votre enfant ! Le berceau convertible 5 en 1 Dream On Me Storybrooke offre une s\u00e9curit\u00e9 maximale \u00e0 votre b\u00e9b\u00e9, car il est certifi\u00e9 JPMA et Greenguard Gold et r\u00e9pond\/d\u00e9passe les normes ASTM et SOR. Fabriqu\u00e9 avec du bois de pin durable de Nouvelle-Z\u00e9lande et des broches en bois robustes, avec une peinture \u00e0 base d'eau non toxique, ce berceau pratique est facile \u00e0 assembler et \u00e0 nettoyer et est disponible en 2 finis attrayants qui compl\u00e8tent votre chambre d'enfant - Blanc et Gris Galet. Les dimensions du produit sont de 53,9\" L x 29,4\" l x 42,9\" H, avec un poids de 39,68 lb.<\/p>\n<p><\/p>\n<p class=\"jpma-ggg\" style=\"text-align: center;\"><a href=\"https:\/\/dreamonme.com\/jpma-certification\/\" target=\"_blank\" rel=\"noopener noreferrer\"><img decoding=\"async\" class=\"finalist\" style=\"max-width: 100px !important; max-height: 186px !important; width: 30%; display: inline-block; padding: 5px;\" src=\"https:\/\/dreamonme.com\/vt1\/wp-content\/uploads\/JPMA-Certified.jpg\" alt=\"JPMA Certified\" \/><\/a><a href=\"https:\/\/dreamonme.com\/what-is-greenguard-gold-certification\/\" target=\"_blank\" rel=\"noopener noreferrer\"><img decoding=\"async\" class=\"finalist\" style=\"max-width: 105px !important; margin-top: 5px; margin-left: 30px; width: 30%; display: inline-block; padding: 5px;\" src=\"https:\/\/dreamonme.com\/vt1\/wp-content\/uploads\/GREENGUARD.jpg\" alt=\"GREENGUARD GOLD Certified\" \/><\/a><\/p>","protected":false},"excerpt":{"rendered":"<p>JPMA &#038; Greenguard Gold Certified Dream On Me Storybrooke 5 in 1 Convertible Crib From Once Upon A Time to Happily Ever After, the Dream On Me Storybrooke 5 in 1 Convertible Crib is a lifetime investment. This affordable crib effortlessly converts from crib to daybed, toddler bed &#038; full-size bed (conversion kit sold separately), [&hellip;]<\/p>","protected":false},"featured_media":45968,"comment_status":"closed","ping_status":"closed","template":"","meta":[],"product_cat":[15],"product_tag":[],"class_list":["post-32666","product","type-product","status-publish","has-post-thumbnail","hentry","product_cat-full-size-cribs"],"_links":{"self":[{"href":"https:\/\/www.dreamonme.ca\/fr\/wp-json\/wp\/v2\/product\/32666","targetHints":{"allow":["GET"]}}],"collection":[{"href":"https:\/\/www.dreamonme.ca\/fr\/wp-json\/wp\/v2\/product"}],"about":[{"href":"https:\/\/www.dreamonme.ca\/fr\/wp-json\/wp\/v2\/types\/product"}],"replies":[{"embeddable":true,"href":"https:\/\/www.dreamonme.ca\/fr\/wp-json\/wp\/v2\/comments?post=32666"}],"wp:featuredmedia":[{"embeddable":true,"href":"https:\/\/www.dreamonme.ca\/fr\/wp-json\/wp\/v2\/media\/45968"}],"wp:attachment":[{"href":"https:\/\/www.dreamonme.ca\/fr\/wp-json\/wp\/v2\/media?parent=32666"}],"wp:term":[{"taxonomy":"product_cat","embeddable":true,"href":"https:\/\/www.dreamonme.ca\/fr\/wp-json\/wp\/v2\/product_cat?post=32666"},{"taxonomy":"product_tag","embeddable":true,"href":"https:\/\/www.dreamonme.ca\/fr\/wp-json\/wp\/v2\/product_tag?post=32666"}],"curies":[{"name":"wp","href":"https:\/\/api.w.org\/{rel}","templated":true}]}}