{"id":32709,"date":"2023-10-18T05:14:50","date_gmt":"2023-10-18T09:14:50","guid":{"rendered":"https:\/\/dreamonme.com\/?post_type=product&#038;p=32709"},"modified":"2025-05-12T10:23:57","modified_gmt":"2025-05-12T14:23:57","slug":"storybrooke-5-in-1-convertible-crib-with-under-drawer","status":"publish","type":"product","link":"https:\/\/www.dreamonme.ca\/fr\/products\/cribs\/full-size-cribs\/storybrooke-5-in-1-convertible-crib-with-under-drawer\/","title":{"rendered":"Storybrooke Lit de b\u00e9b\u00e9 convertible 5 en 1 avec tiroir sous le lit"},"content":{"rendered":"<p><strong>Lit de b\u00e9b\u00e9 convertible 5 en 1 Dream On Me Storybrooke avec tiroir sous le lit, certifi\u00e9 JPMA et Greenguard Gold<\/strong><\/p>\n<p>Pour des ann\u00e9es d'histoires et de souvenirs fascinants, rapportez \u00e0 la maison le berceau convertible 5 en 1 Dream On Me Storybrooke avec tiroir sous le lit. Ce lit de b\u00e9b\u00e9 au design soign\u00e9 est dot\u00e9 d'une t\u00eate de lit joliment incurv\u00e9e et d'un grand tiroir inf\u00e9rieur de 66 cm de profondeur, \u00e9quip\u00e9 de deux poign\u00e9es concaves pour une ouverture facile. Il offre un espace de rangement suppl\u00e9mentaire pour ranger facilement vos affaires de b\u00e9b\u00e9 et vos essentiels. Le lit de b\u00e9b\u00e9 transformable 5 en 1 Dream On Me Storybrooke avec tiroir inf\u00e9rieur grandit avec votre b\u00e9b\u00e9 gr\u00e2ce \u00e0 son matelas r\u00e9glable en hauteur sur 3 positions et se transforme facilement en lit de jour, lit d'enfant et lit double (ensemble de conversion vendu s\u00e9par\u00e9ment). Certifi\u00e9 JPMA et Greenguard Gold, et conforme aux normes ASTM et SOR, ce lit de b\u00e9b\u00e9 est le choix s\u00e9curitaire pour votre tout-petit. Fabriqu\u00e9 en pin de Nouvelle-Z\u00e9lande durable et dot\u00e9 de solides barreaux en bois, avec une peinture \u00e0 l'eau non toxique, le lit de b\u00e9b\u00e9 transformable 5 en 1 Dream On Me Storybrooke avec tiroir inf\u00e9rieur est facile \u00e0 assembler et \u00e0 nettoyer. Il est offert en deux belles finitions\u00a0: blanc et gris galet. Dimensions du produit\u00a0:  53.9\u201d L x 29.4\u201d W x 42.9\u201d H, avec un poids de 61.73 livres.<\/p>\n<p><\/p>\n<p class=\"jpma-ggg\" style=\"text-align: center;\"><a href=\"https:\/\/dreamonme.com\/jpma-certification\/\" target=\"_blank\" rel=\"noopener noreferrer\"><img decoding=\"async\" class=\"finalist\" style=\"max-width: 128px !important; width: 30%; display: inline-block; padding: 5px;\" src=\"https:\/\/dreamonme.ca\/wp-content\/uploads\/JPMA-Certified-01.png\" alt=\"JPMA Certified\" \/><\/a><a href=\"https:\/\/dreamonme.com\/what-is-greenguard-gold-certification\/\" target=\"_blank\" rel=\"noopener noreferrer\"><img decoding=\"async\" class=\"finalist\" style=\"max-width: 128px !important; margin-top: 5px; margin-left: 30px; width: 30%; display: inline-block; padding: 5px;\" src=\"https:\/\/dreamonme.ca\/wp-content\/uploads\/Greenguard-Gold-Logo-01.png\" alt=\"GREENGUARD GOLD Certified\" \/><\/a><\/p>","protected":false},"excerpt":{"rendered":"<p>JPMA &#038; Greenguard Gold Certified Dream On Me Storybrooke 5 in 1 Convertible Crib with Under Drawer For years of fascinating stories &#038; memories, bring home the Dream On Me Storybrooke 5 in 1 Convertible Crib with Under Drawer. This thoughtfully designed crib features a beautifully curved headboard and comes with a 26\u201d deep, big [&hellip;]<\/p>","protected":false},"featured_media":46180,"comment_status":"closed","ping_status":"closed","template":"","meta":[],"product_cat":[15],"product_tag":[],"class_list":["post-32709","product","type-product","status-publish","has-post-thumbnail","hentry","product_cat-full-size-cribs"],"_links":{"self":[{"href":"https:\/\/www.dreamonme.ca\/fr\/wp-json\/wp\/v2\/product\/32709","targetHints":{"allow":["GET"]}}],"collection":[{"href":"https:\/\/www.dreamonme.ca\/fr\/wp-json\/wp\/v2\/product"}],"about":[{"href":"https:\/\/www.dreamonme.ca\/fr\/wp-json\/wp\/v2\/types\/product"}],"replies":[{"embeddable":true,"href":"https:\/\/www.dreamonme.ca\/fr\/wp-json\/wp\/v2\/comments?post=32709"}],"wp:featuredmedia":[{"embeddable":true,"href":"https:\/\/www.dreamonme.ca\/fr\/wp-json\/wp\/v2\/media\/46180"}],"wp:attachment":[{"href":"https:\/\/www.dreamonme.ca\/fr\/wp-json\/wp\/v2\/media?parent=32709"}],"wp:term":[{"taxonomy":"product_cat","embeddable":true,"href":"https:\/\/www.dreamonme.ca\/fr\/wp-json\/wp\/v2\/product_cat?post=32709"},{"taxonomy":"product_tag","embeddable":true,"href":"https:\/\/www.dreamonme.ca\/fr\/wp-json\/wp\/v2\/product_tag?post=32709"}],"curies":[{"name":"wp","href":"https:\/\/api.w.org\/{rel}","templated":true}]}}