{"id":33027,"date":"2023-10-26T06:11:46","date_gmt":"2023-10-26T10:11:46","guid":{"rendered":"https:\/\/dreamonme.com\/?post_type=product&#038;p=33027"},"modified":"2025-05-14T04:46:41","modified_gmt":"2025-05-14T08:46:41","slug":"synergy-mod-5-in-1-convertible-crib","status":"publish","type":"product","link":"https:\/\/www.dreamonme.ca\/fr\/products\/cribs\/full-size-cribs\/synergy-mod-5-in-1-convertible-crib\/","title":{"rendered":"Synergy MOD Lit de b\u00e9b\u00e9 convertible 5 en 1"},"content":{"rendered":"<p>Cr\u00e9ez un espace de chambre pour votre tout-petit qui soit agr\u00e9able \u00e0 regarder, pour ces pr\u00e9cieux moments qu'il passe \u00e0 dormir. Le berceau Dream On Me Synergy MOD est le m\u00e9lange parfait de style, de fonctionnalit\u00e9 et de s\u00e9curit\u00e9 pour votre tout-petit. Il est merveilleusement con\u00e7u pour accompagner votre enfant \u00e0 chaque \u00e9tape de sa croissance, car il se transforme sans effort d'un berceau en lit pour tout-petit, en lit de repos et en lit pleine grandeur, r\u00e9pondant \u00e0 ses besoins en constante \u00e9volution. Soyez tranquille en sachant que le berceau Dream On Me Synergy MOD r\u00e9pond aux normes de s\u00e9curit\u00e9 les plus \u00e9lev\u00e9es, car il est certifi\u00e9 JPMA et Greenguard Gold et conforme aux normes ASTM\/CPSC. Fabriqu\u00e9 \u00e0 partir de bois de pin durable de Nouvelle-Z\u00e9lande, dot\u00e9 de broches en bois et d'un support de matelas en m\u00e9tal, ce berceau assure \u00e0 la fois durabilit\u00e9 et stabilit\u00e9. Le berceau Dream On Me Synergy MOD est disponible en 5 belles finitions \u2013 Blanc, Espresso, Naturel, Gris froid et Noir mat, qui vous permettent de cr\u00e9er la chambre de vos r\u00eaves \u2013 contemporaine, fantaisiste, f\u00e9erique, vintage \u2013 laissez votre imagination r\u00e9gner en ma\u00eetre ! Les dimensions du produit sont 53,18\u2033 L X 29,6\u2033 L X 35\u2033 H, avec un poids de 34 lb.<\/p>\n<p><\/p>\n<p class=\"jpma-ggg\" style=\"text-align: center;\"><a href=\"https:\/\/dreamonme.com\/jpma-certification\/\" target=\"_blank\" rel=\"noopener noreferrer\"><img decoding=\"async\" class=\"finalist\" style=\"max-width: 128px !important; width: 30%; display: inline-block; padding: 5px;\" src=\"https:\/\/dreamonme.ca\/wp-content\/uploads\/JPMA-Certified-01.png\" alt=\"JPMA Certified\" \/><\/a><a href=\"https:\/\/dreamonme.com\/what-is-greenguard-gold-certification\/\" target=\"_blank\" rel=\"noopener noreferrer\"><img decoding=\"async\" class=\"finalist\" style=\"max-width: 128px !important; margin-top: 5px; margin-left: 30px; width: 30%; display: inline-block; padding: 5px;\" src=\"https:\/\/dreamonme.ca\/wp-content\/uploads\/Greenguard-Gold-Logo-01.png\" alt=\"GREENGUARD GOLD Certified\" \/><\/a><\/p>","protected":false},"excerpt":{"rendered":"<p>Create a nursery space for your little one that\u2019s easy on the eyes, for those precious moments they spend catching some Zzs. The Dream On Me Synergy MOD Crib is the perfect blend of style, functionality, and safety for your little one. It is wonderfully designed to accompany your child during every growth milestone, as [&hellip;]<\/p>","protected":false},"featured_media":46474,"comment_status":"closed","ping_status":"closed","template":"","meta":[],"product_cat":[15],"product_tag":[],"class_list":["post-33027","product","type-product","status-publish","has-post-thumbnail","hentry","product_cat-full-size-cribs"],"_links":{"self":[{"href":"https:\/\/www.dreamonme.ca\/fr\/wp-json\/wp\/v2\/product\/33027","targetHints":{"allow":["GET"]}}],"collection":[{"href":"https:\/\/www.dreamonme.ca\/fr\/wp-json\/wp\/v2\/product"}],"about":[{"href":"https:\/\/www.dreamonme.ca\/fr\/wp-json\/wp\/v2\/types\/product"}],"replies":[{"embeddable":true,"href":"https:\/\/www.dreamonme.ca\/fr\/wp-json\/wp\/v2\/comments?post=33027"}],"wp:featuredmedia":[{"embeddable":true,"href":"https:\/\/www.dreamonme.ca\/fr\/wp-json\/wp\/v2\/media\/46474"}],"wp:attachment":[{"href":"https:\/\/www.dreamonme.ca\/fr\/wp-json\/wp\/v2\/media?parent=33027"}],"wp:term":[{"taxonomy":"product_cat","embeddable":true,"href":"https:\/\/www.dreamonme.ca\/fr\/wp-json\/wp\/v2\/product_cat?post=33027"},{"taxonomy":"product_tag","embeddable":true,"href":"https:\/\/www.dreamonme.ca\/fr\/wp-json\/wp\/v2\/product_tag?post=33027"}],"curies":[{"name":"wp","href":"https:\/\/api.w.org\/{rel}","templated":true}]}}