{"id":34917,"date":"2024-01-18T05:02:21","date_gmt":"2024-01-18T10:02:21","guid":{"rendered":"https:\/\/dreamonme.com\/?post_type=product&#038;p=34917"},"modified":"2025-05-13T09:22:54","modified_gmt":"2025-05-13T13:22:54","slug":"fisher-price-siesta-3-in-1-convertible-crib","status":"publish","type":"product","link":"https:\/\/www.dreamonme.ca\/fr\/products\/cribs\/full-size-cribs\/fisher-price-siesta-3-in-1-convertible-crib\/","title":{"rendered":"Fisher Price Siesta Lit de b\u00e9b\u00e9 convertible 3 en 1 (barri\u00e8re de s\u00e9curit\u00e9 incluse)"},"content":{"rendered":"<p>Pr\u00e9sentation du berceau convertible 3 en 1 Fisher Price Siesta de Dream On Me \u2013 o\u00f9 le plaisir et l'imagination rencontrent l'heure du sommeil ! Con\u00e7u pour \u00eatre polyvalent, il se transforme facilement d'un berceau \u00e0 un lit pour tout-petit et m\u00eame \u00e0 un lit pleine grandeur \u00e0 mesure que votre tout-petit grandit (barri\u00e8re de s\u00e9curit\u00e9 incluse). Le berceau convertible Siesta 3 en 1 de Fisher-Price garantit la s\u00e9curit\u00e9 de votre enfant gr\u00e2ce \u00e0 la certification JPMA et \u00e0 un engagement envers des mat\u00e9riaux non toxiques. Apportez de la gaiet\u00e9 \u00e0 votre tout-petit et de la commodit\u00e9 pour vous, car ce berceau est facile \u00e0 assembler et tr\u00e8s facile \u00e0 entretenir ! Disponible en 3 superbes finitions \u2013 ch\u00eane vintage rose blush, ch\u00eane vintage patin\u00e9 et ch\u00eane vintage noir mat, le berceau convertible Siesta 3-en-1 de Fisher-Price est l'endroit o\u00f9 les siestes et les aventures commencent ! Les dimensions du produit sont de 53,7\" L x 30\" l x 36\" H, avec un poids de 78 lb.<\/p>\n<style>@font-face{font-family:maax-medium;src:url('https:\/\/dreamonme.ca\/fonts\/maax.ttf') format('ttf'),url('https:\/\/dreamonme.ca\/fonts\/maax.woff') format('woff')}.woocommerce-tabs p{font-family:maax-medium !important;}.product_meta p span span, .product_meta p span a,.shop_attributes tbody tr td,.sweet_drms_ul li,.user-manual-btn a span, .post-title h3 a{font-family: maax-medium !important;}{font-family:maax-medium !important;}@font-face{font-family:letsbeglyphscyr;src:url('https:\/\/dreamonme.ca\/fonts\/letsbeglyphscyr-regular-webfont.ttf') format('ttf'),url('https:\/\/dreamonme.ca\/fonts\/letsbeglyphscyr-regular-webfont.woff') format('woff')}.product-information .post .post-title h1,.product-information label[for=color],.product_meta p,ul.accordion>li.active .content li strong,ul.accordion>li.active .content p strong,ul.accordion>li.active div.title,ul.accordion>li>div.title,.shop_attributes tbody tr th,header.post-title h1.entry-title, .related.products h2{font-family:letsbeglyphscyr!important;font-weight: 600 !important;}\n<\/style>","protected":false},"excerpt":{"rendered":"<p>Introducing the Fisher Price Siesta 3-in-1 Convertible Crib by Dream On Me \u2013 where fun and imagination meet sleep time! Designed for versatility, it seamlessly transforms from a crib to a toddler bed and even a full-size bed as your little one grows (Guard rail included). The Fisher-Price Siesta 3-in-1 Convertible Crib ensures your child&#8217;s [&hellip;]<\/p>","protected":false},"featured_media":45366,"comment_status":"closed","ping_status":"closed","template":"","meta":[],"product_cat":[15],"product_tag":[],"class_list":["post-34917","product","type-product","status-publish","has-post-thumbnail","hentry","product_cat-full-size-cribs"],"_links":{"self":[{"href":"https:\/\/www.dreamonme.ca\/fr\/wp-json\/wp\/v2\/product\/34917","targetHints":{"allow":["GET"]}}],"collection":[{"href":"https:\/\/www.dreamonme.ca\/fr\/wp-json\/wp\/v2\/product"}],"about":[{"href":"https:\/\/www.dreamonme.ca\/fr\/wp-json\/wp\/v2\/types\/product"}],"replies":[{"embeddable":true,"href":"https:\/\/www.dreamonme.ca\/fr\/wp-json\/wp\/v2\/comments?post=34917"}],"wp:featuredmedia":[{"embeddable":true,"href":"https:\/\/www.dreamonme.ca\/fr\/wp-json\/wp\/v2\/media\/45366"}],"wp:attachment":[{"href":"https:\/\/www.dreamonme.ca\/fr\/wp-json\/wp\/v2\/media?parent=34917"}],"wp:term":[{"taxonomy":"product_cat","embeddable":true,"href":"https:\/\/www.dreamonme.ca\/fr\/wp-json\/wp\/v2\/product_cat?post=34917"},{"taxonomy":"product_tag","embeddable":true,"href":"https:\/\/www.dreamonme.ca\/fr\/wp-json\/wp\/v2\/product_tag?post=34917"}],"curies":[{"name":"wp","href":"https:\/\/api.w.org\/{rel}","templated":true}]}}