{"id":36771,"date":"2024-08-09T05:33:03","date_gmt":"2024-08-09T09:33:03","guid":{"rendered":"https:\/\/dreamonme.com\/?post_type=product&#038;p=36771"},"modified":"2025-04-28T07:01:11","modified_gmt":"2025-04-28T11:01:11","slug":"fisher-price-iris-siesta-changing-table","status":"publish","type":"product","link":"https:\/\/www.dreamonme.ca\/fr\/products\/furniture\/changing-tables\/fisher-price-iris-siesta-changing-table\/","title":{"rendered":"Fisher Price Iris\/Siesta Table \u00e0 langer"},"content":{"rendered":"<p>Dites adieu aux probl\u00e8mes de changement de couches et bonjour \u00e0 la commodit\u00e9 avec la table \u00e0 langer Fisher-Price\u2122 Iris\/Siesta de Dream On Me\u00a0! Fabriqu\u00e9e en bois de pin durable de Nouvelle-Z\u00e9lande, cette table \u00e0 langer est non seulement robuste, mais aussi facile \u00e0 entretenir. Le tiroir inf\u00e9rieur ferm\u00e9 et les deux tablettes ouvertes offrent beaucoup d'espace de rangement pour tous vos essentiels de couches et plus encore, gardant tout organis\u00e9 et \u00e0 port\u00e9e de main. La s\u00e9curit\u00e9 et la fonctionnalit\u00e9 sont au c\u0153ur de notre conception. La table \u00e0 langer est certifi\u00e9e JPMA et Greenguard Gold et r\u00e9pond\/d\u00e9passe les normes de s\u00e9curit\u00e9 ASTM et CPSC. Disponible dans des variantes agr\u00e9ables \u2013 Blush Pink, Matte Black Vintage Oak et Vintage White Oak \u2013 chaque option est soigneusement con\u00e7ue pour s'adapter \u00e0 vos pr\u00e9f\u00e9rences de style et \u00e0 la d\u00e9coration de votre chambre d'enfant. Les dimensions du produit sont 33,9\u2033 L x 18,5\u2033 l x 38,4\u2033 H, avec un poids de 66 lb.<\/p>\n<style>\n@font-face{font-family:maax-medium;src:url('https:\/\/dreamonme.ca\/fonts\/maax.ttf') format('ttf'),url('https:\/\/dreamonme.ca\/fonts\/maax.woff') format('woff')}.woocommerce-tabs p{font-family:maax-medium !important;}.product_meta p span span, .product_meta p span a,.shop_attributes tbody tr td,.sweet_drms_ul li,.user-manual-btn a span, .post-title h3 a{font-family: maax-medium !important;}{font-family:maax-medium !important;}@font-face{font-family:letsbeglyphscyr;src:url('https:\/\/dreamonme.ca\/fonts\/letsbeglyphscyr-regular-webfont.ttf') format('ttf'),url('https:\/\/dreamonme.ca\/fonts\/letsbeglyphscyr-regular-webfont.woff') format('woff')}.product-information .post .post-title h1,.product-information label[for=color],.product_meta p,ul.accordion>li.active .content li strong,ul.accordion>li.active .content p strong,ul.accordion>li.active div.title,ul.accordion>li>div.title,.shop_attributes tbody tr th,header.post-title h1.entry-title, .related.products h2{font-family:letsbeglyphscyr!important;font-weight: 600 !important;}<br \/>\n<\/style>","protected":false},"excerpt":{"rendered":"<p>Say goodbye to diaper changing woes and hello to convenience with the Fisher-Price&#x2122; Iris\/Siesta Changing Table by Dream On Me! Made from durable New Zealand Pine Wood, this changing table is not only sturdy but also easy to maintain. The bottom closed drawer and two open shelves provide ample storage space for all your diapering [&hellip;]<\/p>","protected":false},"featured_media":45194,"comment_status":"closed","ping_status":"closed","template":"","meta":[],"product_cat":[22],"product_tag":[],"class_list":["post-36771","product","type-product","status-publish","has-post-thumbnail","hentry","product_cat-changing-tables"],"_links":{"self":[{"href":"https:\/\/www.dreamonme.ca\/fr\/wp-json\/wp\/v2\/product\/36771","targetHints":{"allow":["GET"]}}],"collection":[{"href":"https:\/\/www.dreamonme.ca\/fr\/wp-json\/wp\/v2\/product"}],"about":[{"href":"https:\/\/www.dreamonme.ca\/fr\/wp-json\/wp\/v2\/types\/product"}],"replies":[{"embeddable":true,"href":"https:\/\/www.dreamonme.ca\/fr\/wp-json\/wp\/v2\/comments?post=36771"}],"wp:featuredmedia":[{"embeddable":true,"href":"https:\/\/www.dreamonme.ca\/fr\/wp-json\/wp\/v2\/media\/45194"}],"wp:attachment":[{"href":"https:\/\/www.dreamonme.ca\/fr\/wp-json\/wp\/v2\/media?parent=36771"}],"wp:term":[{"taxonomy":"product_cat","embeddable":true,"href":"https:\/\/www.dreamonme.ca\/fr\/wp-json\/wp\/v2\/product_cat?post=36771"},{"taxonomy":"product_tag","embeddable":true,"href":"https:\/\/www.dreamonme.ca\/fr\/wp-json\/wp\/v2\/product_tag?post=36771"}],"curies":[{"name":"wp","href":"https:\/\/api.w.org\/{rel}","templated":true}]}}