{"id":36901,"date":"2024-08-10T05:28:35","date_gmt":"2024-08-10T09:28:35","guid":{"rendered":"https:\/\/dreamonme.com\/?post_type=product&#038;p=36901"},"modified":"2025-05-15T08:59:44","modified_gmt":"2025-05-15T12:59:44","slug":"fisher-price-fauna-collection-safari-dreams-toddler-bed","status":"publish","type":"product","link":"https:\/\/www.dreamonme.ca\/fr\/products\/furniture\/toddler-beds\/fisher-price-fauna-collection-safari-dreams-toddler-bed\/","title":{"rendered":"Fisher Price Fauna Collection Lit pour tout-petit Safari Dreams"},"content":{"rendered":"<p>D\u00e9couvrez le lit pour tout-petit Safari Dreams de la collection Fauna de Fisher Price\u2122 par Dream On Me \u2013 o\u00f9 chaque nuit est une aventure ! Pr\u00e9parez-vous \u00e0 un voyage palpitant et sauvage tandis que votre petit explorateur s'installe dans son propre lit de grand gr\u00e2ce au lit pour tout-petit Safari Dreams de Dream On Me. Priorisant la s\u00e9curit\u00e9, ce magnifique lit robuste est certifi\u00e9 JPMA, pour que votre enfant puisse r\u00eaver en toute tranquillit\u00e9. Con\u00e7u pour s'harmoniser avec n'importe quelle chambre d'enfant, plongez votre enfant dans les merveilles de la nature avec le motif jungle ludique du lit pour tout-petit Safari Dreams. Dimensions du produit : 137 cm (L) x 75 cm (l) x 60 cm (H).<\/p>\n<style>\n.bbb-storelocator a.cc-btn {color: #f2f2f2;border-color: #37abd3;background-color: #37abd3;padding: 5px 10px;font-size: 14px;margin: auto;min-width: 200px;   display: inline-block;margin-left: calc(50% - 100px );border-radius: 5px;text-align: center;text-decoration: none;text-transform: uppercase;}@font-face{font-family:maax-medium;src:url('https:\/\/dreamonme.ca\/fonts\/maax.ttf') format('ttf'),url('https:\/\/dreamonme.ca\/fonts\/maax.woff') format('woff')}.woocommerce-tabs p{font-family:maax-medium !important;}.product_meta p span span, .product_meta p span a,.shop_attributes tbody tr td,.sweet_drms_ul li,.user-manual-btn a span, .post-title h3 a{font-family: maax-medium !important;}{font-family:maax-medium !important;}@font-face{font-family:letsbeglyphscyr;src:url('https:\/\/dreamonme.ca\/fonts\/letsbeglyphscyr-regular-webfont.ttf') format('ttf'),url('https:\/\/dreamonme.ca\/fonts\/letsbeglyphscyr-regular-webfont.woff') format('woff')}.product-information .post .post-title h1,.product-information label[for=color],.product_meta p,ul.accordion>li.active .content li strong,ul.accordion>li.active .content p strong,ul.accordion>li.active div.title,ul.accordion>li>div.title,.shop_attributes tbody tr th,header.post-title h1.entry-title, .related.products h2{font-family:letsbeglyphscyr!important;font-weight: 600 !important;}.multi-select a{font-family: maax-medium !important;font-size:14px;width:18% !important;}<\/style>","protected":false},"excerpt":{"rendered":"<p>Say hello to the Fisher Price&#x2122; Fauna Collection Safari Dreams Toddler Bed by Dream On Me &#8211; Where every night is an adventure! Prepare for a wild and exciting journey as your little explorer transitions to their very own big-kid bed with the Safari Dreams Toddler Bed by Dream On Me. Prioritizing safety, this wonderful [&hellip;]<\/p>","protected":false},"featured_media":44847,"comment_status":"closed","ping_status":"closed","template":"","meta":[],"product_cat":[18],"product_tag":[],"class_list":["post-36901","product","type-product","status-publish","has-post-thumbnail","hentry","product_cat-toddler-beds"],"_links":{"self":[{"href":"https:\/\/www.dreamonme.ca\/fr\/wp-json\/wp\/v2\/product\/36901","targetHints":{"allow":["GET"]}}],"collection":[{"href":"https:\/\/www.dreamonme.ca\/fr\/wp-json\/wp\/v2\/product"}],"about":[{"href":"https:\/\/www.dreamonme.ca\/fr\/wp-json\/wp\/v2\/types\/product"}],"replies":[{"embeddable":true,"href":"https:\/\/www.dreamonme.ca\/fr\/wp-json\/wp\/v2\/comments?post=36901"}],"wp:featuredmedia":[{"embeddable":true,"href":"https:\/\/www.dreamonme.ca\/fr\/wp-json\/wp\/v2\/media\/44847"}],"wp:attachment":[{"href":"https:\/\/www.dreamonme.ca\/fr\/wp-json\/wp\/v2\/media?parent=36901"}],"wp:term":[{"taxonomy":"product_cat","embeddable":true,"href":"https:\/\/www.dreamonme.ca\/fr\/wp-json\/wp\/v2\/product_cat?post=36901"},{"taxonomy":"product_tag","embeddable":true,"href":"https:\/\/www.dreamonme.ca\/fr\/wp-json\/wp\/v2\/product_tag?post=36901"}],"curies":[{"name":"wp","href":"https:\/\/api.w.org\/{rel}","templated":true}]}}