{"id":36911,"date":"2024-08-10T05:59:51","date_gmt":"2024-08-10T09:59:51","guid":{"rendered":"https:\/\/dreamonme.com\/?post_type=product&#038;p=36911"},"modified":"2025-05-15T09:21:49","modified_gmt":"2025-05-15T13:21:49","slug":"fisher-price-fauna-collection-brave-heart-table-chair-set","status":"publish","type":"product","link":"https:\/\/www.dreamonme.ca\/fr\/products\/furniture\/table-chair-set\/fisher-price-fauna-collection-brave-heart-table-chair-set\/","title":{"rendered":"Fisher Price Fauna Collection Ensemble de table et de chaises Brave Heart"},"content":{"rendered":"<p>Pour que votre enfant d\u00eene avec style au milieu des merveilles de la faune \u2013 Pr\u00e9sentation de l'ensemble de chaises de table Brave Heart de la collection Fauna de Fisher Price\u2122 par Dream On Me. Con\u00e7u dans un souci de s\u00e9curit\u00e9 et de stabilit\u00e9, cet ensemble passionnant pr\u00e9sente une construction robuste et une conception solide qui peut r\u00e9sister aux rigueurs d'une utilisation quotidienne, comme savourer une collation ou organiser une collation sur le th\u00e8me de la jungle. La s\u00e9curit\u00e9 est primordiale, c'est pourquoi l'ensemble de chaises de table Brave Heart est certifi\u00e9 ASTM, garantissant les normes de qualit\u00e9 et de durabilit\u00e9 les plus \u00e9lev\u00e9es. Disponible dans un design imprim\u00e9 jungle captivant, des singes ludiques aux lions majestueux, chaque repas sera un voyage palpitant au c\u0153ur de la jungle. 19,6 po H, avec une limite de poids maximale de 17,6 lb.<\/p>\n<style>\n.bbb-storelocator a.cc-btn {color: #f2f2f2;border-color: #37abd3;background-color: #37abd3;padding: 5px 10px;font-size: 14px;margin: auto;min-width: 200px;   display: inline-block;margin-left: calc(50% - 100px );border-radius: 5px;text-align: center;text-decoration: none;text-transform: uppercase;}@font-face{font-family:maax-medium;src:url('https:\/\/dreamonme.ca\/fonts\/maax.ttf') format('ttf'),url('https:\/\/dreamonme.ca\/fonts\/maax.woff') format('woff')}.woocommerce-tabs p{font-family:maax-medium !important;}.product_meta p span span, .product_meta p span a,.shop_attributes tbody tr td,.sweet_drms_ul li,.user-manual-btn a span, .post-title h3 a{font-family: maax-medium !important;}{font-family:maax-medium !important;}@font-face{font-family:letsbeglyphscyr;src:url('https:\/\/dreamonme.ca\/fonts\/letsbeglyphscyr-regular-webfont.ttf') format('ttf'),url('https:\/\/dreamonme.ca\/fonts\/letsbeglyphscyr-regular-webfont.woff') format('woff')}.product-information .post .post-title h1,.product-information label[for=color],.product_meta p,ul.accordion>li.active .content li strong,ul.accordion>li.active .content p strong,ul.accordion>li.active div.title,ul.accordion>li>div.title,.shop_attributes tbody tr th,header.post-title h1.entry-title, .related.products h2{font-family:letsbeglyphscyr!important;font-weight: 600 !important;}.multi-select a{font-family: maax-medium !important;font-size:14px;width:18% !important;}<\/style>","protected":false},"excerpt":{"rendered":"<p>For your child to dine in style amidst the wonders of the Fauna &#8211; Introducing the Fisher Price&#x2122; Fauna Collection Brave Heart Table Chair Set by Dream On Me. Crafted with safety and stability in mind, this exciting set features sturdy construction and solid design that can withstand the rigors of daily use, such as [&hellip;]<\/p>","protected":false},"featured_media":44867,"comment_status":"closed","ping_status":"closed","template":"","meta":[],"product_cat":[2249],"product_tag":[],"class_list":["post-36911","product","type-product","status-publish","has-post-thumbnail","hentry","product_cat-table-chair-set"],"_links":{"self":[{"href":"https:\/\/www.dreamonme.ca\/fr\/wp-json\/wp\/v2\/product\/36911","targetHints":{"allow":["GET"]}}],"collection":[{"href":"https:\/\/www.dreamonme.ca\/fr\/wp-json\/wp\/v2\/product"}],"about":[{"href":"https:\/\/www.dreamonme.ca\/fr\/wp-json\/wp\/v2\/types\/product"}],"replies":[{"embeddable":true,"href":"https:\/\/www.dreamonme.ca\/fr\/wp-json\/wp\/v2\/comments?post=36911"}],"wp:featuredmedia":[{"embeddable":true,"href":"https:\/\/www.dreamonme.ca\/fr\/wp-json\/wp\/v2\/media\/44867"}],"wp:attachment":[{"href":"https:\/\/www.dreamonme.ca\/fr\/wp-json\/wp\/v2\/media?parent=36911"}],"wp:term":[{"taxonomy":"product_cat","embeddable":true,"href":"https:\/\/www.dreamonme.ca\/fr\/wp-json\/wp\/v2\/product_cat?post=36911"},{"taxonomy":"product_tag","embeddable":true,"href":"https:\/\/www.dreamonme.ca\/fr\/wp-json\/wp\/v2\/product_tag?post=36911"}],"curies":[{"name":"wp","href":"https:\/\/api.w.org\/{rel}","templated":true}]}}