{"id":36913,"date":"2024-08-10T06:13:35","date_gmt":"2024-08-10T10:13:35","guid":{"rendered":"https:\/\/dreamonme.com\/?post_type=product&#038;p=36913"},"modified":"2025-05-15T09:43:02","modified_gmt":"2025-05-15T13:43:02","slug":"fisher-price-fauna-collection-go-bananas-bookcase","status":"publish","type":"product","link":"https:\/\/www.dreamonme.ca\/fr\/products\/furniture\/bookcase\/fisher-price-fauna-collection-go-bananas-bookcase\/","title":{"rendered":"Fisher Price Fauna Collection Biblioth\u00e8que Go Bananas"},"content":{"rendered":"<p>Pr\u00e9sentation de la biblioth\u00e8que Go Bananas de la collection Fauna de Fisher Price\u2122 par Dream On Me \u2013 L\u00e0 o\u00f9 la lecture prend une tournure sauvage ! Inspir\u00e9e par l'\u00e9nergie vibrante de la jungle, cette charmante biblioth\u00e8que ajoute une touche de fantaisie et de fonctionnalit\u00e9 \u00e0 la chambre ou \u00e0 la salle de jeux de n'importe quel enfant. La s\u00e9curit\u00e9 est notre priorit\u00e9 absolue, c'est pourquoi la biblioth\u00e8que Go Bananas r\u00e9pond aux normes ASTM, garantissant la tranquillit\u00e9 d'esprit des parents et un plaisir sans fin pour les petits rats de biblioth\u00e8que. Gardez les histoires pr\u00e9f\u00e9r\u00e9es de votre enfant organis\u00e9es et facilement accessibles\u00a0! Avec deux \u00e0 quatre tablettes dispos\u00e9es en ordre d\u00e9croissant, les petits lecteurs peuvent organiser leurs livres par taille ou par th\u00e8me, ce qui facilite la recherche de leur prochaine aventure. Con\u00e7ue dans un souci de durabilit\u00e9, la biblioth\u00e8que Go Bananas est con\u00e7ue pour r\u00e9sister aux exigences des petits actifs. Disponible dans un design imprim\u00e9 jungle ludique, cette biblioth\u00e8que inspire les enfants \u00e0 se lancer dans des aventures litt\u00e9raires passionnantes. Les dimensions du produit sont 19,06\" L x 13,15\" l x 34,13\" H.<\/p>\n<style>.bbb-storelocator a.cc-btn {color: #f2f2f2;border-color: #37abd3;background-color: #37abd3;padding: 5px 10px;font-size: 14px;margin: auto;min-width: 200px;   display: inline-block;margin-left: calc(50% - 100px );border-radius: 5px;text-align: center;text-decoration: none;text-transform: uppercase;}@font-face{font-family:maax-medium;src:url('https:\/\/dreamonme.ca\/fonts\/maax.ttf') format('ttf'),url('https:\/\/dreamonme.ca\/fonts\/maax.woff') format('woff')}.woocommerce-tabs p{font-family:maax-medium !important;}.product_meta p span span, .product_meta p span a,.shop_attributes tbody tr td,.sweet_drms_ul li,.user-manual-btn a span, .post-title h3 a{font-family: maax-medium !important;}{font-family:maax-medium !important;}@font-face{font-family:letsbeglyphscyr;src:url('https:\/\/dreamonme.ca\/fonts\/letsbeglyphscyr-regular-webfont.ttf') format('ttf'),url('https:\/\/dreamonme.ca\/fonts\/letsbeglyphscyr-regular-webfont.woff') format('woff')}.product-information .post .post-title h1,.product-information label[for=color],.product_meta p,ul.accordion>li.active .content li strong,ul.accordion>li.active .content p strong,ul.accordion>li.active div.title,ul.accordion>li>div.title,.shop_attributes tbody tr th,header.post-title h1.entry-title, .related.products h2{font-family:letsbeglyphscyr!important;font-weight: 600 !important;}.multi-select a{font-family: maax-medium !important;font-size:14px;width:18% !important;}<\/style>","protected":false},"excerpt":{"rendered":"<p>Introducing the Fisher Price&#x2122; Fauna Collection Go Bananas Bookcase by Dream On Me &#8211; Where reading takes on a wild twist! Inspired by the vibrant energy of the jungle, this delightful bookcase adds a touch of whimsy and functionality to any child&#8217;s bedroom or playroom. Safety is our top priority, which is why the Go [&hellip;]<\/p>","protected":false},"featured_media":44905,"comment_status":"closed","ping_status":"closed","template":"","meta":[],"product_cat":[2251],"product_tag":[],"class_list":["post-36913","product","type-product","status-publish","has-post-thumbnail","hentry","product_cat-bookcase"],"_links":{"self":[{"href":"https:\/\/www.dreamonme.ca\/fr\/wp-json\/wp\/v2\/product\/36913","targetHints":{"allow":["GET"]}}],"collection":[{"href":"https:\/\/www.dreamonme.ca\/fr\/wp-json\/wp\/v2\/product"}],"about":[{"href":"https:\/\/www.dreamonme.ca\/fr\/wp-json\/wp\/v2\/types\/product"}],"replies":[{"embeddable":true,"href":"https:\/\/www.dreamonme.ca\/fr\/wp-json\/wp\/v2\/comments?post=36913"}],"wp:featuredmedia":[{"embeddable":true,"href":"https:\/\/www.dreamonme.ca\/fr\/wp-json\/wp\/v2\/media\/44905"}],"wp:attachment":[{"href":"https:\/\/www.dreamonme.ca\/fr\/wp-json\/wp\/v2\/media?parent=36913"}],"wp:term":[{"taxonomy":"product_cat","embeddable":true,"href":"https:\/\/www.dreamonme.ca\/fr\/wp-json\/wp\/v2\/product_cat?post=36913"},{"taxonomy":"product_tag","embeddable":true,"href":"https:\/\/www.dreamonme.ca\/fr\/wp-json\/wp\/v2\/product_tag?post=36913"}],"curies":[{"name":"wp","href":"https:\/\/api.w.org\/{rel}","templated":true}]}}