{"id":37411,"date":"2024-08-23T06:35:00","date_gmt":"2024-08-23T10:35:00","guid":{"rendered":"https:\/\/dreamonme.com\/?post_type=product&#038;p=37411"},"modified":"2025-06-16T06:45:19","modified_gmt":"2025-06-16T10:45:19","slug":"nestle-kids-sofa-duo","status":"publish","type":"product","link":"https:\/\/www.dreamonme.ca\/fr\/products\/baby-gears\/kids-sofa\/nestle-kids-sofa-duo\/","title":{"rendered":"Nestle Sofa pour enfants, Duo"},"content":{"rendered":"<p>Doublez le plaisir et doublez le jeu \u2013 D\u00e9couvrez le canap\u00e9 pour enfants Dream On Me Nestle \u2013 Duo ! Avec son tissu compressible et textur\u00e9 doux et sa conception basse au sol pour une assise facile, ce canap\u00e9 pour enfants deux places est soigneusement con\u00e7u et peut s'adapter \u00e0 vos deux enfants. Con\u00e7u pour respecter ou d\u00e9passer les normes ASTM et CPSC, le canap\u00e9 Nestl\u00e9 offre le m\u00e9lange parfait de s\u00e9curit\u00e9 et de confort. Pendant que votre enfant gagne en autonomie, vous gagnez en tranquillit\u00e9 d'esprit, car ce canap\u00e9 pour enfants est facile \u00e0 nettoyer et \u00e0 entretenir. Am\u00e9liorez la chambre de votre enfant avec ce charmant sofa \u2013 choisissez entre une finition rose agr\u00e9able et une finition grise subtile. Les dimensions du produit sont 30\u2033 L x 16,5\u2033 l x 15\u2033 H, avec une capacit\u00e9 de poids de 33 lb. Ce produit est recommand\u00e9 aux enfants jusqu'\u00e0 36 mois. <\/p>\n<style>\n@media (min-width:767px){.split-img-2 img {width: 48%;float:left;margin:1%;}}\n<\/style>","protected":false},"excerpt":{"rendered":"<p>Double the fun &#038; double the play &#8211; Meet the Dream On Me Nestle Kids Sofa &#8211; Duo! With its compressible, soft textured fabric &#038; low-to-floor design for easy seating, this double seater Kids Sofa is thoughtfully designed and can fit in both your kiddos. Crafted to meet\/exceed ASTM &#038; CPSC standards, the Nestle Sofa [&hellip;]<\/p>","protected":false},"featured_media":42996,"comment_status":"closed","ping_status":"closed","template":"","meta":[],"product_cat":[2101],"product_tag":[],"class_list":["post-37411","product","type-product","status-publish","has-post-thumbnail","hentry","product_cat-kids-sofa"],"_links":{"self":[{"href":"https:\/\/www.dreamonme.ca\/fr\/wp-json\/wp\/v2\/product\/37411","targetHints":{"allow":["GET"]}}],"collection":[{"href":"https:\/\/www.dreamonme.ca\/fr\/wp-json\/wp\/v2\/product"}],"about":[{"href":"https:\/\/www.dreamonme.ca\/fr\/wp-json\/wp\/v2\/types\/product"}],"replies":[{"embeddable":true,"href":"https:\/\/www.dreamonme.ca\/fr\/wp-json\/wp\/v2\/comments?post=37411"}],"wp:featuredmedia":[{"embeddable":true,"href":"https:\/\/www.dreamonme.ca\/fr\/wp-json\/wp\/v2\/media\/42996"}],"wp:attachment":[{"href":"https:\/\/www.dreamonme.ca\/fr\/wp-json\/wp\/v2\/media?parent=37411"}],"wp:term":[{"taxonomy":"product_cat","embeddable":true,"href":"https:\/\/www.dreamonme.ca\/fr\/wp-json\/wp\/v2\/product_cat?post=37411"},{"taxonomy":"product_tag","embeddable":true,"href":"https:\/\/www.dreamonme.ca\/fr\/wp-json\/wp\/v2\/product_tag?post=37411"}],"curies":[{"name":"wp","href":"https:\/\/api.w.org\/{rel}","templated":true}]}}