{"id":37484,"date":"2024-08-26T08:23:12","date_gmt":"2024-08-26T12:23:12","guid":{"rendered":"https:\/\/dreamonme.com\/?post_type=product&#038;p=37484"},"modified":"2025-04-14T06:08:59","modified_gmt":"2025-04-14T10:08:59","slug":"calypso-portable-bassinet-with-wheels","status":"publish","type":"product","link":"https:\/\/www.dreamonme.ca\/fr\/products\/baby-gears\/bassinets-carriers\/calypso-portable-bassinet-with-wheels\/","title":{"rendered":"Berceau portable Calypso avec roulettes"},"content":{"rendered":"<p>D\u00e9couvrez l'alliance parfaite du confort et de la praticit\u00e9 avec le berceau portable \u00e0 roulettes Dream On Me Calypso ! Pliable et portable, ce berceau est le compagnon id\u00e9al pour les parents en d\u00e9placement. Dot\u00e9 de roulettes pratiques, il vous permet de d\u00e9placer votre b\u00e9b\u00e9 sans effort d'une pi\u00e8ce \u00e0 l'autre. Dot\u00e9 d'un cadre extr\u00eamement robuste, le Calypso assure un environnement s\u00e9curis\u00e9 \u00e0 votre b\u00e9b\u00e9. Les sept positions de hauteur r\u00e9glables, compl\u00e9t\u00e9es par un second syst\u00e8me de verrouillage, offrent une polyvalence optimale. Le berceau Calypso est con\u00e7u et fabriqu\u00e9 avec le plus grand soin, conform\u00e9ment aux normes de s\u00e9curit\u00e9 ASTM les plus strictes. Son rembourrage en mousse haute densit\u00e9 garantit le confort et ses tissus amovibles facilitent le nettoyage. Ses finitions soign\u00e9es ajoutent une touche d'\u00e9l\u00e9gance \u00e0 ce berceau pratique et \u00e9l\u00e9gant. Dimensions\u00a0: 94\u00a0cm (L) x 54,6\u00a0cm (l) x 85,9\u00a0cm (H), avec une capacit\u00e9 de charge maximale de 11,3\u00a0kg.<\/p>","protected":false},"excerpt":{"rendered":"<p>Experience the perfect blend of comfort and convenience with Dream On Me Calypso Portable Bassinet With Wheels! This foldable and portable bassinet is your ideal companion for on-the-go parenting. Featuring convenient wheels, this portable bassinet allows you to effortlessly move your baby from room to room. Boasting an extremely sturdy frame, the Calypso ensures a [&hellip;]<\/p>","protected":false},"featured_media":44436,"comment_status":"closed","ping_status":"closed","template":"","meta":[],"product_cat":[20],"product_tag":[],"class_list":["post-37484","product","type-product","status-publish","has-post-thumbnail","hentry","product_cat-bassinets-carriers"],"_links":{"self":[{"href":"https:\/\/www.dreamonme.ca\/fr\/wp-json\/wp\/v2\/product\/37484","targetHints":{"allow":["GET"]}}],"collection":[{"href":"https:\/\/www.dreamonme.ca\/fr\/wp-json\/wp\/v2\/product"}],"about":[{"href":"https:\/\/www.dreamonme.ca\/fr\/wp-json\/wp\/v2\/types\/product"}],"replies":[{"embeddable":true,"href":"https:\/\/www.dreamonme.ca\/fr\/wp-json\/wp\/v2\/comments?post=37484"}],"wp:featuredmedia":[{"embeddable":true,"href":"https:\/\/www.dreamonme.ca\/fr\/wp-json\/wp\/v2\/media\/44436"}],"wp:attachment":[{"href":"https:\/\/www.dreamonme.ca\/fr\/wp-json\/wp\/v2\/media?parent=37484"}],"wp:term":[{"taxonomy":"product_cat","embeddable":true,"href":"https:\/\/www.dreamonme.ca\/fr\/wp-json\/wp\/v2\/product_cat?post=37484"},{"taxonomy":"product_tag","embeddable":true,"href":"https:\/\/www.dreamonme.ca\/fr\/wp-json\/wp\/v2\/product_tag?post=37484"}],"curies":[{"name":"wp","href":"https:\/\/api.w.org\/{rel}","templated":true}]}}