{"id":37553,"date":"2024-08-29T05:32:23","date_gmt":"2024-08-29T09:32:23","guid":{"rendered":"https:\/\/dreamonme.com\/?post_type=product&#038;p=37553"},"modified":"2025-04-10T11:07:40","modified_gmt":"2025-04-10T15:07:40","slug":"fisher-price-tiny-bites-high-chair","status":"publish","type":"product","link":"https:\/\/www.dreamonme.ca\/fr\/products\/baby-gears\/highchairs\/fisher-price-tiny-bites-high-chair\/","title":{"rendered":"Fisher Price Tiny Bites High Chair"},"content":{"rendered":"<p>Faites de chaque bouch\u00e9e une petite aventure avec la chaise haute Fisher Price\u2122 Tiny Bites de Dream On Me\u00a0! Con\u00e7u pour grandir avec votre enfant, cet incontournable offre des options d'assise polyvalentes et des fonctionnalit\u00e9s pratiques qui facilitent l'heure des repas. Avec 7 positions de hauteur r\u00e9glables, 3 positions de plateau, 3 positions de repose-pieds et 2 positions de dossier, la chaise haute s'adapte aux besoins de votre enfant \u00e0 chaque \u00e9tape. De plus, le double plateau amovible et facile \u00e0 nettoyer permet une transition fluide entre manger et jouer. Con\u00e7u pour les parents occup\u00e9s, la fonction de pliage rapide en un clic rend le rangement et la portabilit\u00e9 sans effort. La s\u00e9curit\u00e9 est une priorit\u00e9 absolue et cette chaise haute r\u00e9pond aux normes ASTM, vous offrant ainsi une tranquillit\u00e9 d\u2019esprit. Disponible dans des designs ludiques et color\u00e9s, cette chaise haute ajoute une touche de plaisir \u00e0 l'heure des repas tout en s'int\u00e9grant parfaitement \u00e0 n'importe quel d\u00e9cor de cuisine. Les dimensions du produit sont 20,08\" L x 30,71\" l x 46,46\" H. Ce produit convient aux enfants \u00e2g\u00e9s de 6 \u00e0 36 mois.<\/p>\n<style>\n@font-face{font-family:maax-medium;src:url('https:\/\/dreamonme.ca\/fonts\/maax.ttf') format('ttf'),url('https:\/\/dreamonme.ca\/fonts\/maax.woff') format('woff')}.woocommerce-tabs p{font-family:maax-medium !important;}.product_meta p span span, .product_meta p span a,.shop_attributes tbody tr td,.sweet_drms_ul li,.user-manual-btn a span, .post-title h3 a{font-family: maax-medium !important;}{font-family:maax-medium !important;}@font-face{font-family:letsbeglyphscyr;src:url('https:\/\/dreamonme.ca\/fonts\/letsbeglyphscyr-regular-webfont.ttf') format('ttf'),url('https:\/\/dreamonme.ca\/fonts\/letsbeglyphscyr-regular-webfont.woff') format('woff')}.product-information .post .post-title h1,.product-information label[for=color],.product_meta p,ul.accordion>li.active .content li strong,ul.accordion>li.active .content p strong,ul.accordion>li.active div.title,ul.accordion>li>div.title,.shop_attributes tbody tr th,header.post-title h1.entry-title, .related.products h2{font-family:letsbeglyphscyr!important;font-weight: 600 !important;}\n@media (min-width:767px){.split-img-2 img {width: 48%;float:left;margin:1%;}}\n<\/style>","protected":false},"excerpt":{"rendered":"<p>Make every bite a tiny adventure with the Fisher Price&#x2122; Tiny Bites High Chair by Dream On Me! Designed to grow with your child, this must-have offers versatile seating options and convenient features that make mealtime a breeze. With 7 adjustable height positions, 3 tray positions, 3 footrest positions, and 2 backrest positions, the high [&hellip;]<\/p>","protected":false},"featured_media":45064,"comment_status":"closed","ping_status":"closed","template":"","meta":[],"product_cat":[983],"product_tag":[],"class_list":["post-37553","product","type-product","status-publish","has-post-thumbnail","hentry","product_cat-highchairs"],"_links":{"self":[{"href":"https:\/\/www.dreamonme.ca\/fr\/wp-json\/wp\/v2\/product\/37553","targetHints":{"allow":["GET"]}}],"collection":[{"href":"https:\/\/www.dreamonme.ca\/fr\/wp-json\/wp\/v2\/product"}],"about":[{"href":"https:\/\/www.dreamonme.ca\/fr\/wp-json\/wp\/v2\/types\/product"}],"replies":[{"embeddable":true,"href":"https:\/\/www.dreamonme.ca\/fr\/wp-json\/wp\/v2\/comments?post=37553"}],"wp:featuredmedia":[{"embeddable":true,"href":"https:\/\/www.dreamonme.ca\/fr\/wp-json\/wp\/v2\/media\/45064"}],"wp:attachment":[{"href":"https:\/\/www.dreamonme.ca\/fr\/wp-json\/wp\/v2\/media?parent=37553"}],"wp:term":[{"taxonomy":"product_cat","embeddable":true,"href":"https:\/\/www.dreamonme.ca\/fr\/wp-json\/wp\/v2\/product_cat?post=37553"},{"taxonomy":"product_tag","embeddable":true,"href":"https:\/\/www.dreamonme.ca\/fr\/wp-json\/wp\/v2\/product_tag?post=37553"}],"curies":[{"name":"wp","href":"https:\/\/api.w.org\/{rel}","templated":true}]}}