{"id":38494,"date":"2024-10-10T06:09:49","date_gmt":"2024-10-10T10:09:49","guid":{"rendered":"https:\/\/dreamonme.com\/?post_type=product&#038;p=38494"},"modified":"2025-04-14T05:03:08","modified_gmt":"2025-04-14T09:03:08","slug":"cozy-pod-booster-seat-with-removable-cover","status":"publish","type":"product","link":"https:\/\/www.dreamonme.ca\/fr\/products\/baby-gears\/booster-floor-seats\/cozy-pod-booster-seat-with-removable-cover\/","title":{"rendered":"Cozy Pod Si\u00e8ge d'appoint avec housse amovible"},"content":{"rendered":"<p>Pr\u00e9sentation du si\u00e8ge d'appoint Dream On Me Cozy Pod, le compagnon ultime pour les aventures de repas de votre enfant. Gr\u00e2ce \u00e0 sa conception pliable compacte et facile \u00e0 utiliser en une seule action et \u00e0 sa poign\u00e9e de transport pratique, ce si\u00e8ge d'appoint est id\u00e9al pour les voyages ou le rangement, ce qui le rend parfait pour les parents en d\u00e9placement. \u00c9quip\u00e9 de deux ceintures pour se fixer solidement \u00e0 n'importe quelle chaise adulte, le si\u00e8ge d'appoint Dream On Me Cozy Pod assure la s\u00e9curit\u00e9 de votre enfant pendant les repas. Pour plus de s\u00e9curit\u00e9 et de tranquillit\u00e9 d'esprit, ce si\u00e8ge d'appoint novateur comprend un harnais de s\u00e9curit\u00e9 \u00e0 3 points et r\u00e9pond\/d\u00e9passe les normes de s\u00e9curit\u00e9 ASTM. Con\u00e7u avec une esth\u00e9tique moderne et amusante, le si\u00e8ge d'appoint Cozy Pod est disponible en cinq variantes \u00e9l\u00e9gantes : gris, noir, rose, blanc et bleu, qui conviennent \u00e0 la personnalit\u00e9 de votre enfant et \u00e0 la d\u00e9coration de votre maison. Dimensions du produit\u00a0: 27,2\u00a0cm (L) x 33,5\u00a0cm (l) x 23\u00a0cm (H), pour un poids de 1,5\u00a0kg. Ce produit a une capacit\u00e9 de charge maximale de 15\u00a0kg (33\u00a0lb) et est recommand\u00e9 pour les enfants de 6 \u00e0 36\u00a0mois.<\/p>\n<style>\n.multi-select {\n\tmax-width:600px;\n}\n.multi-select a span{\n    display:inline-block;\n    text-align:center;\n    width:100%;\n    font-size: 12px;\n    margin-top: 5px;\n    color: #222222;\n}\n.multi-select a.active img{\n   opacity:1!important;\n}\n.multi-select a img{\n    width:100%;\n    opacity:0.5!important;\n    max-width:100px !important;\n}\n.multi-select a img:hover{\n    border:2px solid #7dc3d2 !important;\n    opacity:1!important;\n}\n.multi-select a {\n    max-width:23%;\n\twidth:23%;\n\tmargin-right:2%;\n    display:inline-block;\n    text-align:center;\n}\n@media (min-width:767px){.split-img-2 img {width: 48%;float:left;margin:1%;}}\n<\/style>","protected":false},"excerpt":{"rendered":"<p>Introducing the Dream On Me Cozy Pod Booster Seat, the ultimate companion for your child&#8217;s mealtime adventures. With its easy one-action, compact folding design &amp; convenient carry handle, this booster seat is ideal for travel or storage, making it perfect for on-the-go parents. Equipped with two belts to securely fasten to any adult chair, the [&hellip;]<\/p>","protected":false},"featured_media":43147,"comment_status":"closed","ping_status":"closed","template":"","meta":[],"product_cat":[1813],"product_tag":[],"class_list":["post-38494","product","type-product","status-publish","has-post-thumbnail","hentry","product_cat-booster-floor-seats"],"_links":{"self":[{"href":"https:\/\/www.dreamonme.ca\/fr\/wp-json\/wp\/v2\/product\/38494","targetHints":{"allow":["GET"]}}],"collection":[{"href":"https:\/\/www.dreamonme.ca\/fr\/wp-json\/wp\/v2\/product"}],"about":[{"href":"https:\/\/www.dreamonme.ca\/fr\/wp-json\/wp\/v2\/types\/product"}],"replies":[{"embeddable":true,"href":"https:\/\/www.dreamonme.ca\/fr\/wp-json\/wp\/v2\/comments?post=38494"}],"wp:featuredmedia":[{"embeddable":true,"href":"https:\/\/www.dreamonme.ca\/fr\/wp-json\/wp\/v2\/media\/43147"}],"wp:attachment":[{"href":"https:\/\/www.dreamonme.ca\/fr\/wp-json\/wp\/v2\/media?parent=38494"}],"wp:term":[{"taxonomy":"product_cat","embeddable":true,"href":"https:\/\/www.dreamonme.ca\/fr\/wp-json\/wp\/v2\/product_cat?post=38494"},{"taxonomy":"product_tag","embeddable":true,"href":"https:\/\/www.dreamonme.ca\/fr\/wp-json\/wp\/v2\/product_tag?post=38494"}],"curies":[{"name":"wp","href":"https:\/\/api.w.org\/{rel}","templated":true}]}}