{"id":38893,"date":"2024-10-16T05:35:05","date_gmt":"2024-10-16T09:35:05","guid":{"rendered":"https:\/\/dreamonme.com\/?post_type=product&#038;p=38893"},"modified":"2025-04-25T06:54:04","modified_gmt":"2025-04-25T10:54:04","slug":"fisher-price-funtastic-2-in-1-tower-and-step-stool","status":"publish","type":"product","link":"https:\/\/www.dreamonme.ca\/fr\/products\/furniture\/step-stools\/fisher-price-funtastic-2-in-1-tower-and-step-stool\/","title":{"rendered":"Fisher Price Funtastic Tour et marchepied 2 en 1"},"content":{"rendered":"<p>Il est temps d\u2019augmenter le temps d\u2019apprentissage\u2026 litt\u00e9ralement\u00a0! Pr\u00e9sentation de la tour et du marchepied 2 en 1 Fisher-Price\u2122 Funtastic de Dream On Me, un incontournable \u00e0 mesure que votre tout-petit grandit et franchit de nouvelles \u00e9tapes. Amenez l'apprentissage partout, d'une pi\u00e8ce \u00e0 l'autre, avec cette pi\u00e8ce robuste fabriqu\u00e9e en pin massif de Nouvelle-Z\u00e9lande. Facile \u00e0 assembler, c'est un tabouret polyvalent qui peut \u00eatre utilis\u00e9 dans la cuisine pour apprendre \u00e0 votre tout-petit \u00e0 cuisiner simplement, dans la salle de bain pour lui apprendre \u00e0 se brosser les dents, ou m\u00eame \u00e0 l'ext\u00e9rieur ! La s\u00e9curit\u00e9 est le mot d'ordre dans notre monde. C'est pourquoi le tabouret tour et marchepied 2 en 1 Funtastic de Fisher-Price de Dream On Me est fabriqu\u00e9 avec une peinture non toxique et est livr\u00e9 avec une base sup\u00e9rieure antid\u00e9rapante, des ailes inf\u00e9rieures antid\u00e9rapantes et des rails de s\u00e9curit\u00e9 en bois soigneusement con\u00e7us. De plus, il est disponible dans un fini blanc sans couture pour s'int\u00e9grer \u00e0 l'esth\u00e9tique de votre maison. Ce produit s'adresse aux enfants de 18 mois \u00e0 3 ans.<\/p>\n<style>\n@font-face{font-family:maax-medium;src:url('https:\/\/dreamonme.ca\/fonts\/maax.ttf') format('ttf'),url('https:\/\/dreamonme.ca\/fonts\/maax.woff') format('woff')}.woocommerce-tabs p{font-family:maax-medium !important;}.product_meta p span span, .product_meta p span a,.shop_attributes tbody tr td,.sweet_drms_ul li,.user-manual-btn a span, .post-title h3 a{font-family: maax-medium !important;}{font-family:maax-medium !important;}@font-face{font-family:letsbeglyphscyr;src:url('https:\/\/dreamonme.ca\/fonts\/letsbeglyphscyr-regular-webfont.ttf') format('ttf'),url('https:\/\/dreamonme.ca\/fonts\/letsbeglyphscyr-regular-webfont.woff') format('woff')}.product-information .post .post-title h1,.product-information label[for=color],.product_meta p,ul.accordion>li.active .content li strong,ul.accordion>li.active .content p strong,ul.accordion>li.active div.title,ul.accordion>li>div.title,.shop_attributes tbody tr th,header.post-title h1.entry-title, .related.products h2{font-family:letsbeglyphscyr!important;font-weight: 600 !important;}<br \/>\n<\/style>","protected":false},"excerpt":{"rendered":"<p>It\u2019s time to elevate learning time\u2026 literally! Introducing the Fisher-Price&#x2122; Funtastic 2 in 1 Tower and Step Stool by Dream On Me\u2013 a must-have as your toddler grows to achieve new milestones. Take learning on the go, from room to room, with this sturdy piece that\u2019s made of solid New Zealand Pinewood. Easy to assemble, [&hellip;]<\/p>","protected":false},"featured_media":45481,"comment_status":"closed","ping_status":"closed","template":"","meta":[],"product_cat":[1769],"product_tag":[],"class_list":["post-38893","product","type-product","status-publish","has-post-thumbnail","hentry","product_cat-step-stools"],"_links":{"self":[{"href":"https:\/\/www.dreamonme.ca\/fr\/wp-json\/wp\/v2\/product\/38893","targetHints":{"allow":["GET"]}}],"collection":[{"href":"https:\/\/www.dreamonme.ca\/fr\/wp-json\/wp\/v2\/product"}],"about":[{"href":"https:\/\/www.dreamonme.ca\/fr\/wp-json\/wp\/v2\/types\/product"}],"replies":[{"embeddable":true,"href":"https:\/\/www.dreamonme.ca\/fr\/wp-json\/wp\/v2\/comments?post=38893"}],"wp:featuredmedia":[{"embeddable":true,"href":"https:\/\/www.dreamonme.ca\/fr\/wp-json\/wp\/v2\/media\/45481"}],"wp:attachment":[{"href":"https:\/\/www.dreamonme.ca\/fr\/wp-json\/wp\/v2\/media?parent=38893"}],"wp:term":[{"taxonomy":"product_cat","embeddable":true,"href":"https:\/\/www.dreamonme.ca\/fr\/wp-json\/wp\/v2\/product_cat?post=38893"},{"taxonomy":"product_tag","embeddable":true,"href":"https:\/\/www.dreamonme.ca\/fr\/wp-json\/wp\/v2\/product_tag?post=38893"}],"curies":[{"name":"wp","href":"https:\/\/api.w.org\/{rel}","templated":true}]}}