{"id":39084,"date":"2024-10-21T04:31:52","date_gmt":"2024-10-21T08:31:52","guid":{"rendered":"https:\/\/dreamonme.com\/?post_type=product&#038;p=39084"},"modified":"2025-04-14T05:21:43","modified_gmt":"2025-04-14T09:21:43","slug":"ezgo-portable-playard","status":"publish","type":"product","link":"https:\/\/www.dreamonme.ca\/fr\/products\/baby-gears\/playpens-playards\/ezgo-portable-playard\/","title":{"rendered":"EZGo Parc portatif"},"content":{"rendered":"<p>Pr\u00e9sentation du parc portable Dream On Me EZGo \u2013 pour les parents occup\u00e9s qui refusent de faire des compromis sur la qualit\u00e9 ou la commodit\u00e9. Con\u00e7u dans un souci de commodit\u00e9, le parc portatif EZGo est dot\u00e9 de quatre roues avec freins, permettant une maniabilit\u00e9 facile d'une pi\u00e8ce \u00e0 l'autre. Gr\u00e2ce \u00e0 son syst\u00e8me unique de pliage rapide, ce parc l\u00e9ger peut \u00eatre install\u00e9 ou repli\u00e9 en quelques secondes, \u00e9conomisant ainsi un espace de rangement pr\u00e9cieux. Le parc portatif Dream On Me EZGo est con\u00e7u en toute s\u00e9curit\u00e9 pour respecter\/d\u00e9passer les normes ASTM. Disponible en trois variantes \u00e9l\u00e9gantes \u2013 noir et blanc, gris et noir-rose \u2013 ce parc est parfait lorsque vous rendez visite \u00e0 vos amis et \u00e0 votre famille, que vous vous rendez au parc ou que vous avez simplement besoin d\u2019un espace de jeu pratique \u00e0 la maison. Les dimensions du produit sont de 39,3 po L x 27,5 po l x 27,5 po H, avec une limite de poids maximale de 30 lb.<\/p>","protected":false},"excerpt":{"rendered":"<p>Introducing the Dream On Me EZGo Portable Playard &#8211; for busy parents who refuse to compromise on quality or convenience. Designed with practicality in mind, the EZGo Portable Playard features four wheels with brakes, allowing for easy maneuverability from room to room. Thanks to its unique quick-folding system, this lightweight playard can be set up [&hellip;]<\/p>","protected":false},"featured_media":44493,"comment_status":"closed","ping_status":"closed","template":"","meta":[],"product_cat":[24],"product_tag":[],"class_list":["post-39084","product","type-product","status-publish","has-post-thumbnail","hentry","product_cat-playpens-playards"],"_links":{"self":[{"href":"https:\/\/www.dreamonme.ca\/fr\/wp-json\/wp\/v2\/product\/39084","targetHints":{"allow":["GET"]}}],"collection":[{"href":"https:\/\/www.dreamonme.ca\/fr\/wp-json\/wp\/v2\/product"}],"about":[{"href":"https:\/\/www.dreamonme.ca\/fr\/wp-json\/wp\/v2\/types\/product"}],"replies":[{"embeddable":true,"href":"https:\/\/www.dreamonme.ca\/fr\/wp-json\/wp\/v2\/comments?post=39084"}],"wp:featuredmedia":[{"embeddable":true,"href":"https:\/\/www.dreamonme.ca\/fr\/wp-json\/wp\/v2\/media\/44493"}],"wp:attachment":[{"href":"https:\/\/www.dreamonme.ca\/fr\/wp-json\/wp\/v2\/media?parent=39084"}],"wp:term":[{"taxonomy":"product_cat","embeddable":true,"href":"https:\/\/www.dreamonme.ca\/fr\/wp-json\/wp\/v2\/product_cat?post=39084"},{"taxonomy":"product_tag","embeddable":true,"href":"https:\/\/www.dreamonme.ca\/fr\/wp-json\/wp\/v2\/product_tag?post=39084"}],"curies":[{"name":"wp","href":"https:\/\/api.w.org\/{rel}","templated":true}]}}