{"id":40578,"date":"2024-11-28T03:49:37","date_gmt":"2024-11-28T08:49:37","guid":{"rendered":"https:\/\/dreamonme.com\/?post_type=product&#038;p=40578"},"modified":"2025-05-12T03:07:59","modified_gmt":"2025-05-12T07:07:59","slug":"fisher-price-jenny-5-in-1-convertible-crib-with-storage-drawer","status":"publish","type":"product","link":"https:\/\/www.dreamonme.ca\/fr\/products\/cribs\/full-size-cribs\/fisher-price-jenny-5-in-1-convertible-crib-with-storage-drawer\/","title":{"rendered":"Fisher Price Jenny Lit de b\u00e9b\u00e9 convertible 5 en 1 avec tiroir de rangement"},"content":{"rendered":"<p>Pr\u00e9sentation du berceau convertible 5 en 1 Fisher-Price\u2122 Jenny de Dream On Me \u2013 o\u00f9 les r\u00eaves et les rires sont cr\u00e9\u00e9s ! Ce mod\u00e8le de fonctionnalit\u00e9 grandit avec votre tout-petit, offrant une convertibilit\u00e9 5 en 1 pour s'adapter \u00e0 ses besoins changeants - du berceau au lit pour tout-petit, en passant par le lit de repos et le lit pleine grandeur. Soyez tranquilles car la s\u00e9curit\u00e9 est notre priorit\u00e9 absolue avec le berceau convertible Jenny qui r\u00e9pond\/d\u00e9passe les normes ASTM et est certifi\u00e9 JPMA et Greenguard Gold. Avec un tiroir de rangement inf\u00e9rieur pratique pour tous les essentiels de b\u00e9b\u00e9, il s'agit de garder votre chambre d'enfant bien rang\u00e9e et \u00e9l\u00e9gante ! Fabriqu\u00e9 \u00e0 partir de bois de pin durable de Nouvelle-Z\u00e9lande, avec des broches en bois robustes et un nettoyage sans dommage, le berceau convertible 5 en 1 Fisher-Price\u2122 Jenny de Dream On Me est un ajout d\u00e9licieux \u00e0 toute chambre d'enfant. Ce magnifique berceau est disponible en 2 finis attrayants : gris galet et blanc. Les dimensions du produit sont 54,5\u2033 L X 29,5\u2033 L X 45,5\u2033 H, avec un poids de 66 lb.<\/p>\n<p><\/p>\n<p class=\"jpma-ggg\" style=\"text-align: center;\"><a href=\"https:\/\/dreamonme.com\/jpma-certification\/\" target=\"_blank\" rel=\"noopener noreferrer\"><img decoding=\"async\" class=\"finalist\" style=\"max-width: 128px !important; width: 30%; display: inline-block; padding: 5px;\" src=\"https:\/\/dreamonme.ca\/wp-content\/uploads\/JPMA-Certified-01.png\" alt=\"JPMA Certified\" \/><\/a><a href=\"https:\/\/dreamonme.com\/what-is-greenguard-gold-certification\/\" target=\"_blank\" rel=\"noopener noreferrer\"><img decoding=\"async\" class=\"finalist\" style=\"max-width: 128px !important; margin-top: 5px; margin-left: 30px; width: 30%; display: inline-block; padding: 5px;\" src=\"https:\/\/dreamonme.ca\/wp-content\/uploads\/Greenguard-Gold-Logo-01.png\" alt=\"GREENGUARD GOLD Certified\" \/><\/a><\/p>\n<style>\n@font-face{font-family:maax-medium;src:url('https:\/\/dreamonme.ca\/fonts\/maax.ttf') format('ttf'),url('https:\/\/dreamonme.ca\/fonts\/maax.woff') format('woff')}.woocommerce-tabs p{font-family:maax-medium !important;}.product_meta p span span, .product_meta p span a,.shop_attributes tbody tr td,.sweet_drms_ul li,.user-manual-btn a span, .post-title h3 a{font-family: maax-medium !important;}{font-family:maax-medium !important;}@font-face{font-family:letsbeglyphscyr;src:url('https:\/\/dreamonme.ca\/fonts\/letsbeglyphscyr-regular-webfont.ttf') format('ttf'),url('https:\/\/dreamonme.ca\/fonts\/letsbeglyphscyr-regular-webfont.woff') format('woff')}.product-information .post .post-title h1,.product-information label[for=color],.product_meta p,ul.accordion>li.active .content li strong,ul.accordion>li.active .content p strong,ul.accordion>li.active div.title,ul.accordion>li>div.title,.shop_attributes tbody tr th,header.post-title h1.entry-title, .related.products h2{font-family:letsbeglyphscyr!important;font-weight: 600 !important;}\n@media (min-width:767px){.split-img-2 img {width: 48%;float:left;margin:1%;}}\n<\/style>","protected":false},"excerpt":{"rendered":"<p>Introducing the Fisher-Price&#x2122; Jenny 5-in-1 Convertible Crib by Dream On Me \u2013 where dreams and giggles are crafted! This epitome of functionality grows with your little one, providing 5-in-1 convertibility to adapt to their changing needs &#8211; from crib to toddler bed, daybed &amp; full-size bed. Rest easy because safety is our top priority.with the [&hellip;]<\/p>","protected":false},"featured_media":45241,"comment_status":"closed","ping_status":"closed","template":"","meta":[],"product_cat":[15],"product_tag":[],"class_list":["post-40578","product","type-product","status-publish","has-post-thumbnail","hentry","product_cat-full-size-cribs"],"_links":{"self":[{"href":"https:\/\/www.dreamonme.ca\/fr\/wp-json\/wp\/v2\/product\/40578","targetHints":{"allow":["GET"]}}],"collection":[{"href":"https:\/\/www.dreamonme.ca\/fr\/wp-json\/wp\/v2\/product"}],"about":[{"href":"https:\/\/www.dreamonme.ca\/fr\/wp-json\/wp\/v2\/types\/product"}],"replies":[{"embeddable":true,"href":"https:\/\/www.dreamonme.ca\/fr\/wp-json\/wp\/v2\/comments?post=40578"}],"wp:featuredmedia":[{"embeddable":true,"href":"https:\/\/www.dreamonme.ca\/fr\/wp-json\/wp\/v2\/media\/45241"}],"wp:attachment":[{"href":"https:\/\/www.dreamonme.ca\/fr\/wp-json\/wp\/v2\/media?parent=40578"}],"wp:term":[{"taxonomy":"product_cat","embeddable":true,"href":"https:\/\/www.dreamonme.ca\/fr\/wp-json\/wp\/v2\/product_cat?post=40578"},{"taxonomy":"product_tag","embeddable":true,"href":"https:\/\/www.dreamonme.ca\/fr\/wp-json\/wp\/v2\/product_tag?post=40578"}],"curies":[{"name":"wp","href":"https:\/\/api.w.org\/{rel}","templated":true}]}}