{"id":40700,"date":"2024-11-29T04:57:58","date_gmt":"2024-11-29T09:57:58","guid":{"rendered":"https:\/\/dreamonme.com\/?post_type=product&#038;p=40700"},"modified":"2025-05-12T05:04:33","modified_gmt":"2025-05-12T09:04:33","slug":"fisher-price-miles-5-in-1-convertible-crib","status":"publish","type":"product","link":"https:\/\/www.dreamonme.ca\/fr\/products\/cribs\/full-size-cribs\/fisher-price-miles-5-in-1-convertible-crib\/","title":{"rendered":"Fisher Price Miles Lit de b\u00e9b\u00e9 convertible 5 en 1"},"content":{"rendered":"<p>Embarquez pour un voyage amusant avec le berceau convertible 5 en 1 Fisher Price\u2122 Miles de Dream On Me \u2013 une toile magique pour les r\u00eaves de votre tout-petit\u00a0! Toile de fond id\u00e9ale pour les histoires au coucher, les jeux imaginatifs et la cr\u00e9ation d'innombrables souvenirs d'enfance, ce berceau est fabriqu\u00e9 \u00e0 partir de bois de pin de Nouvelle-Z\u00e9lande de haute qualit\u00e9. Le berceau 5-en-1 Fisher Price Miles est un v\u00e9ritable multit\u00e2che, se transformant sans effort en lit pour tout-petit, en lit pleine grandeur et en lit de repos. Dot\u00e9 de charmantes broches en bois qui ajoutent une touche ludique au design, ce berceau s\u00e9curitaire r\u00e9pond aux normes ASTM et CPSC et est certifi\u00e9 JPMA. Mais attendez, y'a plus ! Entretenir l'apparence impeccable du berceau convertible 5-en-1 Fisher Price Miles est un jeu d'enfant : il suffit de le nettoyer ou de l'essuyer, et il est pr\u00eat pour des moments encore plus magiques. Choisissez parmi deux charmantes variantes : Grey Storm ou White, pour s'agencer \u00e0 l'esth\u00e9tique de votre chambre d'enfant. Les dimensions du produit sont 53,94\u2033 L x 29,04\u2033 l x 40,75\u2033 H, avec un poids de 41,5 lb.<\/p>\n<p><\/p>\n<p class=\"jpma-ggg\" style=\"text-align: center;\"><a href=\"https:\/\/dreamonme.com\/jpma-certification\/\" target=\"_blank\" rel=\"noopener noreferrer\"><img decoding=\"async\" class=\"finalist\" style=\"max-width: 128px !important; width: 30%; display: inline-block; padding: 5px;\" src=\"https:\/\/dreamonme.ca\/wp-content\/uploads\/JPMA-Certified-01.png\" alt=\"JPMA Certified\" \/><\/a><a href=\"https:\/\/dreamonme.com\/what-is-greenguard-gold-certification\/\" target=\"_blank\" rel=\"noopener noreferrer\"><img decoding=\"async\" class=\"finalist\" style=\"max-width: 128px !important; margin-top: 5px; margin-left: 30px; width: 30%; display: inline-block; padding: 5px;\" src=\"https:\/\/dreamonme.ca\/wp-content\/uploads\/Greenguard-Gold-Logo-01.png\" alt=\"GREENGUARD GOLD Certified\" \/><\/a><\/p>\n<style>\n@font-face{font-family:maax-medium;src:url('https:\/\/dreamonme.ca\/fonts\/maax.ttf') format('ttf'),url('https:\/\/dreamonme.ca\/fonts\/maax.woff') format('woff')}.woocommerce-tabs p{font-family:maax-medium !important;}.product_meta p span span, .product_meta p span a,.shop_attributes tbody tr td,.sweet_drms_ul li,.user-manual-btn a span, .post-title h3 a{font-family: maax-medium !important;}{font-family:maax-medium !important;}@font-face{font-family:letsbeglyphscyr;src:url('https:\/\/dreamonme.ca\/fonts\/letsbeglyphscyr-regular-webfont.ttf') format('ttf'),url('https:\/\/dreamonme.ca\/fonts\/letsbeglyphscyr-regular-webfont.woff') format('woff')}.product-information .post .post-title h1,.product-information label[for=color],.product_meta p,ul.accordion>li.active .content li strong,ul.accordion>li.active .content p strong,ul.accordion>li.active div.title,ul.accordion>li>div.title,.shop_attributes tbody tr th,header.post-title h1.entry-title, .related.products h2{font-family:letsbeglyphscyr!important;font-weight: 600 !important;}\n@media (min-width:767px){.split-img-2 img {width: 48%;float:left;margin:1%;}}\n<\/style>","protected":false},"excerpt":{"rendered":"<p>Embark on a journey of fun with the Fisher Price&#x2122; Miles 5-in-1 Convertible Crib by Dream On Me &#8211; a magical canvas for your little one&#8217;s dreams! The perfect backdrop for bedtime stories, imaginative play, and the creation of countless childhood memories, this crib is crafted from high-quality New Zealand pinewood. The Fisher Price Miles [&hellip;]<\/p>","protected":false},"featured_media":45430,"comment_status":"closed","ping_status":"closed","template":"","meta":[],"product_cat":[15],"product_tag":[],"class_list":["post-40700","product","type-product","status-publish","has-post-thumbnail","hentry","product_cat-full-size-cribs"],"_links":{"self":[{"href":"https:\/\/www.dreamonme.ca\/fr\/wp-json\/wp\/v2\/product\/40700","targetHints":{"allow":["GET"]}}],"collection":[{"href":"https:\/\/www.dreamonme.ca\/fr\/wp-json\/wp\/v2\/product"}],"about":[{"href":"https:\/\/www.dreamonme.ca\/fr\/wp-json\/wp\/v2\/types\/product"}],"replies":[{"embeddable":true,"href":"https:\/\/www.dreamonme.ca\/fr\/wp-json\/wp\/v2\/comments?post=40700"}],"wp:featuredmedia":[{"embeddable":true,"href":"https:\/\/www.dreamonme.ca\/fr\/wp-json\/wp\/v2\/media\/45430"}],"wp:attachment":[{"href":"https:\/\/www.dreamonme.ca\/fr\/wp-json\/wp\/v2\/media?parent=40700"}],"wp:term":[{"taxonomy":"product_cat","embeddable":true,"href":"https:\/\/www.dreamonme.ca\/fr\/wp-json\/wp\/v2\/product_cat?post=40700"},{"taxonomy":"product_tag","embeddable":true,"href":"https:\/\/www.dreamonme.ca\/fr\/wp-json\/wp\/v2\/product_tag?post=40700"}],"curies":[{"name":"wp","href":"https:\/\/api.w.org\/{rel}","templated":true}]}}