{"id":43378,"date":"2025-03-06T05:42:55","date_gmt":"2025-03-06T10:42:55","guid":{"rendered":"https:\/\/dreamonme.ca\/staging\/?post_type=product&#038;p=43378"},"modified":"2025-08-08T08:35:19","modified_gmt":"2025-08-08T12:35:19","slug":"rose-cradle","status":"publish","type":"product","link":"https:\/\/www.dreamonme.ca\/fr\/products\/cribs\/cradles\/rose-cradle\/","title":{"rendered":"Rose Lit de B\u00e9b\u00e9"},"content":{"rendered":"<p>Bercez doucement votre tout-petit dans le pays du doux sommeil avec le berceau Rose de Sweetpea Baby. Ce berceau robuste et f\u00e9minin est fabriqu\u00e9 en pin massif de Nouvelle-Z\u00e9lande et peut \u00eatre rendu stationnaire gr\u00e2ce \u00e0 une simple goupille de support fournie sur le c\u00f4t\u00e9. Con\u00e7u avec des mouvements de bascule fluides et r\u00e9guliers, le berceau Rose est la pi\u00e8ce de partage parfaite pour toute nouvelle famille. Soucieux de la s\u00e9curit\u00e9 et du confort, ce berceau est certifi\u00e9 JPMA, respecte ou d\u00e9passe toutes les normes CPSC et ASTM. Facile \u00e0 assembler, il est fourni avec un matelas de couchage de 1\u201d d'\u00e9paisseur\u00a0! Con\u00e7u pour apporter une touche de charme suppl\u00e9mentaire \u00e0 n'importe quel d\u00e9cor, le berceau Sweetpea Baby Rose arbore des d\u00e9tails raffin\u00e9s en forme de roses. De plus, il est offert en trois finis attrayants et non toxiques\u00a0: \u2013 Blush Pink, Platinum, and White. Le berceau est recommand\u00e9 pour les nouveau-n\u00e9s jusqu'\u00e0 20 lb, ou jusqu'\u00e0 ce que le b\u00e9b\u00e9 puisse se retourner d'un c\u00f4t\u00e9 \u00e0 l'autre ou se relever.<\/p>","protected":false},"excerpt":{"rendered":"<p>Gently rock your little one into the land of sweet slumber with Sweetpea Baby\u2019s Rose Cradle. This sturdy and feminine cradle is made of solid New Zealand Pinewood and can be made stationary with a simple support pin provided on the side. Designed with smooth &#038; steady-paced rocking motions, the Rose Cradle is the perfect [&hellip;]<\/p>","protected":false},"featured_media":43351,"comment_status":"closed","ping_status":"closed","template":"","meta":[],"product_cat":[34],"product_tag":[],"class_list":["post-43378","product","type-product","status-publish","has-post-thumbnail","hentry","product_cat-cradles"],"_links":{"self":[{"href":"https:\/\/www.dreamonme.ca\/fr\/wp-json\/wp\/v2\/product\/43378","targetHints":{"allow":["GET"]}}],"collection":[{"href":"https:\/\/www.dreamonme.ca\/fr\/wp-json\/wp\/v2\/product"}],"about":[{"href":"https:\/\/www.dreamonme.ca\/fr\/wp-json\/wp\/v2\/types\/product"}],"replies":[{"embeddable":true,"href":"https:\/\/www.dreamonme.ca\/fr\/wp-json\/wp\/v2\/comments?post=43378"}],"wp:featuredmedia":[{"embeddable":true,"href":"https:\/\/www.dreamonme.ca\/fr\/wp-json\/wp\/v2\/media\/43351"}],"wp:attachment":[{"href":"https:\/\/www.dreamonme.ca\/fr\/wp-json\/wp\/v2\/media?parent=43378"}],"wp:term":[{"taxonomy":"product_cat","embeddable":true,"href":"https:\/\/www.dreamonme.ca\/fr\/wp-json\/wp\/v2\/product_cat?post=43378"},{"taxonomy":"product_tag","embeddable":true,"href":"https:\/\/www.dreamonme.ca\/fr\/wp-json\/wp\/v2\/product_tag?post=43378"}],"curies":[{"name":"wp","href":"https:\/\/api.w.org\/{rel}","templated":true}]}}