{"id":45001,"date":"2025-04-09T09:23:28","date_gmt":"2025-04-09T13:23:28","guid":{"rendered":"https:\/\/dreamonme.ca\/?post_type=product&#038;p=45001"},"modified":"2025-05-15T09:48:37","modified_gmt":"2025-05-15T13:48:37","slug":"fisher-price-fauna-collection-wild-wonder-artist-center","status":"publish","type":"product","link":"https:\/\/www.dreamonme.ca\/fr\/products\/furniture\/artist-center\/fisher-price-fauna-collection-wild-wonder-artist-center\/","title":{"rendered":"Fisher Price Fauna Collection Wild Wonder Centre d'artistes"},"content":{"rendered":"<p>Lib\u00e9rez l'esprit cr\u00e9atif de votre enfant avec le centre d'artiste Wild Wonder de la collection Fauna de Fisher Price\u2122 de Dream On Me\u00a0! Inspir\u00e9 par les couleurs vibrantes et les cr\u00e9atures ludiques de la jungle, ce centre d'artistes est un ajout indispensable \u00e0 tout espace d'art cr\u00e9atif. La s\u00e9curit\u00e9 est notre priorit\u00e9 absolue et le Wild Wonder Artist Center respecte\/d\u00e9passe les normes ASTM pour garantir une cr\u00e9ativit\u00e9 sans souci \u00e0 votre tout-petit. Laissez l'imagination de votre enfant prendre le devant de la sc\u00e8ne avec la planche \u00e0 dessin Black Drawing Surface. Parfait pour gribouiller, dessiner et gribouiller, il offre des possibilit\u00e9s infinies d'expression artistique et de narration. Gardez vos fournitures d'art organis\u00e9es et facilement accessibles gr\u00e2ce aux deux tablettes ci-dessous. Qu'il s'agisse de crayons, de marqueurs ou de pinceaux, il y a de la place pour cacher tous les outils du m\u00e9tier. Avec son design inspir\u00e9 de la jungle et ses fonctionnalit\u00e9s pratiques, le Wild Wonder Artist Center encourage les enfants \u00e0 explorer librement leur cr\u00e9ativit\u00e9 et leur expressivit\u00e9. Les dimensions du produit sont 23,11\" L x 13,66\" l x 40,16\" H.<\/p>\n<style>\n.bbb-storelocator a.cc-btn {color: #f2f2f2;border-color: #37abd3;background-color: #37abd3;padding: 5px 10px;font-size: 14px;margin: auto;min-width: 200px;   display: inline-block;margin-left: calc(50% - 100px );border-radius: 5px;text-align: center;text-decoration: none;text-transform: uppercase;}@font-face{font-family:maax-medium;src:url('https:\/\/dreamonme.ca\/fonts\/maax.ttf') format('ttf'),url('https:\/\/dreamonme.ca\/fonts\/maax.woff') format('woff')}.woocommerce-tabs p{font-family:maax-medium !important;}.product_meta p span span, .product_meta p span a,.shop_attributes tbody tr td,.sweet_drms_ul li,.user-manual-btn a span, .post-title h3 a{font-family: maax-medium !important;}{font-family:maax-medium !important;}@font-face{font-family:letsbeglyphscyr;src:url('https:\/\/dreamonme.ca\/fonts\/letsbeglyphscyr-regular-webfont.ttf') format('ttf'),url('https:\/\/dreamonme.ca\/fonts\/letsbeglyphscyr-regular-webfont.woff') format('woff')}.product-information .post .post-title h1,.product-information label[for=color],.product_meta p,ul.accordion>li.active .content li strong,ul.accordion>li.active .content p strong,ul.accordion>li.active div.title,ul.accordion>li>div.title,.shop_attributes tbody tr th,header.post-title h1.entry-title, .related.products h2{font-family:letsbeglyphscyr!important;font-weight: 600 !important;}.multi-select a{font-family: maax-medium !important;font-size:14px;width:18% !important;}<\/style>","protected":false},"excerpt":{"rendered":"<p>Unleash your child&#8217;s creative spirit with the Fisher Price&#x2122; Fauna Collection Wild Wonder Artist Center by Dream On Me! Inspired by the vibrant colors and playful creatures of the jungle, this artist center is a must-have addition to any budding artist\u2019s creative space. Safety comes first, and the Wild Wonder Artist Center meets\/exceeds ASTM standards [&hellip;]<\/p>","protected":false},"featured_media":45004,"comment_status":"closed","ping_status":"closed","template":"","meta":[],"product_cat":[2250],"product_tag":[],"class_list":["post-45001","product","type-product","status-publish","has-post-thumbnail","hentry","product_cat-artist-center"],"_links":{"self":[{"href":"https:\/\/www.dreamonme.ca\/fr\/wp-json\/wp\/v2\/product\/45001","targetHints":{"allow":["GET"]}}],"collection":[{"href":"https:\/\/www.dreamonme.ca\/fr\/wp-json\/wp\/v2\/product"}],"about":[{"href":"https:\/\/www.dreamonme.ca\/fr\/wp-json\/wp\/v2\/types\/product"}],"replies":[{"embeddable":true,"href":"https:\/\/www.dreamonme.ca\/fr\/wp-json\/wp\/v2\/comments?post=45001"}],"wp:featuredmedia":[{"embeddable":true,"href":"https:\/\/www.dreamonme.ca\/fr\/wp-json\/wp\/v2\/media\/45004"}],"wp:attachment":[{"href":"https:\/\/www.dreamonme.ca\/fr\/wp-json\/wp\/v2\/media?parent=45001"}],"wp:term":[{"taxonomy":"product_cat","embeddable":true,"href":"https:\/\/www.dreamonme.ca\/fr\/wp-json\/wp\/v2\/product_cat?post=45001"},{"taxonomy":"product_tag","embeddable":true,"href":"https:\/\/www.dreamonme.ca\/fr\/wp-json\/wp\/v2\/product_tag?post=45001"}],"curies":[{"name":"wp","href":"https:\/\/api.w.org\/{rel}","templated":true}]}}