{"id":4512,"date":"2015-09-20T22:00:16","date_gmt":"2015-09-21T02:00:16","guid":{"rendered":"http:\/\/dreamonme.com\/catalog\/cribs\/violet-7-in-1-convertible-life-style-crib\/"},"modified":"2025-05-09T10:27:29","modified_gmt":"2025-05-09T14:27:29","slug":"violet-7-in-1-convertible-life-style-crib","status":"publish","type":"product","link":"https:\/\/www.dreamonme.ca\/fr\/products\/cribs\/full-size-cribs\/violet-7-in-1-convertible-life-style-crib\/","title":{"rendered":"Violet 7 in 1 Convertible Life Style Crib"},"content":{"rendered":"<p>Le charmant lit b\u00e9b\u00e9 convertible 7-en-1 Violet est un meuble intemporel qui grandit avec votre enfant, passant facilement de l'enfance \u00e0 l'\u00e2ge adulte. S\u00fbr et \u00e9l\u00e9gant, il s'adapte \u00e0 votre enfant gr\u00e2ce \u00e0 ses nombreuses options de conversion. Une fois que votre b\u00e9b\u00e9 aura grandi, utilisez-le comme lit b\u00e9b\u00e9 confortable, lit de repos, lit d'adolescent et lit double pour r\u00e9pondre \u00e0 ses besoins changeants\u00a0! (Barri\u00e8re de s\u00e9curit\u00e9 pour enfant, barri\u00e8re double et cadre de lit vendus s\u00e9par\u00e9ment). <\/p>\n<p>Fabriqu\u00e9 en pin de Nouvelle-Z\u00e9lande durable, p\u00e9renne et renouvelable, sa silhouette fluide s'int\u00e8gre parfaitement \u00e0 la d\u00e9coration de toute chambre d'enfant en pleine croissance. Son \u00e9l\u00e9gant m\u00e9lange de lignes droites et courbes lui permet de s'int\u00e9grer \u00e0 une vari\u00e9t\u00e9 de d\u00e9cors et de th\u00e8mes. Choisissez parmi nos finitions classiques et non toxiques pour cr\u00e9er la chambre de vos r\u00eaves\u00a0! Tous nos lits b\u00e9b\u00e9 sont con\u00e7us dans un souci de s\u00e9curit\u00e9, sont certifi\u00e9s JPMA et r\u00e9pondent \u00e0 toutes les normes ASTM\/CPSC applicables. Tous les outils de montage sont inclus. Dimensions\u00a0: 147\u00a0cm (L) x 74\u00a0cm (l) x 99\u00a0cm (H)\u00a0; capacit\u00e9 de charge maximale\u00a0: 22,7\u00a0kg (50\u00a0lb). Pour un ajustement optimal, nous recommandons tout matelas pour lit b\u00e9b\u00e9 Dream On Me\/Evolur standard, grand format, non toxique et certifi\u00e9 Greenguard Gold (vendu s\u00e9par\u00e9ment).<\/p>\n<p><\/p>\n<p class=\"jpma-ggg\" style=\"text-align: center;\"><a href=\"https:\/\/dreamonme.com\/jpma-certification\/\" target=\"_blank\" rel=\"noopener noreferrer\"><img decoding=\"async\" class=\"finalist\" style=\"max-width: 128px !important; width: 30%; display: inline-block; padding: 5px;\" src=\"https:\/\/dreamonme.ca\/wp-content\/uploads\/JPMA-Certified-01.png\" alt=\"JPMA Certified\" \/><\/a><a href=\"https:\/\/dreamonme.com\/what-is-greenguard-gold-certification\/\" target=\"_blank\" rel=\"noopener noreferrer\"><img decoding=\"async\" class=\"finalist\" style=\"max-width: 128px !important; margin-top: 5px; margin-left: 30px; width: 30%; display: inline-block; padding: 5px;\" src=\"https:\/\/dreamonme.ca\/wp-content\/uploads\/Greenguard-Gold-Logo-01.png\" alt=\"GREENGUARD GOLD Certified\" \/><\/a><\/p>","protected":false},"excerpt":{"rendered":"<p>The charming Violet 7-in-1 Convertible Lifestyle Crib is a timeless piece of furniture that grows with your child, transitioning easily from childhood to adulthood. Safe and graceful, it keeps pace with your child with its myriad conversion options. Once your baby outgrows her crib, use it as a comfy toddler bed, daybed, youth bed and [&hellip;]<\/p>","protected":false},"featured_media":43905,"comment_status":"closed","ping_status":"closed","template":"","meta":[],"product_cat":[15],"product_tag":[],"class_list":["post-4512","product","type-product","status-publish","has-post-thumbnail","hentry","product_cat-full-size-cribs"],"_links":{"self":[{"href":"https:\/\/www.dreamonme.ca\/fr\/wp-json\/wp\/v2\/product\/4512","targetHints":{"allow":["GET"]}}],"collection":[{"href":"https:\/\/www.dreamonme.ca\/fr\/wp-json\/wp\/v2\/product"}],"about":[{"href":"https:\/\/www.dreamonme.ca\/fr\/wp-json\/wp\/v2\/types\/product"}],"replies":[{"embeddable":true,"href":"https:\/\/www.dreamonme.ca\/fr\/wp-json\/wp\/v2\/comments?post=4512"}],"wp:featuredmedia":[{"embeddable":true,"href":"https:\/\/www.dreamonme.ca\/fr\/wp-json\/wp\/v2\/media\/43905"}],"wp:attachment":[{"href":"https:\/\/www.dreamonme.ca\/fr\/wp-json\/wp\/v2\/media?parent=4512"}],"wp:term":[{"taxonomy":"product_cat","embeddable":true,"href":"https:\/\/www.dreamonme.ca\/fr\/wp-json\/wp\/v2\/product_cat?post=4512"},{"taxonomy":"product_tag","embeddable":true,"href":"https:\/\/www.dreamonme.ca\/fr\/wp-json\/wp\/v2\/product_tag?post=4512"}],"curies":[{"name":"wp","href":"https:\/\/api.w.org\/{rel}","templated":true}]}}