{"id":4533,"date":"2015-09-20T20:00:50","date_gmt":"2015-09-21T00:00:50","guid":{"rendered":"http:\/\/dreamonme.com\/catalog\/cribs\/chelsea-5-in-1-convertible-crib\/"},"modified":"2025-05-12T04:53:04","modified_gmt":"2025-05-12T08:53:04","slug":"chelsea-5-in-1-convertible-crib","status":"publish","type":"product","link":"https:\/\/www.dreamonme.ca\/fr\/products\/cribs\/full-size-cribs\/chelsea-5-in-1-convertible-crib\/","title":{"rendered":"Chelsea Lit de b\u00e9b\u00e9 convertible 5 en 1"},"content":{"rendered":"<p>Le charmant berceau convertible 5 en 1 Chelsea est un berceau intemporel qui grandit avec votre enfant, un compagnon constant de l'enfance au d\u00e9but de l'\u00e2ge adulte. Des options de conversion polyvalentes lui permettent de r\u00e9pondre aux besoins changeants de votre enfant. Il passe d'un berceau \u00e0 un lit pour tout-petit, un lit de repos et un lit double en toute simplicit\u00e9 (barri\u00e8re de s\u00e9curit\u00e9 pour tout-petit, stabilisateur, barri\u00e8re pleine grandeur et cadre de lit vendus s\u00e9par\u00e9ment). Il offre la commodit\u00e9 de 4 positions de hauteur de matelas, qui peuvent \u00eatre ajust\u00e9es en fonction de l'\u00e2ge de votre b\u00e9b\u00e9. Fabriqu\u00e9 en bois de pin de Nouvelle-Z\u00e9lande durable, durable et renouvelable, son design fluide en forme de tra\u00eeneau s'int\u00e8gre parfaitement dans la chambre de tout b\u00e9b\u00e9 ou enfant en pleine croissance. Un m\u00e9lange de lignes courbes et droites, il est disponible dans des finitions classiques non toxiques et se place bas au sol permettant un acc\u00e8s facile \u00e0 votre enfant. Tous nos berceaux sont con\u00e7us en mettant l'accent sur la s\u00e9curit\u00e9, sont certifi\u00e9s JPMA et r\u00e9pondent \u00e0 toutes les normes ASTM\/CPSC applicables. Tous les outils pour l'assemblage sont inclus. Il mesure 53 L X 29 W X 38 H pouces; la capacit\u00e9 de poids maximale est de 50 lb. Pour un ajustement optimal, nous recommandons n'importe quel matelas de berceau standard Dream on Me\/Evolur, pleine grandeur, non toxique et certifi\u00e9 Greenguard Gold (vendu s\u00e9par\u00e9ment).<\/p>\n<p><\/p>\n<p class=\"jpma-ggg\" style=\"text-align: center;\"><a href=\"https:\/\/dreamonme.com\/jpma-certification\/\" target=\"_blank\" rel=\"noopener noreferrer\"><img decoding=\"async\" class=\"finalist\" style=\"max-width: 128px !important; width: 30%; display: inline-block; padding: 5px;\" src=\"https:\/\/dreamonme.ca\/wp-content\/uploads\/JPMA-Certified-01.png\" alt=\"JPMA Certified\" \/><\/a><a href=\"https:\/\/dreamonme.com\/what-is-greenguard-gold-certification\/\" target=\"_blank\" rel=\"noopener noreferrer\"><img decoding=\"async\" class=\"finalist\" style=\"max-width: 128px !important; margin-top: 5px; margin-left: 30px; width: 30%; display: inline-block; padding: 5px;\" src=\"https:\/\/dreamonme.ca\/wp-content\/uploads\/Greenguard-Gold-Logo-01.png\" alt=\"GREENGUARD GOLD Certified\" \/><\/a><\/p>","protected":false},"excerpt":{"rendered":"<p>The delightful Chelsea 5-in 1 Convertible Crib is a timeless crib that grows with your child, a constant companion from childhood to young adulthood. Versatile conversion options allow it to meet your child\u2019s changing needs. It transitions from a crib to toddler bed, daybed, and full size bed with effortless ease (toddler guardrail, stabilizer, full [&hellip;]<\/p>","protected":false},"featured_media":45673,"comment_status":"closed","ping_status":"closed","template":"","meta":[],"product_cat":[15],"product_tag":[],"class_list":["post-4533","product","type-product","status-publish","has-post-thumbnail","hentry","product_cat-full-size-cribs"],"_links":{"self":[{"href":"https:\/\/www.dreamonme.ca\/fr\/wp-json\/wp\/v2\/product\/4533","targetHints":{"allow":["GET"]}}],"collection":[{"href":"https:\/\/www.dreamonme.ca\/fr\/wp-json\/wp\/v2\/product"}],"about":[{"href":"https:\/\/www.dreamonme.ca\/fr\/wp-json\/wp\/v2\/types\/product"}],"replies":[{"embeddable":true,"href":"https:\/\/www.dreamonme.ca\/fr\/wp-json\/wp\/v2\/comments?post=4533"}],"wp:featuredmedia":[{"embeddable":true,"href":"https:\/\/www.dreamonme.ca\/fr\/wp-json\/wp\/v2\/media\/45673"}],"wp:attachment":[{"href":"https:\/\/www.dreamonme.ca\/fr\/wp-json\/wp\/v2\/media?parent=4533"}],"wp:term":[{"taxonomy":"product_cat","embeddable":true,"href":"https:\/\/www.dreamonme.ca\/fr\/wp-json\/wp\/v2\/product_cat?post=4533"},{"taxonomy":"product_tag","embeddable":true,"href":"https:\/\/www.dreamonme.ca\/fr\/wp-json\/wp\/v2\/product_tag?post=4533"}],"curies":[{"name":"wp","href":"https:\/\/api.w.org\/{rel}","templated":true}]}}