{"id":45632,"date":"2025-05-05T11:58:24","date_gmt":"2025-05-05T15:58:24","guid":{"rendered":"https:\/\/dreamonme.ca\/?post_type=product&#038;p=45632"},"modified":"2025-05-05T12:35:36","modified_gmt":"2025-05-05T16:35:36","slug":"baby-fairy-5-foam-crib-toddler-bed-mattress","status":"publish","type":"product","link":"https:\/\/www.dreamonme.ca\/fr\/products\/mattresses\/full-size-crib-mattresses\/baby-fairy-5-foam-crib-toddler-bed-mattress\/","title":{"rendered":"Baby Fairy 5\u201d Matelas en mousse pour berceau et lit d'enfant"},"content":{"rendered":"<p>Con\u00e7u pour que votre tout-petit sourie pendant son sommeil, le matelas en mousse pour berceau et tout-petit Dream On Me Baby Fairy de 5 pouces est fabriqu\u00e9 en fibre ignifuge de qualit\u00e9. Con\u00e7u pour s'adapter \u00e0 un berceau pleine grandeur, il offre une surface de couchage en mousse moelleuse mais ferme pour votre b\u00e9b\u00e9 qui berce son corps en pleine croissance avec soin et s\u00e9curit\u00e9. Le matelas en mousse Baby Fairy de 12,7 cm est imperm\u00e9able et r\u00e9sistant aux taches. Sa housse ext\u00e9rieure lavable \u00e0 la machine est facile \u00e0 retirer. Ce matelas en mousse respirant est respectueux de la s\u00e9curit\u00e9, certifi\u00e9 JPMA et dot\u00e9 d'une fermeture \u00e9clair dissimul\u00e9e. Il est garanti 7 ans et mesure 132,1 cm de long x 71,1 cm de large x 12,7 cm de haut.<\/p>\n<div style=\"text-align: center;display:inline-block;width:100%;\"><img decoding=\"async\" src=\"https:\/\/dreamonme.com\/vt1\/wp-content\/uploads\/MCA_Logo_5in_150-MIAB.png\" width=\"150\" style=\"margin:auto;\">\n<\/div>\n<p><\/p>\n<p class=\"jpma-ggg\" style=\"text-align: center;\"><a href=\"https:\/\/dreamonme.com\/jpma-certification\/\" target=\"_blank\" rel=\"noopener noreferrer\"><img decoding=\"async\" class=\"finalist\" style=\"max-width: 128px !important; width: 30%; display: inline-block; padding: 5px;\" src=\"https:\/\/dreamonme.ca\/wp-content\/uploads\/JPMA-Certified-01.png\" alt=\"JPMA Certified\" \/><\/a><a href=\"https:\/\/dreamonme.com\/what-is-greenguard-gold-certification\/\" target=\"_blank\" rel=\"noopener noreferrer\"><img decoding=\"async\" class=\"finalist\" style=\"max-width: 128px !important; margin-top: 5px; margin-left: 30px; width: 30%; display: inline-block; padding: 5px;\" src=\"https:\/\/dreamonme.ca\/wp-content\/uploads\/Greenguard-Gold-Logo-01.png\" alt=\"GREENGUARD GOLD Certified\" \/><\/a><\/p>","protected":false},"excerpt":{"rendered":"<p>Designed to have your little one smiling in their sleep, the Dream On Me Baby Fairy 5 inch Foam Crib and Toddler Mattress is constructed of quality, fireproof fiber. Made to fit a full-size crib, it delivers a plush yet firm foam sleeping surface for your baby that cradles their growing body with care and [&hellip;]<\/p>","protected":false},"featured_media":45637,"comment_status":"closed","ping_status":"closed","template":"","meta":[],"product_cat":[131],"product_tag":[],"class_list":["post-45632","product","type-product","status-publish","has-post-thumbnail","hentry","product_cat-full-size-crib-mattresses"],"_links":{"self":[{"href":"https:\/\/www.dreamonme.ca\/fr\/wp-json\/wp\/v2\/product\/45632","targetHints":{"allow":["GET"]}}],"collection":[{"href":"https:\/\/www.dreamonme.ca\/fr\/wp-json\/wp\/v2\/product"}],"about":[{"href":"https:\/\/www.dreamonme.ca\/fr\/wp-json\/wp\/v2\/types\/product"}],"replies":[{"embeddable":true,"href":"https:\/\/www.dreamonme.ca\/fr\/wp-json\/wp\/v2\/comments?post=45632"}],"wp:featuredmedia":[{"embeddable":true,"href":"https:\/\/www.dreamonme.ca\/fr\/wp-json\/wp\/v2\/media\/45637"}],"wp:attachment":[{"href":"https:\/\/www.dreamonme.ca\/fr\/wp-json\/wp\/v2\/media?parent=45632"}],"wp:term":[{"taxonomy":"product_cat","embeddable":true,"href":"https:\/\/www.dreamonme.ca\/fr\/wp-json\/wp\/v2\/product_cat?post=45632"},{"taxonomy":"product_tag","embeddable":true,"href":"https:\/\/www.dreamonme.ca\/fr\/wp-json\/wp\/v2\/product_tag?post=45632"}],"curies":[{"name":"wp","href":"https:\/\/api.w.org\/{rel}","templated":true}]}}