{"id":45818,"date":"2025-05-07T04:57:35","date_gmt":"2025-05-07T08:57:35","guid":{"rendered":"https:\/\/dreamonme.ca\/?post_type=product&#038;p=45818"},"modified":"2025-05-07T05:23:27","modified_gmt":"2025-05-07T09:23:27","slug":"fisher-price-hello-rainbow-mattress","status":"publish","type":"product","link":"https:\/\/www.dreamonme.ca\/fr\/products\/mattresses\/full-size-crib-mattresses\/fisher-price-hello-rainbow-mattress\/","title":{"rendered":"Fisher Price Hello Rainbow Matelas"},"content":{"rendered":"<p>D\u00e9couvrez le matelas Hello Rainbow de Fisher-Price\u2122 de Dream On Me qui allie confort, durabilit\u00e9 et s\u00e9curit\u00e9 dans une conception \u00e0 laquelle les parents peuvent faire confiance. Dot\u00e9 d'une construction robuste et de soutien avec des ressorts m\u00e9talliques et des fibres de polyester, ce matelas offre l'\u00e9quilibre parfait pour un sommeil r\u00e9parateur. La housse en vinyle imperm\u00e9able prot\u00e8ge contre les d\u00e9versements et les mat\u00e9riaux ignifuges r\u00e9pondent aux normes de s\u00e9curit\u00e9 pour assurer la tranquillit\u00e9 d'esprit. Con\u00e7u dans un blanc doux avec un imprim\u00e9 gris classique, ce matelas offre un ajout \u00e9l\u00e9gant et fonctionnel \u00e0 toute chambre d'enfant.<\/p>\n<p><\/p>\n<p class=\"jpma-ggg\" style=\"text-align: center;\"><a href=\"https:\/\/dreamonme.com\/jpma-certification\/\" target=\"_blank\" rel=\"noopener noreferrer\"><img decoding=\"async\" class=\"finalist\" style=\"max-width: 128px !important; width: 30%; display: inline-block; padding: 5px;\" src=\"https:\/\/dreamonme.ca\/wp-content\/uploads\/JPMA-Certified-01.png\" alt=\"JPMA Certified\" \/><\/a><a href=\"https:\/\/dreamonme.com\/what-is-greenguard-gold-certification\/\" target=\"_blank\" rel=\"noopener noreferrer\"><img decoding=\"async\" class=\"finalist\" style=\"max-width: 128px !important; margin-top: 5px; margin-left: 30px; width: 30%; display: inline-block; padding: 5px;\" src=\"https:\/\/dreamonme.ca\/wp-content\/uploads\/Greenguard-Gold-Logo-01.png\" alt=\"GREENGUARD GOLD Certified\" \/><\/a><\/p>\n<style>\n@font-face{font-family:maax-medium;src:url('https:\/\/dreamonme.ca\/fonts\/maax.ttf') format('ttf'),url('https:\/\/dreamonme.ca\/fonts\/maax.woff') format('woff')}.woocommerce-tabs p{font-family:maax-medium !important;}.product_meta p span span, .product_meta p span a,.shop_attributes tbody tr td,.sweet_drms_ul li,.user-manual-btn a span, .post-title h3 a{font-family: maax-medium !important;}{font-family:maax-medium !important;}@font-face{font-family:letsbeglyphscyr;src:url('https:\/\/dreamonme.ca\/fonts\/letsbeglyphscyr-regular-webfont.ttf') format('ttf'),url('https:\/\/dreamonme.ca\/fonts\/letsbeglyphscyr-regular-webfont.woff') format('woff')}.product-information .post .post-title h1,.product-information label[for=color],.product_meta p,ul.accordion>li.active .content li strong,ul.accordion>li.active .content p strong,ul.accordion>li.active div.title,ul.accordion>li>div.title,.shop_attributes tbody tr th,header.post-title h1.entry-title, .related.products h2{font-family:letsbeglyphscyr!important;font-weight: 600 !important;}\n@media (min-width:767px){.split-img-2 img {width: 48%;float:left;margin:1%;}}\n<\/style>","protected":false},"excerpt":{"rendered":"<p>Meet the Fisher-Price&#x2122; by Dream On Me Hello Rainbow Mattress that combines comfort, durability, and safety in a design parents can trust. Featuring a sturdy, supportive build with metal springs and polyester fiber, this mattress provides the perfect balance for restful sleep. The waterproof vinyl cover protects against spills, and the flame-retardant materials meet safety [&hellip;]<\/p>","protected":false},"featured_media":45804,"comment_status":"closed","ping_status":"closed","template":"","meta":[],"product_cat":[131],"product_tag":[],"class_list":["post-45818","product","type-product","status-publish","has-post-thumbnail","hentry","product_cat-full-size-crib-mattresses"],"_links":{"self":[{"href":"https:\/\/www.dreamonme.ca\/fr\/wp-json\/wp\/v2\/product\/45818","targetHints":{"allow":["GET"]}}],"collection":[{"href":"https:\/\/www.dreamonme.ca\/fr\/wp-json\/wp\/v2\/product"}],"about":[{"href":"https:\/\/www.dreamonme.ca\/fr\/wp-json\/wp\/v2\/types\/product"}],"replies":[{"embeddable":true,"href":"https:\/\/www.dreamonme.ca\/fr\/wp-json\/wp\/v2\/comments?post=45818"}],"wp:featuredmedia":[{"embeddable":true,"href":"https:\/\/www.dreamonme.ca\/fr\/wp-json\/wp\/v2\/media\/45804"}],"wp:attachment":[{"href":"https:\/\/www.dreamonme.ca\/fr\/wp-json\/wp\/v2\/media?parent=45818"}],"wp:term":[{"taxonomy":"product_cat","embeddable":true,"href":"https:\/\/www.dreamonme.ca\/fr\/wp-json\/wp\/v2\/product_cat?post=45818"},{"taxonomy":"product_tag","embeddable":true,"href":"https:\/\/www.dreamonme.ca\/fr\/wp-json\/wp\/v2\/product_tag?post=45818"}],"curies":[{"name":"wp","href":"https:\/\/api.w.org\/{rel}","templated":true}]}}