{"id":46029,"date":"2025-05-09T09:20:02","date_gmt":"2025-05-09T13:20:02","guid":{"rendered":"https:\/\/dreamonme.ca\/?post_type=product&#038;p=46029"},"modified":"2025-05-09T10:08:04","modified_gmt":"2025-05-09T14:08:04","slug":"bayfield-5-in-1-convertible-crib","status":"publish","type":"product","link":"https:\/\/www.dreamonme.ca\/fr\/products\/cribs\/full-size-cribs\/bayfield-5-in-1-convertible-crib\/","title":{"rendered":"Bayfield Lit de b\u00e9b\u00e9 convertible 5 en 1"},"content":{"rendered":"<p>Cr\u00e9ez une oasis s\u00fbre, douillette et confortable pour votre adorable petit b\u00e9b\u00e9 avec le berceau convertible Bayfield 5 en 1 de Slumber Baby. Ce berceau intemporel et \u00e9l\u00e9gant est con\u00e7u pour grandir avec votre tout-petit en se transformant magnifiquement en lit pour tout-petit, en lit de repos et en lit pleine grandeur (lit pour tout-petit et barri\u00e8res de s\u00e9curit\u00e9 pour lit pleine grandeur vendues s\u00e9par\u00e9ment). Conforme aux normes de s\u00e9curit\u00e9 les plus strictes, le berceau convertible 5 en 1 Slumber Baby Bayfield est dot\u00e9 d'une certification JPMA et Greenguard Gold et r\u00e9pond\/d\u00e9passe les normes ASTM et CPSC. Con\u00e7u pour durer avec du bois de pin de Nouvelle-Z\u00e9lande robuste et durable, ce berceau solide constitue la pi\u00e8ce ma\u00eetresse parfaite dans votre chambre d'enfant moderne. Facile \u00e0 rep\u00e9rer ou \u00e0 nettoyer, le berceau convertible 5 en 1 Bayfield assure un entretien sans tracas. Cr\u00e9ez un espace de chambre d'enfant unique en son genre avec ce berceau soigneusement con\u00e7u, disponible dans des finitions au charme unique. Les dimensions du produit sont de 55\" L x 29\" L x 44\" H, avec un poids de 51 lb et une limite de poids maximale de 50 lb.<\/p>\n<p><\/p>\n<p class=\"jpma-ggg\" style=\"text-align: center;\"><a href=\"https:\/\/dreamonme.com\/jpma-certification\/\" target=\"_blank\" rel=\"noopener noreferrer\"><img decoding=\"async\" class=\"finalist\" style=\"max-width: 128px !important; width: 30%; display: inline-block; padding: 5px;\" src=\"https:\/\/dreamonme.ca\/wp-content\/uploads\/JPMA-Certified-01.png\" alt=\"JPMA Certified\" \/><\/a><a href=\"https:\/\/dreamonme.com\/what-is-greenguard-gold-certification\/\" target=\"_blank\" rel=\"noopener noreferrer\"><img decoding=\"async\" class=\"finalist\" style=\"max-width: 128px !important; margin-top: 5px; margin-left: 30px; width: 30%; display: inline-block; padding: 5px;\" src=\"https:\/\/dreamonme.ca\/wp-content\/uploads\/Greenguard-Gold-Logo-01.png\" alt=\"GREENGUARD GOLD Certified\" \/><\/a><\/p>","protected":false},"excerpt":{"rendered":"<p>Make a safe, snug &#038; cozy oasis for your sweet lil\u2019 baby with the Bayfield 5-in-1 Convertible Crib from Slumber Baby. This timeless, elegant crib is crafted to grow with your little one by beautifully transitioning into a toddler bed, daybed and full-size bed (Toddler Bed &#038; Full Size Bed Guard Rails sold separately). Adhering [&hellip;]<\/p>","protected":false},"featured_media":46006,"comment_status":"closed","ping_status":"closed","template":"","meta":[],"product_cat":[15],"product_tag":[],"class_list":["post-46029","product","type-product","status-publish","has-post-thumbnail","hentry","product_cat-full-size-cribs"],"_links":{"self":[{"href":"https:\/\/www.dreamonme.ca\/fr\/wp-json\/wp\/v2\/product\/46029","targetHints":{"allow":["GET"]}}],"collection":[{"href":"https:\/\/www.dreamonme.ca\/fr\/wp-json\/wp\/v2\/product"}],"about":[{"href":"https:\/\/www.dreamonme.ca\/fr\/wp-json\/wp\/v2\/types\/product"}],"replies":[{"embeddable":true,"href":"https:\/\/www.dreamonme.ca\/fr\/wp-json\/wp\/v2\/comments?post=46029"}],"wp:featuredmedia":[{"embeddable":true,"href":"https:\/\/www.dreamonme.ca\/fr\/wp-json\/wp\/v2\/media\/46006"}],"wp:attachment":[{"href":"https:\/\/www.dreamonme.ca\/fr\/wp-json\/wp\/v2\/media?parent=46029"}],"wp:term":[{"taxonomy":"product_cat","embeddable":true,"href":"https:\/\/www.dreamonme.ca\/fr\/wp-json\/wp\/v2\/product_cat?post=46029"},{"taxonomy":"product_tag","embeddable":true,"href":"https:\/\/www.dreamonme.ca\/fr\/wp-json\/wp\/v2\/product_tag?post=46029"}],"curies":[{"name":"wp","href":"https:\/\/api.w.org\/{rel}","templated":true}]}}