{"id":46031,"date":"2025-05-12T05:07:38","date_gmt":"2025-05-12T09:07:38","guid":{"rendered":"https:\/\/dreamonme.ca\/?post_type=product&#038;p=46031"},"modified":"2025-05-12T06:14:50","modified_gmt":"2025-05-12T10:14:50","slug":"brody-5-in-1-convertible-crib-with-changer","status":"publish","type":"product","link":"https:\/\/www.dreamonme.ca\/fr\/products\/cribs\/full-size-cribs\/brody-5-in-1-convertible-crib-with-changer\/","title":{"rendered":"Brody Lit de b\u00e9b\u00e9 convertible 5 en 1 avec table \u00e0 langer"},"content":{"rendered":"<p>Le lit de b\u00e9b\u00e9 convertible 5 en 1 Brody avec table \u00e0 langer est le meuble dont votre chambre d'enfant ne peut se passer ! Dot\u00e9 de nombreuses fonctionnalit\u00e9s, il grandit avec votre enfant, ce qui en fait un incontournable ! Transformez-le d'un berceau en lit pour tout-petit, en lit de jour, puis en lit pleine grandeur (barri\u00e8re de s\u00e9curit\u00e9 pour tout-petit n\u00b0 692 et poteau de conversion n\u00b0 699 vendus s\u00e9par\u00e9ment). Ce berceau est \u00e9quip\u00e9 d'un syst\u00e8me de rails stationnaires (c\u00f4t\u00e9 non abaissable) pour plus de s\u00e9curit\u00e9 et de r\u00e9glages pratiques du matelas \u00e0 trois hauteurs. Et ce n\u2019est pas tout ! Le Brody est livr\u00e9 avec une table \u00e0 langer amovible \u00e0 trois tiroirs ! La table est \u00e9quip\u00e9e d'un matelas \u00e0 langer sur mesure de 2,5 cm et d'une courroie de s\u00e9curit\u00e9 avec boucle \u00e0 d\u00e9gagement facile pour s\u00e9curiser b\u00e9b\u00e9. Les 3 tiroirs spacieux sont parfaits pour ranger les articles essentiels de b\u00e9b\u00e9. Fabriqu\u00e9 en pin durable, le Brody pr\u00e9sente un design \u00e9l\u00e9gant et classique qui s'int\u00e8gre parfaitement \u00e0 tout d\u00e9cor de chambre d'enfant. Choisissez parmi de magnifiques finitions. Tous les lits b\u00e9b\u00e9 Dream On Me sont test\u00e9s pour garantir le respect des normes ASTM et JPMA applicables. Dimensions du produit\u00a0: 69 L x 33.2 W x 39.1 H pouces. Choisissez le matelas standard Dream On Me non toxique et certifi\u00e9 Greenguard pour un ajustement parfait. Tous les outils de montage sont inclus.<\/p>\n<p><\/p>\n<p class=\"jpma-ggg\" style=\"text-align: center;\"><a href=\"https:\/\/dreamonme.com\/jpma-certification\/\" target=\"_blank\" rel=\"noopener noreferrer\"><img decoding=\"async\" class=\"finalist\" style=\"max-width: 128px !important; width: 30%; display: inline-block; padding: 5px;\" src=\"https:\/\/dreamonme.ca\/wp-content\/uploads\/JPMA-Certified-01.png\" alt=\"JPMA Certified\" \/><\/a><a href=\"https:\/\/dreamonme.com\/what-is-greenguard-gold-certification\/\" target=\"_blank\" rel=\"noopener noreferrer\"><img decoding=\"async\" class=\"finalist\" style=\"max-width: 128px !important; margin-top: 5px; margin-left: 30px; width: 30%; display: inline-block; padding: 5px;\" src=\"https:\/\/dreamonme.ca\/wp-content\/uploads\/Greenguard-Gold-Logo-01.png\" alt=\"GREENGUARD GOLD Certified\" \/><\/a><\/p>","protected":false},"excerpt":{"rendered":"<p>The Brody 5-in-1 Convertible Crib with Changer is the piece of furniture your nursery cannot do without! Laden with features, it grows with your child, making it a must-have! Convert it from a crib to a toddler bed, a day bed and then a full-size bed (Toddler Guard Rail #692 &#038; Conversion Post #699 sold [&hellip;]<\/p>","protected":false},"featured_media":46070,"comment_status":"closed","ping_status":"closed","template":"","meta":[],"product_cat":[15],"product_tag":[],"class_list":["post-46031","product","type-product","status-publish","has-post-thumbnail","hentry","product_cat-full-size-cribs"],"_links":{"self":[{"href":"https:\/\/www.dreamonme.ca\/fr\/wp-json\/wp\/v2\/product\/46031","targetHints":{"allow":["GET"]}}],"collection":[{"href":"https:\/\/www.dreamonme.ca\/fr\/wp-json\/wp\/v2\/product"}],"about":[{"href":"https:\/\/www.dreamonme.ca\/fr\/wp-json\/wp\/v2\/types\/product"}],"replies":[{"embeddable":true,"href":"https:\/\/www.dreamonme.ca\/fr\/wp-json\/wp\/v2\/comments?post=46031"}],"wp:featuredmedia":[{"embeddable":true,"href":"https:\/\/www.dreamonme.ca\/fr\/wp-json\/wp\/v2\/media\/46070"}],"wp:attachment":[{"href":"https:\/\/www.dreamonme.ca\/fr\/wp-json\/wp\/v2\/media?parent=46031"}],"wp:term":[{"taxonomy":"product_cat","embeddable":true,"href":"https:\/\/www.dreamonme.ca\/fr\/wp-json\/wp\/v2\/product_cat?post=46031"},{"taxonomy":"product_tag","embeddable":true,"href":"https:\/\/www.dreamonme.ca\/fr\/wp-json\/wp\/v2\/product_tag?post=46031"}],"curies":[{"name":"wp","href":"https:\/\/api.w.org\/{rel}","templated":true}]}}