{"id":46088,"date":"2025-05-12T06:23:57","date_gmt":"2025-05-12T10:23:57","guid":{"rendered":"https:\/\/dreamonme.ca\/?post_type=product&#038;p=46088"},"modified":"2025-05-12T08:17:03","modified_gmt":"2025-05-12T12:17:03","slug":"edgewood-4-in-1-convertible-mini-crib","status":"publish","type":"product","link":"https:\/\/www.dreamonme.ca\/fr\/products\/cribs\/mini-cribs\/edgewood-4-in-1-convertible-mini-crib\/","title":{"rendered":"Edgewood Petit berceau convertible 4 en 1"},"content":{"rendered":"<p>Le mini-lit convertible 4 en 1 Edgewood est le meuble de chambre d'enfant id\u00e9al dont vous avez besoin pour r\u00e9pondre aux besoins changeants de votre enfant en pleine croissance. \u00c0 l'origine un mini-berceau, vous pouvez le transformer en mini-lit de repos et en lit simple (barri\u00e8res de lit vendues s\u00e9par\u00e9ment) \u00e0 mesure que les besoins de votre enfant \u00e9voluent. Construit en pin massif, l'Edgewood pr\u00e9sente un design contemporain et \u00e9l\u00e9gant. Il prend peu de place, est id\u00e9al pour les chambres d'enfants compactes ou lorsque vous partagez votre chambre avec votre b\u00e9b\u00e9. Vous pouvez choisir parmi sept finitions agr\u00e9ables et les m\u00e9langer et les agencer avec d'autres meubles, tapis, diff\u00e9rents motifs et textures pour cr\u00e9er une chambre d'enfant moderne. Le lit de b\u00e9b\u00e9 est dot\u00e9 d'un matelas r\u00e9glable en hauteur sur 3 positions, adaptable \u00e0 la croissance de votre enfant, et est fourni avec un surmatelas r\u00e9glementaire de 2,5 cm. Choisissez un matelas Dream On Me non toxique et certifi\u00e9 Greenguard Gold pour un ajustement parfait. Chez Dream On Me, la s\u00e9curit\u00e9 est notre priorit\u00e9. Tous nos lits d'enfant sont certifi\u00e9s JPMA et test\u00e9s pour la pr\u00e9sence de plomb et d'autres \u00e9l\u00e9ments toxiques, afin de respecter, voire de d\u00e9passer, les normes de s\u00e9curit\u00e9 gouvernementales et ASTM.<\/p>","protected":false},"excerpt":{"rendered":"<p>The Edgewood 4-in-1 Convertible Mini Crib is the ideal piece of nursery furniture that you need to match the changing needs of your growing child. Starting as a mini crib, you can convert it into a mini daybed and twin-size bed (bed rails sold separately) as your child\u2019s needs change. Built of solid pinewood, the [&hellip;]<\/p>","protected":false},"featured_media":46108,"comment_status":"closed","ping_status":"closed","template":"","meta":[],"product_cat":[35],"product_tag":[],"class_list":["post-46088","product","type-product","status-publish","has-post-thumbnail","hentry","product_cat-mini-cribs"],"_links":{"self":[{"href":"https:\/\/www.dreamonme.ca\/fr\/wp-json\/wp\/v2\/product\/46088","targetHints":{"allow":["GET"]}}],"collection":[{"href":"https:\/\/www.dreamonme.ca\/fr\/wp-json\/wp\/v2\/product"}],"about":[{"href":"https:\/\/www.dreamonme.ca\/fr\/wp-json\/wp\/v2\/types\/product"}],"replies":[{"embeddable":true,"href":"https:\/\/www.dreamonme.ca\/fr\/wp-json\/wp\/v2\/comments?post=46088"}],"wp:featuredmedia":[{"embeddable":true,"href":"https:\/\/www.dreamonme.ca\/fr\/wp-json\/wp\/v2\/media\/46108"}],"wp:attachment":[{"href":"https:\/\/www.dreamonme.ca\/fr\/wp-json\/wp\/v2\/media?parent=46088"}],"wp:term":[{"taxonomy":"product_cat","embeddable":true,"href":"https:\/\/www.dreamonme.ca\/fr\/wp-json\/wp\/v2\/product_cat?post=46088"},{"taxonomy":"product_tag","embeddable":true,"href":"https:\/\/www.dreamonme.ca\/fr\/wp-json\/wp\/v2\/product_tag?post=46088"}],"curies":[{"name":"wp","href":"https:\/\/api.w.org\/{rel}","templated":true}]}}